{"id":932,"date":"2026-01-04T10:38:32","date_gmt":"2026-01-04T10:38:32","guid":{"rendered":"https:\/\/thedishhead.com\/?post_type=product&#038;p=932"},"modified":"2026-01-04T10:38:32","modified_gmt":"2026-01-04T10:38:32","slug":"304-stainless-steel-semi-spherical-head-stamped-hemisphere","status":"publish","type":"product","link":"https:\/\/thedishhead.com\/pt\/304-stainless-steel-semi-spherical-head-stamped-hemisphere\/","title":{"rendered":"Hemisf\u00e9rio estampado com cabe\u00e7a semi-esf\u00e9rica em a\u00e7o inoxid\u00e1vel 304"},"content":{"rendered":"<p data-start=\"367\" data-end=\"836\">O hemisf\u00e9rio estampado de cabe\u00e7a semi-esf\u00e9rica em a\u00e7o inoxid\u00e1vel 304 \u00e9 fabricado para um desempenho fi\u00e1vel em utiliza\u00e7\u00f5es industriais e decorativas. Fabricado em SS304, proporciona uma boa resist\u00eancia \u00e0 corros\u00e3o e durabilidade, tornando-o adequado para equipamento exposto \u00e0 humidade, produtos qu\u00edmicos suaves e condi\u00e7\u00f5es exteriores. O processo de estampagem forma uma curvatura exacta e dimens\u00f5es est\u00e1veis, ajudando a garantir um ajuste consistente e um aspeto limpo.<\/p>\n<p data-start=\"838\" data-end=\"1086\">Estes hemisf\u00e9rios s\u00e3o normalmente utilizados para componentes de reservat\u00f3rios e recipientes, fechos de extremidade, c\u00fapulas e fabrico de metal personalizado. Tamb\u00e9m podem ser aplicados em decora\u00e7\u00e3o arquitet\u00f3nica, esculturas e projectos de exposi\u00e7\u00e3o quando \u00e9 necess\u00e1ria uma forma arredondada suave.<\/p>\n<p data-start=\"1088\" data-end=\"1427\" data-is-last-node=\"\" data-is-only-node=\"\">Oferecemos v\u00e1rios di\u00e2metros, espessuras e op\u00e7\u00f5es de acabamento, tais como polimento escovado ou espelhado. Os pormenores de prepara\u00e7\u00e3o e fabrico dos rebordos podem ser personalizados de acordo com os desenhos, incluindo aparas, chanfros ou toler\u00e2ncias de soldadura. A inspe\u00e7\u00e3o de qualidade e a embalagem segura est\u00e3o dispon\u00edveis para apoiar os requisitos do projeto e a entrega segura.<\/p>","protected":false},"excerpt":{"rendered":"<p>O hemisf\u00e9rio estampado com cabe\u00e7a semi-esf\u00e9rica em a\u00e7o inoxid\u00e1vel 304 \u00e9 formado com precis\u00e3o para tanques, recipientes e aplica\u00e7\u00f5es decorativas. Oferece boa resist\u00eancia \u00e0 corros\u00e3o, qualidade de superf\u00edcie lisa e curvatura consistente. Dispon\u00edvel em v\u00e1rios di\u00e2metros e espessuras com polimento opcional e prepara\u00e7\u00e3o personalizada dos bordos<\/p>","protected":false},"featured_media":675,"template":"","meta":{"_gspb_post_css":""},"product_brand":[],"product_cat":[20],"product_tag":[307,309,308],"class_list":{"0":"post-932","1":"product","2":"type-product","3":"status-publish","4":"has-post-thumbnail","6":"product_cat-hemispherical-head","7":"product_tag-304-stainless-steel-hemisphere","8":"product_tag-stainless-steel-dome-cap","9":"product_tag-stamped-semi-spherical-head","11":"first","12":"instock","13":"shipping-taxable","14":"product-type-simple"},"_links":{"self":[{"href":"https:\/\/thedishhead.com\/pt\/wp-json\/wp\/v2\/product\/932","targetHints":{"allow":["GET"]}}],"collection":[{"href":"https:\/\/thedishhead.com\/pt\/wp-json\/wp\/v2\/product"}],"about":[{"href":"https:\/\/thedishhead.com\/pt\/wp-json\/wp\/v2\/types\/product"}],"wp:featuredmedia":[{"embeddable":true,"href":"https:\/\/thedishhead.com\/pt\/wp-json\/wp\/v2\/media\/675"}],"wp:attachment":[{"href":"https:\/\/thedishhead.com\/pt\/wp-json\/wp\/v2\/media?parent=932"}],"wp:term":[{"taxonomy":"product_brand","embeddable":true,"href":"https:\/\/thedishhead.com\/pt\/wp-json\/wp\/v2\/product_brand?post=932"},{"taxonomy":"product_cat","embeddable":true,"href":"https:\/\/thedishhead.com\/pt\/wp-json\/wp\/v2\/product_cat?post=932"},{"taxonomy":"product_tag","embeddable":true,"href":"https:\/\/thedishhead.com\/pt\/wp-json\/wp\/v2\/product_tag?post=932"}],"curies":[{"name":"wp","href":"https:\/\/api.w.org\/{rel}","templated":true}]}}