{"id":905,"date":"2026-01-04T08:18:13","date_gmt":"2026-01-04T08:18:13","guid":{"rendered":"https:\/\/thedishhead.com\/?post_type=product&#038;p=905"},"modified":"2026-01-04T08:18:13","modified_gmt":"2026-01-04T08:18:13","slug":"high-quality-mild-steel-hemispherical-dished-head-manufacturer","status":"publish","type":"product","link":"https:\/\/thedishhead.com\/pt\/high-quality-mild-steel-hemispherical-dished-head-manufacturer\/","title":{"rendered":"Cabe\u00e7a c\u00f4ncava hemisf\u00e9rica de a\u00e7o macio de alta qualidade Fabricante"},"content":{"rendered":"<p>Como um fabricante de Cabe\u00e7a de disco hemisf\u00e9rica de a\u00e7o macio de alta qualidade, n\u00f3s fornecemos cabe\u00e7as de vaso dur\u00e1veis projetadas para tanques, caldeiras e fabrica\u00e7\u00e3o de vasos de press\u00e3o. A forma hemisf\u00e9rica oferece uma excelente distribui\u00e7\u00e3o de tens\u00f5es, tornando-a ideal para aplica\u00e7\u00f5es de alta press\u00e3o e melhorando a integridade geral do recipiente. Produzidas a partir de a\u00e7o macio de qualidade, estas cabe\u00e7as proporcionam uma boa soldabilidade e uma resist\u00eancia econ\u00f3mica para utiliza\u00e7\u00e3o industrial. Aplicamos processos de conforma\u00e7\u00e3o controlados e uma inspe\u00e7\u00e3o dimensional rigorosa para garantir uma curvatura precisa, superf\u00edcies lisas e um ajuste consistente para resultados de soldadura est\u00e1veis. A personaliza\u00e7\u00e3o est\u00e1 dispon\u00edvel para o di\u00e2metro, espessura, altura da flange reta e prepara\u00e7\u00e3o da aresta (bisel\/plana), juntamente com prim\u00e1rio opcional, pintura ou revestimentos anti-corros\u00e3o para ambientes exteriores ou agressivos. Amplamente utilizadas no processamento qu\u00edmico, no tratamento de \u00e1gua, na energia e no fabrico geral, as nossas cabe\u00e7as esf\u00e9ricas esf\u00e9ricas oferecem uma veda\u00e7\u00e3o fi\u00e1vel, uma longa vida \u00fatil e um suporte de fabrico eficiente para encomendas de projectos e OEM.<\/p>","protected":false},"excerpt":{"rendered":"<p>Cabe\u00e7as esf\u00e9ricas hemisf\u00e9ricas de a\u00e7o macio de alta qualidade fabricadas para reservat\u00f3rios e recipientes sob press\u00e3o. Formadas com precis\u00e3o para um desempenho de press\u00e3o forte, veda\u00e7\u00e3o fi\u00e1vel e soldadura f\u00e1cil. Di\u00e2metros, espessuras, arestas biseladas e revestimentos de superf\u00edcie personalizados dispon\u00edveis para fabrico industrial e fornecimento OEM.<\/p>","protected":false},"featured_media":390,"template":"","meta":{"_gspb_post_css":""},"product_brand":[],"product_cat":[20],"product_tag":[175,269,270],"class_list":{"0":"post-905","1":"product","2":"type-product","3":"status-publish","4":"has-post-thumbnail","6":"product_cat-hemispherical-head","7":"product_tag-custom-tank-end-closures","8":"product_tag-mild-steel-hemispherical-heads","9":"product_tag-pressure-vessel-dished-head-manufacturer","11":"first","12":"instock","13":"shipping-taxable","14":"product-type-simple"},"_links":{"self":[{"href":"https:\/\/thedishhead.com\/pt\/wp-json\/wp\/v2\/product\/905","targetHints":{"allow":["GET"]}}],"collection":[{"href":"https:\/\/thedishhead.com\/pt\/wp-json\/wp\/v2\/product"}],"about":[{"href":"https:\/\/thedishhead.com\/pt\/wp-json\/wp\/v2\/types\/product"}],"wp:featuredmedia":[{"embeddable":true,"href":"https:\/\/thedishhead.com\/pt\/wp-json\/wp\/v2\/media\/390"}],"wp:attachment":[{"href":"https:\/\/thedishhead.com\/pt\/wp-json\/wp\/v2\/media?parent=905"}],"wp:term":[{"taxonomy":"product_brand","embeddable":true,"href":"https:\/\/thedishhead.com\/pt\/wp-json\/wp\/v2\/product_brand?post=905"},{"taxonomy":"product_cat","embeddable":true,"href":"https:\/\/thedishhead.com\/pt\/wp-json\/wp\/v2\/product_cat?post=905"},{"taxonomy":"product_tag","embeddable":true,"href":"https:\/\/thedishhead.com\/pt\/wp-json\/wp\/v2\/product_tag?post=905"}],"curies":[{"name":"wp","href":"https:\/\/api.w.org\/{rel}","templated":true}]}}