{"id":902,"date":"2026-01-04T07:43:30","date_gmt":"2026-01-04T07:43:30","guid":{"rendered":"https:\/\/thedishhead.com\/?post_type=product&#038;p=902"},"modified":"2026-01-04T07:43:31","modified_gmt":"2026-01-04T07:43:31","slug":"china-custom-steel-outdoor-fire-pit-wholesale-supplier","status":"publish","type":"product","link":"https:\/\/thedishhead.com\/pt\/china-custom-steel-outdoor-fire-pit-wholesale-supplier\/","title":{"rendered":"Fornecedor grossista de fogueira exterior de a\u00e7o personalizado da China"},"content":{"rendered":"<p>A nossa fogueira de exterior em a\u00e7o personalizada da China foi concebida para proporcionar calor e estilo a p\u00e1tios, jardins, est\u00e2ncias tur\u00edsticas e \u00e1reas de campismo. Fabricado em a\u00e7o forte e resistente ao calor, proporciona um desempenho fi\u00e1vel para uma utiliza\u00e7\u00e3o repetida no exterior. Oferecemos v\u00e1rios modelos, tais como ta\u00e7as de fogo com pernas est\u00e1veis e pegas laterais para facilitar a desloca\u00e7\u00e3o, al\u00e9m de op\u00e7\u00f5es modernas de revestimento para uma maior resist\u00eancia \u00e0s intemp\u00e9ries. Como fornecedor grossista, apoiamos a personaliza\u00e7\u00e3o OEM\/ODM para tamanho, espessura, forma, log\u00f3tipo, embalagem e acabamento de superf\u00edcie, incluindo pintura a alta temperatura ou revestimento em p\u00f3. Cada po\u00e7o de fogo \u00e9 fabricado com soldadura est\u00e1vel e arestas suaves para melhorar a seguran\u00e7a e a vida \u00fatil. Quer necessite de um fornecimento a granel para os mercados retalhistas ou de encomendas baseadas em projectos para espa\u00e7os exteriores, os nossos po\u00e7os de fogo em a\u00e7o personalizados proporcionam uma solu\u00e7\u00e3o rent\u00e1vel e pronta para exporta\u00e7\u00e3o para aquecimento e entretenimento no exterior.<\/p>","protected":false},"excerpt":{"rendered":"<p>Os po\u00e7os de fogo exteriores em a\u00e7o personalizados da China s\u00e3o dur\u00e1veis, resistentes ao calor e constru\u00eddos para uma utiliza\u00e7\u00e3o exterior a longo prazo. Dispon\u00edveis em v\u00e1rios tamanhos, formas e acabamentos (pintados\/revestidos a p\u00f3). Ideal para p\u00e1tios, jardins, acampamentos e reuni\u00f5es ao ar livre. Suportado por OEM\/ODM.<\/p>","protected":false},"featured_media":500,"template":"","meta":{"_gspb_post_css":""},"product_brand":[],"product_cat":[22],"product_tag":[],"class_list":{"0":"post-902","1":"product","2":"type-product","3":"status-publish","4":"has-post-thumbnail","6":"product_cat-firepit-bowl","8":"first","9":"instock","10":"shipping-taxable","11":"product-type-simple"},"_links":{"self":[{"href":"https:\/\/thedishhead.com\/pt\/wp-json\/wp\/v2\/product\/902","targetHints":{"allow":["GET"]}}],"collection":[{"href":"https:\/\/thedishhead.com\/pt\/wp-json\/wp\/v2\/product"}],"about":[{"href":"https:\/\/thedishhead.com\/pt\/wp-json\/wp\/v2\/types\/product"}],"wp:featuredmedia":[{"embeddable":true,"href":"https:\/\/thedishhead.com\/pt\/wp-json\/wp\/v2\/media\/500"}],"wp:attachment":[{"href":"https:\/\/thedishhead.com\/pt\/wp-json\/wp\/v2\/media?parent=902"}],"wp:term":[{"taxonomy":"product_brand","embeddable":true,"href":"https:\/\/thedishhead.com\/pt\/wp-json\/wp\/v2\/product_brand?post=902"},{"taxonomy":"product_cat","embeddable":true,"href":"https:\/\/thedishhead.com\/pt\/wp-json\/wp\/v2\/product_cat?post=902"},{"taxonomy":"product_tag","embeddable":true,"href":"https:\/\/thedishhead.com\/pt\/wp-json\/wp\/v2\/product_tag?post=902"}],"curies":[{"name":"wp","href":"https:\/\/api.w.org\/{rel}","templated":true}]}}