{"id":899,"date":"2026-01-04T08:09:56","date_gmt":"2026-01-04T08:09:56","guid":{"rendered":"https:\/\/thedishhead.com\/?post_type=product&#038;p=899"},"modified":"2026-01-13T06:10:17","modified_gmt":"2026-01-13T06:10:17","slug":"decorative-stainless-steel-ball-ornaments-for-park-fountain","status":"publish","type":"product","link":"https:\/\/thedishhead.com\/pt\/decorative-stainless-steel-ball-ornaments-for-park-fountain\/","title":{"rendered":"Ornamentos decorativos em forma de bola em a\u00e7o inoxid\u00e1vel para parques e fontes"},"content":{"rendered":"<p>Bola decorativa em a\u00e7o inoxid\u00e1vel para parques, pra\u00e7as e fontes. Fabricadas em a\u00e7o inoxid\u00e1vel 304\/316 com acabamentos espelhados ou escovados, resistentes \u00e0 corros\u00e3o e \u00e0s intemp\u00e9ries. Op\u00e7\u00f5es ocas ou s\u00f3lidas com di\u00e2metros, espessuras e solu\u00e7\u00f5es de montagem personalizados para projectos paisag\u00edsticos e fornecimento OEM.<\/p>","protected":false},"excerpt":{"rendered":"<p>Os nossos ornamentos decorativos de bolas de a\u00e7o inoxid\u00e1vel para parques e fontes foram concebidos para criar uma pe\u00e7a central moderna e apelativa para paisagens p\u00fablicas e elementos arquitect\u00f3nicos. Fabricados em a\u00e7o inoxid\u00e1vel de alta qualidade, como o 304 ou 316, oferecem uma excelente resist\u00eancia \u00e0 corros\u00e3o e uma longa durabilidade em ambientes exteriores. A superf\u00edcie polida proporciona um efeito refletor brilhante que real\u00e7a fontes, pra\u00e7as, parques, \u00e1reas comerciais e paisagismo de hot\u00e9is, enquanto os acabamentos escovado ou acetinado est\u00e3o dispon\u00edveis para um aspeto mais suave. Fornecemos tanto bolas ocas para instala\u00e7\u00f5es leves de grandes dimens\u00f5es como bolas s\u00f3lidas para aplica\u00e7\u00f5es pesadas. \u00c9 poss\u00edvel personalizar o di\u00e2metro, a espessura da parede, o tipo de material, o acabamento da superf\u00edcie e os m\u00e9todos de montagem ou liga\u00e7\u00e3o para satisfazer os diferentes requisitos do projeto. Com uma conforma\u00e7\u00e3o precisa, soldadura est\u00e1vel e um controlo de qualidade rigoroso, os nossos ornamentos de esferas em a\u00e7o inoxid\u00e1vel proporcionam um aspeto de excel\u00eancia, um desempenho fi\u00e1vel e embalagens prontas para exporta\u00e7\u00e3o para encomendas por grosso e OEM.<\/p>","protected":false},"featured_media":1369,"template":"","meta":{"_gspb_post_css":""},"product_brand":[],"product_cat":[21],"product_tag":[],"class_list":{"0":"post-899","1":"product","2":"type-product","3":"status-publish","4":"has-post-thumbnail","6":"product_cat-stainless-sphere","8":"first","9":"instock","10":"shipping-taxable","11":"product-type-simple"},"_links":{"self":[{"href":"https:\/\/thedishhead.com\/pt\/wp-json\/wp\/v2\/product\/899","targetHints":{"allow":["GET"]}}],"collection":[{"href":"https:\/\/thedishhead.com\/pt\/wp-json\/wp\/v2\/product"}],"about":[{"href":"https:\/\/thedishhead.com\/pt\/wp-json\/wp\/v2\/types\/product"}],"wp:featuredmedia":[{"embeddable":true,"href":"https:\/\/thedishhead.com\/pt\/wp-json\/wp\/v2\/media\/1369"}],"wp:attachment":[{"href":"https:\/\/thedishhead.com\/pt\/wp-json\/wp\/v2\/media?parent=899"}],"wp:term":[{"taxonomy":"product_brand","embeddable":true,"href":"https:\/\/thedishhead.com\/pt\/wp-json\/wp\/v2\/product_brand?post=899"},{"taxonomy":"product_cat","embeddable":true,"href":"https:\/\/thedishhead.com\/pt\/wp-json\/wp\/v2\/product_cat?post=899"},{"taxonomy":"product_tag","embeddable":true,"href":"https:\/\/thedishhead.com\/pt\/wp-json\/wp\/v2\/product_tag?post=899"}],"curies":[{"name":"wp","href":"https:\/\/api.w.org\/{rel}","templated":true}]}}