{"id":886,"date":"2026-01-04T07:12:08","date_gmt":"2026-01-04T07:12:08","guid":{"rendered":"https:\/\/thedishhead.com\/?post_type=product&#038;p=886"},"modified":"2026-01-04T07:12:54","modified_gmt":"2026-01-04T07:12:54","slug":"stainless-steel-torispherical-head-for-pressure-vessel-tanks","status":"publish","type":"product","link":"https:\/\/thedishhead.com\/pt\/stainless-steel-torispherical-head-for-pressure-vessel-tanks\/","title":{"rendered":"Cabe\u00e7a Torisf\u00e9rica de A\u00e7o Inoxid\u00e1vel para Tanques de Vasos de Press\u00e3o"},"content":{"rendered":"<p>A nossa cabe\u00e7a torisf\u00e9rica de a\u00e7o inoxid\u00e1vel para reservat\u00f3rios de press\u00e3o foi concebida para um desempenho seguro e duradouro em reservat\u00f3rios e no fabrico de reservat\u00f3rios de press\u00e3o. O perfil torisf\u00e9rico (c\u00f4ncavo) distribui a tens\u00e3o de forma eficiente, tornando-a uma op\u00e7\u00e3o pr\u00e1tica e amplamente utilizada para muitos projectos de reservat\u00f3rios. Fabricado em a\u00e7o inoxid\u00e1vel de primeira qualidade, como o 304 ou 316, oferece uma excelente resist\u00eancia \u00e0 corros\u00e3o para ambientes qu\u00edmicos, alimentares, farmac\u00eauticos e de tratamento de \u00e1gua. Cada cabe\u00e7a \u00e9 produzida com moldagem controlada para garantir dimens\u00f5es precisas, superf\u00edcies lisas e ajuste de soldadura est\u00e1vel. Oferecemos uma personaliza\u00e7\u00e3o flex\u00edvel, incluindo o di\u00e2metro, a espessura, a prepara\u00e7\u00e3o dos bordos (bisel\/plano) e o acabamento da superf\u00edcie para satisfazer diferentes normas e requisitos do projeto. Com um controlo de qualidade fi\u00e1vel e capacidade de fornecimento do fabricante, as nossas cabe\u00e7as torisf\u00e9ricas ajudam a reduzir o risco de fabrico, melhoram a integridade da veda\u00e7\u00e3o e prolongam a vida \u00fatil em aplica\u00e7\u00f5es de press\u00e3o exigentes.<\/p>","protected":false},"excerpt":{"rendered":"<p>Cabe\u00e7as torisf\u00e9ricas em a\u00e7o inoxid\u00e1vel para reservat\u00f3rios de press\u00e3o, moldadas com precis\u00e3o para uma resist\u00eancia e uma veda\u00e7\u00e3o fi\u00e1vel. Resistentes \u00e0 corros\u00e3o (op\u00e7\u00f5es 304\/316) com superf\u00edcie lisa e curvatura consistente. Di\u00e2metro, espessura e bordo biselado personalizados dispon\u00edveis para projectos f\u00e1ceis de soldar e fabricar.<\/p>","protected":false},"featured_media":567,"template":"","meta":{"_gspb_post_css":""},"product_brand":[],"product_cat":[17],"product_tag":[149,125,170],"class_list":{"0":"post-886","1":"product","2":"type-product","3":"status-publish","4":"has-post-thumbnail","6":"product_cat-torispherical-head","7":"product_tag-custom-dished-head-fabrication","8":"product_tag-pressure-vessel-tank-heads","9":"product_tag-stainless-steel-torispherical-heads","11":"first","12":"instock","13":"shipping-taxable","14":"product-type-simple"},"_links":{"self":[{"href":"https:\/\/thedishhead.com\/pt\/wp-json\/wp\/v2\/product\/886","targetHints":{"allow":["GET"]}}],"collection":[{"href":"https:\/\/thedishhead.com\/pt\/wp-json\/wp\/v2\/product"}],"about":[{"href":"https:\/\/thedishhead.com\/pt\/wp-json\/wp\/v2\/types\/product"}],"wp:featuredmedia":[{"embeddable":true,"href":"https:\/\/thedishhead.com\/pt\/wp-json\/wp\/v2\/media\/567"}],"wp:attachment":[{"href":"https:\/\/thedishhead.com\/pt\/wp-json\/wp\/v2\/media?parent=886"}],"wp:term":[{"taxonomy":"product_brand","embeddable":true,"href":"https:\/\/thedishhead.com\/pt\/wp-json\/wp\/v2\/product_brand?post=886"},{"taxonomy":"product_cat","embeddable":true,"href":"https:\/\/thedishhead.com\/pt\/wp-json\/wp\/v2\/product_cat?post=886"},{"taxonomy":"product_tag","embeddable":true,"href":"https:\/\/thedishhead.com\/pt\/wp-json\/wp\/v2\/product_tag?post=886"}],"curies":[{"name":"wp","href":"https:\/\/api.w.org\/{rel}","templated":true}]}}