{"id":884,"date":"2026-01-04T07:15:54","date_gmt":"2026-01-04T07:15:54","guid":{"rendered":"https:\/\/thedishhead.com\/?post_type=product&#038;p=884"},"modified":"2026-01-04T07:28:57","modified_gmt":"2026-01-04T07:28:57","slug":"torispherical-head-for-pressure-vessels-and-industrial-use","status":"publish","type":"product","link":"https:\/\/thedishhead.com\/pt\/torispherical-head-for-pressure-vessels-and-industrial-use\/","title":{"rendered":"Cabe\u00e7a torisf\u00e9rica para vasos de press\u00e3o e uso industrial"},"content":{"rendered":"<p data-start=\"458\" data-end=\"1435\">As cabe\u00e7as torisf\u00e9ricas s\u00e3o normalmente utilizadas em recipientes sob press\u00e3o, tanques de armazenamento e reactores em v\u00e1rias ind\u00fastrias. Estas cabe\u00e7as oferecem uma combina\u00e7\u00e3o de resist\u00eancia, durabilidade e efici\u00eancia de custos, tornando-as ideais para aplica\u00e7\u00f5es exigentes em sectores como o petr\u00f3leo e o g\u00e1s, a qu\u00edmica e a produ\u00e7\u00e3o de energia. O design torisf\u00e9rico, com a sua forma curva e centro refor\u00e7ado, maximiza a resist\u00eancia \u00e0 press\u00e3o, garantindo fiabilidade em condi\u00e7\u00f5es de elevada tens\u00e3o. Fabricadas em a\u00e7o de alta qualidade e concebidas para precis\u00e3o, estas cabe\u00e7as s\u00e3o personaliz\u00e1veis para satisfazerem normas espec\u00edficas do sector. Quer necessite de tamanhos grandes ou pequenos, estas cabe\u00e7as s\u00e3o concebidas para suportar temperaturas e press\u00f5es elevadas, garantindo seguran\u00e7a e efici\u00eancia a longo prazo em opera\u00e7\u00f5es industriais cr\u00edticas. Perfeita para aplica\u00e7\u00f5es soldadas e aparafusadas, a cabe\u00e7a torisf\u00e9rica \u00e9 uma escolha de confian\u00e7a para profissionais que procuram um desempenho \u00f3timo nos seus sistemas de vasos de press\u00e3o.<\/p>","protected":false},"excerpt":{"rendered":"<p>A cabe\u00e7a torisf\u00e9rica \u00e9 um componente de vaso de press\u00e3o de alta qualidade concebido para aplica\u00e7\u00f5es industriais. Fabricada com materiais dur\u00e1veis, proporciona uma for\u00e7a e resist\u00eancia excepcionais sob press\u00e3o. Ideal para tanques, caldeiras e reactores, garante seguran\u00e7a, desempenho e longevidade.<\/p>","protected":false},"featured_media":583,"template":"","meta":{"_gspb_post_css":""},"product_brand":[],"product_cat":[17],"product_tag":[239,93,238],"class_list":{"0":"post-884","1":"product","2":"type-product","3":"status-publish","4":"has-post-thumbnail","6":"product_cat-torispherical-head","7":"product_tag-industrial-tank-heads","8":"product_tag-pressure-vessel-components","9":"product_tag-torispherical-heads","11":"first","12":"instock","13":"shipping-taxable","14":"product-type-simple"},"_links":{"self":[{"href":"https:\/\/thedishhead.com\/pt\/wp-json\/wp\/v2\/product\/884","targetHints":{"allow":["GET"]}}],"collection":[{"href":"https:\/\/thedishhead.com\/pt\/wp-json\/wp\/v2\/product"}],"about":[{"href":"https:\/\/thedishhead.com\/pt\/wp-json\/wp\/v2\/types\/product"}],"wp:featuredmedia":[{"embeddable":true,"href":"https:\/\/thedishhead.com\/pt\/wp-json\/wp\/v2\/media\/583"}],"wp:attachment":[{"href":"https:\/\/thedishhead.com\/pt\/wp-json\/wp\/v2\/media?parent=884"}],"wp:term":[{"taxonomy":"product_brand","embeddable":true,"href":"https:\/\/thedishhead.com\/pt\/wp-json\/wp\/v2\/product_brand?post=884"},{"taxonomy":"product_cat","embeddable":true,"href":"https:\/\/thedishhead.com\/pt\/wp-json\/wp\/v2\/product_cat?post=884"},{"taxonomy":"product_tag","embeddable":true,"href":"https:\/\/thedishhead.com\/pt\/wp-json\/wp\/v2\/product_tag?post=884"}],"curies":[{"name":"wp","href":"https:\/\/api.w.org\/{rel}","templated":true}]}}