{"id":878,"date":"2026-01-04T06:50:44","date_gmt":"2026-01-04T06:50:44","guid":{"rendered":"https:\/\/thedishhead.com\/?post_type=product&#038;p=878"},"modified":"2026-01-04T06:50:44","modified_gmt":"2026-01-04T06:50:44","slug":"flat-head-elliptical-dished-ends-for-pressure-vessel-tank-covers","status":"publish","type":"product","link":"https:\/\/thedishhead.com\/pt\/flat-head-elliptical-dished-ends-for-pressure-vessel-tank-covers\/","title":{"rendered":"Cabe\u00e7as planas e extremidades el\u00edpticas c\u00f3nicas para tampas de reservat\u00f3rios para recipientes sob press\u00e3o"},"content":{"rendered":"<p>As nossas tampas de tanque para recipientes sob press\u00e3o com cabe\u00e7a plana e extremidades el\u00edpticas c\u00f3nicas proporcionam fechos fi\u00e1veis para tanques, caldeiras e recipientes sob press\u00e3o utilizados em aplica\u00e7\u00f5es industriais. As cabe\u00e7as planas oferecem uma solu\u00e7\u00e3o simples e econ\u00f3mica para servi\u00e7o de press\u00e3o baixa a moderada ou coberturas estruturais, enquanto as extremidades el\u00edpticas abauladas (normalmente 2:1) melhoram a distribui\u00e7\u00e3o de tens\u00f5es para um melhor desempenho da press\u00e3o e uma vida \u00fatil mais longa. Fabricadas em a\u00e7o-carbono ou a\u00e7o inoxid\u00e1vel de qualidade, estas cabe\u00e7as s\u00e3o formadas com um controlo dimensional rigoroso para garantir um ajuste preciso, superf\u00edcies lisas e resultados de soldadura consistentes. Apoiamos a personaliza\u00e7\u00e3o em termos de di\u00e2metro, espessura, prepara\u00e7\u00e3o de arestas (bisel\/plano) e tratamentos de superf\u00edcie, tais como pintura com prim\u00e1rio, revestimento anti-corros\u00e3o ou polimento. Adequadas para processamento qu\u00edmico, tratamento de \u00e1gua, energia, alimentos e fabrico geral, as nossas tampas de reservat\u00f3rios proporcionam uma veda\u00e7\u00e3o fi\u00e1vel, resist\u00eancia est\u00e1vel e instala\u00e7\u00e3o eficiente - ajudando a reduzir o tempo de fabrico e o custo global do projeto.<\/p>","protected":false},"excerpt":{"rendered":"<p>Cabe\u00e7as planas e extremidades el\u00edpticas c\u00f3nicas para tampas de reservat\u00f3rios de recipientes sob press\u00e3o, formadas com precis\u00e3o para uma resist\u00eancia e veda\u00e7\u00e3o fi\u00e1vel. Dispon\u00edveis em a\u00e7o-carbono ou a\u00e7o inoxid\u00e1vel com di\u00e2metro, espessura e bordos biselados personalizados para facilitar a soldadura. Ideal para tanques, caldeiras e recipientes industriais.<\/p>","protected":false},"featured_media":690,"template":"","meta":{"_gspb_post_css":""},"product_brand":[],"product_cat":[19],"product_tag":[219,218,217],"class_list":{"0":"post-878","1":"product","2":"type-product","3":"status-publish","4":"has-post-thumbnail","6":"product_cat-flat-dish-head","7":"product_tag-custom-steel-vessel-heads","8":"product_tag-flat-head-elliptical-dished-ends","9":"product_tag-pressure-vessel-tank-covers","11":"first","12":"instock","13":"shipping-taxable","14":"product-type-simple"},"_links":{"self":[{"href":"https:\/\/thedishhead.com\/pt\/wp-json\/wp\/v2\/product\/878","targetHints":{"allow":["GET"]}}],"collection":[{"href":"https:\/\/thedishhead.com\/pt\/wp-json\/wp\/v2\/product"}],"about":[{"href":"https:\/\/thedishhead.com\/pt\/wp-json\/wp\/v2\/types\/product"}],"wp:featuredmedia":[{"embeddable":true,"href":"https:\/\/thedishhead.com\/pt\/wp-json\/wp\/v2\/media\/690"}],"wp:attachment":[{"href":"https:\/\/thedishhead.com\/pt\/wp-json\/wp\/v2\/media?parent=878"}],"wp:term":[{"taxonomy":"product_brand","embeddable":true,"href":"https:\/\/thedishhead.com\/pt\/wp-json\/wp\/v2\/product_brand?post=878"},{"taxonomy":"product_cat","embeddable":true,"href":"https:\/\/thedishhead.com\/pt\/wp-json\/wp\/v2\/product_cat?post=878"},{"taxonomy":"product_tag","embeddable":true,"href":"https:\/\/thedishhead.com\/pt\/wp-json\/wp\/v2\/product_tag?post=878"}],"curies":[{"name":"wp","href":"https:\/\/api.w.org\/{rel}","templated":true}]}}