{"id":872,"date":"2026-01-04T06:34:36","date_gmt":"2026-01-04T06:34:36","guid":{"rendered":"https:\/\/thedishhead.com\/?post_type=product&#038;p=872"},"modified":"2026-01-04T06:34:36","modified_gmt":"2026-01-04T06:34:36","slug":"chinese-hemispherical-head-end-with-customizable-options","status":"publish","type":"product","link":"https:\/\/thedishhead.com\/pt\/chinese-hemispherical-head-end-with-customizable-options\/","title":{"rendered":"Extremidade de cabe\u00e7a hemisf\u00e9rica chinesa com op\u00e7\u00f5es personaliz\u00e1veis"},"content":{"rendered":"<p>A nossa extremidade de cabe\u00e7a hemisf\u00e9rica chinesa com op\u00e7\u00f5es personaliz\u00e1veis foi concebida para fabricantes que necessitam de fechos de recipientes fortes e fi\u00e1veis com especifica\u00e7\u00f5es flex\u00edveis. A forma hemisf\u00e9rica oferece uma excelente resist\u00eancia \u00e0 press\u00e3o ao distribuir uniformemente a tens\u00e3o, tornando-a ideal para recipientes sob press\u00e3o, tanques de armazenamento, reactores e equipamento de processamento. Fornecemos materiais em a\u00e7o-carbono e em a\u00e7o inoxid\u00e1vel para corresponder a diferentes ambientes de funcionamento, desde o servi\u00e7o industrial geral a aplica\u00e7\u00f5es resistentes \u00e0 corros\u00e3o. Utilizando uma conforma\u00e7\u00e3o controlada e uma inspe\u00e7\u00e3o dimensional rigorosa, garantimos um ajuste preciso, superf\u00edcies lisas e uma curvatura consistente para uma qualidade de soldadura est\u00e1vel. A personaliza\u00e7\u00e3o est\u00e1 dispon\u00edvel para o di\u00e2metro, espessura, prepara\u00e7\u00e3o de arestas (bisel\/plano), aberturas de bocal e tratamento de superf\u00edcie, como prim\u00e1rio, pintura ou polimento. Amplamente utilizadas no processamento qu\u00edmico, petr\u00f3leo e g\u00e1s, energia, tratamento de \u00e1gua e ind\u00fastrias alimentares, as nossas extremidades de cabe\u00e7a hemisf\u00e9rica suportam um fabrico eficiente, uma veda\u00e7\u00e3o fi\u00e1vel e uma longa vida \u00fatil em processos de produ\u00e7\u00e3o exigentes.<\/p>","protected":false},"excerpt":{"rendered":"<p>Cabe\u00e7as hemisf\u00e9ricas chinesas com op\u00e7\u00f5es personaliz\u00e1veis para reservat\u00f3rios e recipientes sob press\u00e3o. Formadas com precis\u00e3o em a\u00e7o-carbono ou a\u00e7o inoxid\u00e1vel para uma elevada resist\u00eancia e uma veda\u00e7\u00e3o fi\u00e1vel. Di\u00e2metro, espessura, borda biselada e tratamento de superf\u00edcie personalizados dispon\u00edveis para processos eficientes de soldadura e fabrico.<\/p>","protected":false},"featured_media":650,"template":"","meta":{"_gspb_post_css":""},"product_brand":[],"product_cat":[20],"product_tag":[207,205,206],"class_list":{"0":"post-872","1":"product","2":"type-product","3":"status-publish","4":"has-post-thumbnail","6":"product_cat-hemispherical-head","7":"product_tag-carbon-stainless-steel-dished-heads","8":"product_tag-custom-hemispherical-tank-heads","9":"product_tag-pressure-vessel-head-ends","11":"first","12":"instock","13":"shipping-taxable","14":"product-type-simple"},"_links":{"self":[{"href":"https:\/\/thedishhead.com\/pt\/wp-json\/wp\/v2\/product\/872","targetHints":{"allow":["GET"]}}],"collection":[{"href":"https:\/\/thedishhead.com\/pt\/wp-json\/wp\/v2\/product"}],"about":[{"href":"https:\/\/thedishhead.com\/pt\/wp-json\/wp\/v2\/types\/product"}],"wp:featuredmedia":[{"embeddable":true,"href":"https:\/\/thedishhead.com\/pt\/wp-json\/wp\/v2\/media\/650"}],"wp:attachment":[{"href":"https:\/\/thedishhead.com\/pt\/wp-json\/wp\/v2\/media?parent=872"}],"wp:term":[{"taxonomy":"product_brand","embeddable":true,"href":"https:\/\/thedishhead.com\/pt\/wp-json\/wp\/v2\/product_brand?post=872"},{"taxonomy":"product_cat","embeddable":true,"href":"https:\/\/thedishhead.com\/pt\/wp-json\/wp\/v2\/product_cat?post=872"},{"taxonomy":"product_tag","embeddable":true,"href":"https:\/\/thedishhead.com\/pt\/wp-json\/wp\/v2\/product_tag?post=872"}],"curies":[{"name":"wp","href":"https:\/\/api.w.org\/{rel}","templated":true}]}}