{"id":870,"date":"2026-01-04T06:27:32","date_gmt":"2026-01-04T06:27:32","guid":{"rendered":"https:\/\/thedishhead.com\/?post_type=product&#038;p=870"},"modified":"2026-01-04T06:27:32","modified_gmt":"2026-01-04T06:27:32","slug":"carbon-steel-torispherical-head-for-oil-storage-tanks","status":"publish","type":"product","link":"https:\/\/thedishhead.com\/pt\/carbon-steel-torispherical-head-for-oil-storage-tanks\/","title":{"rendered":"Cabe\u00e7a torisf\u00e9rica de a\u00e7o carbono para tanques de armazenamento de \u00f3leo"},"content":{"rendered":"<p>A nossa cabe\u00e7a torisf\u00e9rica de a\u00e7o carbono para tanques de armazenamento de petr\u00f3leo foi concebida para proporcionar um fecho de extremidade forte e fi\u00e1vel para tanques e recipientes utilizados no armazenamento de petr\u00f3leo e combust\u00edvel. O perfil torisf\u00e9rico (c\u00f4ncavo) ajuda a distribuir eficazmente as tens\u00f5es, suportando uma melhor integridade estrutural do que as extremidades planas, mantendo o fabrico econ\u00f3mico. Fabricadas em a\u00e7o-carbono de qualidade, estas cabe\u00e7as oferecem uma excelente soldabilidade e um desempenho est\u00e1vel para a constru\u00e7\u00e3o de reservat\u00f3rios industriais. Utilizamos processos de conforma\u00e7\u00e3o controlados para garantir dimens\u00f5es precisas, superf\u00edcies lisas e curvatura consistente para uma montagem f\u00e1cil e uma qualidade de soldadura fi\u00e1vel. As op\u00e7\u00f5es personalizadas incluem o di\u00e2metro, a espessura, a prepara\u00e7\u00e3o dos bordos (chanfrado\/plano) e o tratamento de superf\u00edcie, como a pintura com prim\u00e1rio ou o revestimento anticorros\u00e3o, para se adequarem \u00e0s condi\u00e7\u00f5es de servi\u00e7o corrosivas e ao ar livre. Comumente aplicadas no armazenamento de petr\u00f3leo, tanques de produtos qu\u00edmicos, tratamento de \u00e1gua e embarca\u00e7\u00f5es industriais em geral, as nossas cabe\u00e7as torisf\u00e9ricas proporcionam uma longa vida \u00fatil, veda\u00e7\u00e3o segura e desempenho econ\u00f3mico do projeto.<\/p>","protected":false},"excerpt":{"rendered":"<p>Cabe\u00e7as torisf\u00e9ricas em a\u00e7o-carbono para reservat\u00f3rios de armazenamento de \u00f3leo, moldadas com precis\u00e3o para uma resist\u00eancia e uma veda\u00e7\u00e3o fi\u00e1vel. Concebidas para um desempenho est\u00e1vel da press\u00e3o e uma soldadura f\u00e1cil. Est\u00e3o dispon\u00edveis di\u00e2metros, espessuras e arestas biseladas personalizados, com revestimento prim\u00e1rio ou anti-corros\u00e3o opcional para ambientes agressivos.<\/p>","protected":false},"featured_media":551,"template":"","meta":{"_gspb_post_css":""},"product_brand":[],"product_cat":[17],"product_tag":[198,172,199],"class_list":{"0":"post-870","1":"product","2":"type-product","3":"status-publish","4":"has-post-thumbnail","6":"product_cat-torispherical-head","7":"product_tag-carbon-steel-torispherical-heads","8":"product_tag-custom-dished-tank-heads","9":"product_tag-oil-storage-tank-end-caps","11":"first","12":"instock","13":"shipping-taxable","14":"product-type-simple"},"_links":{"self":[{"href":"https:\/\/thedishhead.com\/pt\/wp-json\/wp\/v2\/product\/870","targetHints":{"allow":["GET"]}}],"collection":[{"href":"https:\/\/thedishhead.com\/pt\/wp-json\/wp\/v2\/product"}],"about":[{"href":"https:\/\/thedishhead.com\/pt\/wp-json\/wp\/v2\/types\/product"}],"wp:featuredmedia":[{"embeddable":true,"href":"https:\/\/thedishhead.com\/pt\/wp-json\/wp\/v2\/media\/551"}],"wp:attachment":[{"href":"https:\/\/thedishhead.com\/pt\/wp-json\/wp\/v2\/media?parent=870"}],"wp:term":[{"taxonomy":"product_brand","embeddable":true,"href":"https:\/\/thedishhead.com\/pt\/wp-json\/wp\/v2\/product_brand?post=870"},{"taxonomy":"product_cat","embeddable":true,"href":"https:\/\/thedishhead.com\/pt\/wp-json\/wp\/v2\/product_cat?post=870"},{"taxonomy":"product_tag","embeddable":true,"href":"https:\/\/thedishhead.com\/pt\/wp-json\/wp\/v2\/product_tag?post=870"}],"curies":[{"name":"wp","href":"https:\/\/api.w.org\/{rel}","templated":true}]}}