{"id":861,"date":"2026-01-04T06:01:32","date_gmt":"2026-01-04T06:01:32","guid":{"rendered":"https:\/\/thedishhead.com\/?post_type=product&#038;p=861"},"modified":"2026-01-04T06:01:32","modified_gmt":"2026-01-04T06:01:32","slug":"high-quality-low-priced-steel-flat-bottom-head-for-tanks","status":"publish","type":"product","link":"https:\/\/thedishhead.com\/pt\/high-quality-low-priced-steel-flat-bottom-head-for-tanks\/","title":{"rendered":"Cabe\u00e7a de fundo plano em a\u00e7o de alta qualidade e baixo pre\u00e7o para tanques"},"content":{"rendered":"<p>A nossa cabe\u00e7a de fundo plano em a\u00e7o de alta qualidade e baixo pre\u00e7o para reservat\u00f3rios \u00e9 uma solu\u00e7\u00e3o econ\u00f3mica para o fabrico de reservat\u00f3rios, recipientes de armazenamento e equipamento industrial que requer um fecho ou base de extremidade plana forte. Fabricada com moldagem controlada e verifica\u00e7\u00f5es dimensionais rigorosas, proporciona um suporte de carga est\u00e1vel, um ajuste preciso e um desempenho de soldadura consistente. Oferecemos op\u00e7\u00f5es de materiais, incluindo a\u00e7o carbono e a\u00e7o inoxid\u00e1vel, para corresponder a diferentes condi\u00e7\u00f5es de trabalho, desde o armazenamento geral a ambientes propensos \u00e0 corros\u00e3o. \u00c9 poss\u00edvel personalizar o di\u00e2metro, a espessura, a prepara\u00e7\u00e3o dos bordos (chanfrado\/plano) e o tratamento de superf\u00edcie, como o prim\u00e1rio ou o revestimento anti-ferrugem. O design de fundo plano simplifica a instala\u00e7\u00e3o e \u00e9 amplamente utilizado no tratamento de \u00e1gua, armazenamento de produtos qu\u00edmicos, energia, processamento de alimentos e fabrico geral. Com um controlo de qualidade fi\u00e1vel e pre\u00e7os de f\u00e1brica competitivos, as nossas cabe\u00e7as de fundo plano ajudam a reduzir o custo total do projeto, mantendo a durabilidade, a integridade da veda\u00e7\u00e3o e uma longa vida \u00fatil.<\/p>","protected":false},"excerpt":{"rendered":"<p>Cabe\u00e7as de fundo plano em a\u00e7o de alta qualidade e baixo pre\u00e7o para tanques e recipientes. Formadas com precis\u00e3o para um suporte forte, veda\u00e7\u00e3o fi\u00e1vel e soldadura f\u00e1cil. Dispon\u00edvel em a\u00e7o-carbono ou a\u00e7o inoxid\u00e1vel com di\u00e2metros, espessuras e arestas biseladas personalizadas para se adaptar ao fabrico industrial e a projectos OEM. A nossa cabe\u00e7a de fundo plano em a\u00e7o de alta qualidade e baixo pre\u00e7o para reservat\u00f3rios \u00e9 uma solu\u00e7\u00e3o econ\u00f3mica para o fabrico de reservat\u00f3rios, recipientes de armazenamento e equipamento industrial que requer um fecho ou base de extremidade plana forte. Fabricado com moldagem controlada e verifica\u00e7\u00f5es dimensionais rigorosas, proporciona um suporte de carga est\u00e1vel, um ajuste preciso e um desempenho de soldadura consistente. Oferecemos op\u00e7\u00f5es de materiais, incluindo a\u00e7o carbono e a\u00e7o inoxid\u00e1vel, para corresponder a diferentes condi\u00e7\u00f5es de trabalho, desde o armazenamento geral a ambientes propensos \u00e0 corros\u00e3o. \u00c9 poss\u00edvel personalizar o di\u00e2metro, a espessura, a prepara\u00e7\u00e3o dos bordos (chanfrado\/plano) e o tratamento de superf\u00edcie, como o prim\u00e1rio ou o revestimento anti-ferrugem. O design de fundo plano simplifica a instala\u00e7\u00e3o e \u00e9 amplamente utilizado no tratamento de \u00e1gua, armazenamento de produtos qu\u00edmicos, energia, processamento de alimentos e fabrico geral. Com um controlo de qualidade fi\u00e1vel e pre\u00e7os de f\u00e1brica competitivos, as nossas cabe\u00e7as de fundo plano ajudam a reduzir o custo total do projeto, mantendo a durabilidade, a integridade da veda\u00e7\u00e3o e uma longa vida \u00fatil.<\/p>","protected":false},"featured_media":699,"template":"","meta":{"_gspb_post_css":""},"product_brand":[],"product_cat":[19],"product_tag":[178,176,177],"class_list":{"0":"post-861","1":"product","2":"type-product","3":"status-publish","4":"has-post-thumbnail","6":"product_cat-flat-dish-head","7":"product_tag-low-cost-vessel-components","8":"product_tag-steel-flat-bottom-heads","9":"product_tag-tank-end-caps","11":"first","12":"instock","13":"shipping-taxable","14":"product-type-simple"},"_links":{"self":[{"href":"https:\/\/thedishhead.com\/pt\/wp-json\/wp\/v2\/product\/861","targetHints":{"allow":["GET"]}}],"collection":[{"href":"https:\/\/thedishhead.com\/pt\/wp-json\/wp\/v2\/product"}],"about":[{"href":"https:\/\/thedishhead.com\/pt\/wp-json\/wp\/v2\/types\/product"}],"wp:featuredmedia":[{"embeddable":true,"href":"https:\/\/thedishhead.com\/pt\/wp-json\/wp\/v2\/media\/699"}],"wp:attachment":[{"href":"https:\/\/thedishhead.com\/pt\/wp-json\/wp\/v2\/media?parent=861"}],"wp:term":[{"taxonomy":"product_brand","embeddable":true,"href":"https:\/\/thedishhead.com\/pt\/wp-json\/wp\/v2\/product_brand?post=861"},{"taxonomy":"product_cat","embeddable":true,"href":"https:\/\/thedishhead.com\/pt\/wp-json\/wp\/v2\/product_cat?post=861"},{"taxonomy":"product_tag","embeddable":true,"href":"https:\/\/thedishhead.com\/pt\/wp-json\/wp\/v2\/product_tag?post=861"}],"curies":[{"name":"wp","href":"https:\/\/api.w.org\/{rel}","templated":true}]}}