{"id":707,"date":"2026-01-04T04:55:37","date_gmt":"2026-01-04T04:55:37","guid":{"rendered":"https:\/\/thedishhead.com\/?post_type=product&#038;p=707"},"modified":"2026-01-04T04:58:57","modified_gmt":"2026-01-04T04:58:57","slug":"flat-dished-head-for-boiler-and-pressure-vessel-ends","status":"publish","type":"product","link":"https:\/\/thedishhead.com\/pt\/flat-dished-head-for-boiler-and-pressure-vessel-ends\/","title":{"rendered":"Cabe\u00e7a plana e c\u00f4ncava para extremidades de caldeiras e vasos de press\u00e3o"},"content":{"rendered":"<p>A nossa cabe\u00e7a plana c\u00f4ncava para extremidades de caldeiras e vasos de press\u00e3o foi concebida para proporcionar um desempenho fi\u00e1vel em caldeiras, tanques e vasos de press\u00e3o industriais. O perfil c\u00f4ncavo melhora a resist\u00eancia estrutural e ajuda a distribuir a press\u00e3o interna de forma mais eficaz do que uma placa plana, proporcionando uma vida \u00fatil mais longa e segura. Fabricada em a\u00e7o-carbono ou a\u00e7o inoxid\u00e1vel de qualidade, cada cabe\u00e7a \u00e9 formada com processos controlados para obter dimens\u00f5es precisas, superf\u00edcies lisas e curvatura consistente para uma instala\u00e7\u00e3o mais f\u00e1cil e uma qualidade de soldadura fi\u00e1vel. Oferecemos uma personaliza\u00e7\u00e3o flex\u00edvel, incluindo o di\u00e2metro, a espessura, a prepara\u00e7\u00e3o da aresta (bisel\/plana) e o tratamento de superf\u00edcie para corresponder a diferentes padr\u00f5es de fabrico e condi\u00e7\u00f5es de funcionamento. Estas extremidades c\u00f3nicas s\u00e3o amplamente utilizadas na produ\u00e7\u00e3o de energia, petroqu\u00edmica, tratamento de \u00e1gua e equipamento industrial geral, onde os fechos seguros e a integridade da press\u00e3o s\u00e3o essenciais. Com um controlo de qualidade est\u00e1vel e capacidade de fornecimento por parte do fabricante, as nossas cabe\u00e7as planas c\u00f3nicas proporcionam uma solu\u00e7\u00e3o rent\u00e1vel e duradoura para aplica\u00e7\u00f5es exigentes em caldeiras e recipientes.<\/p>","protected":false},"excerpt":{"rendered":"<p>Cabe\u00e7as planas e chanfradas para extremidades de caldeiras e recipientes sob press\u00e3o, formadas com precis\u00e3o para resist\u00eancia, veda\u00e7\u00e3o est\u00e1vel e soldadura f\u00e1cil. Dispon\u00edveis em a\u00e7o-carbono ou a\u00e7o inoxid\u00e1vel com di\u00e2metros, espessuras e arestas biseladas personalizados. Adequadas para caldeiras, tanques e fabrico de recipientes industriais.<\/p>","protected":false},"featured_media":704,"template":"","meta":{"_gspb_post_css":""},"product_brand":[],"product_cat":[19],"product_tag":[150,151,93],"class_list":{"0":"post-707","1":"product","2":"type-product","3":"status-publish","4":"has-post-thumbnail","6":"product_cat-flat-dish-head","7":"product_tag-boiler-dished-ends","8":"product_tag-flat-dished-head-end-caps","9":"product_tag-pressure-vessel-components","11":"first","12":"instock","13":"shipping-taxable","14":"product-type-simple"},"_links":{"self":[{"href":"https:\/\/thedishhead.com\/pt\/wp-json\/wp\/v2\/product\/707","targetHints":{"allow":["GET"]}}],"collection":[{"href":"https:\/\/thedishhead.com\/pt\/wp-json\/wp\/v2\/product"}],"about":[{"href":"https:\/\/thedishhead.com\/pt\/wp-json\/wp\/v2\/types\/product"}],"wp:featuredmedia":[{"embeddable":true,"href":"https:\/\/thedishhead.com\/pt\/wp-json\/wp\/v2\/media\/704"}],"wp:attachment":[{"href":"https:\/\/thedishhead.com\/pt\/wp-json\/wp\/v2\/media?parent=707"}],"wp:term":[{"taxonomy":"product_brand","embeddable":true,"href":"https:\/\/thedishhead.com\/pt\/wp-json\/wp\/v2\/product_brand?post=707"},{"taxonomy":"product_cat","embeddable":true,"href":"https:\/\/thedishhead.com\/pt\/wp-json\/wp\/v2\/product_cat?post=707"},{"taxonomy":"product_tag","embeddable":true,"href":"https:\/\/thedishhead.com\/pt\/wp-json\/wp\/v2\/product_tag?post=707"}],"curies":[{"name":"wp","href":"https:\/\/api.w.org\/{rel}","templated":true}]}}