{"id":680,"date":"2026-01-04T04:04:09","date_gmt":"2026-01-04T04:04:09","guid":{"rendered":"https:\/\/thedishhead.com\/?post_type=product&#038;p=680"},"modified":"2026-01-04T04:04:10","modified_gmt":"2026-01-04T04:04:10","slug":"steel-tank-heads-dished-hemispherical-ends-boiler-parts","status":"publish","type":"product","link":"https:\/\/thedishhead.com\/pt\/steel-tank-heads-dished-hemispherical-ends-boiler-parts\/","title":{"rendered":"Cabe\u00e7as de reservat\u00f3rio de a\u00e7o com extremidades hemisf\u00e9ricas e c\u00f3nicas Pe\u00e7as para caldeiras"},"content":{"rendered":"<p data-start=\"372\" data-end=\"869\">As nossas cabe\u00e7as de reservat\u00f3rio em a\u00e7o com extremidades planas e hemisf\u00e9ricas s\u00e3o amplamente utilizadas como pe\u00e7as de caldeiras e componentes de recipientes sob press\u00e3o para reservat\u00f3rios, tambores e reactores. A forma formada da cabe\u00e7a ajuda a distribuir a press\u00e3o interna de forma mais uniforme do que as placas planas, o que melhora a seguran\u00e7a e a estabilidade estrutural. Com processos de conforma\u00e7\u00e3o controlados e uma inspe\u00e7\u00e3o dimensional rigorosa, cada cabe\u00e7a proporciona uma geometria consistente, uma qualidade de superf\u00edcie suave e um ajuste fi\u00e1vel durante a soldadura e a montagem.<\/p>\n<p data-start=\"871\" data-end=\"1190\">Oferecemos op\u00e7\u00f5es de a\u00e7o carbono e a\u00e7o inoxid\u00e1vel com personaliza\u00e7\u00e3o para di\u00e2metro, espessura, profundidade, chanfro e prepara\u00e7\u00e3o de bordas com base em desenhos ou requisitos padr\u00e3o. Estas cabe\u00e7as s\u00e3o adequadas para aplica\u00e7\u00f5es na gera\u00e7\u00e3o de energia, processamento qu\u00edmico, tratamento de \u00e1gua de petr\u00f3leo e g\u00e1s e sistemas de caldeiras industriais gerais.<\/p>\n<p data-start=\"1192\" data-end=\"1407\" data-is-last-node=\"\" data-is-only-node=\"\">Com uma capacidade de produ\u00e7\u00e3o est\u00e1vel e um controlo de qualidade, fornecemos solu\u00e7\u00f5es rent\u00e1veis para cabe\u00e7as de tanque, tanto para tamanhos padr\u00e3o como para encomendas personalizadas, ajudando os clientes a reduzir o tempo de fabrico e a garantir uma longa vida \u00fatil.<\/p>","protected":false},"excerpt":{"rendered":"<p>As cabe\u00e7as de reservat\u00f3rio em a\u00e7o, incluindo as extremidades c\u00f3nicas e hemisf\u00e9ricas, s\u00e3o fabricadas para reservat\u00f3rios de caldeiras e recipientes sob press\u00e3o. Proporcionam uma veda\u00e7\u00e3o forte e uma distribui\u00e7\u00e3o est\u00e1vel da press\u00e3o com uma resist\u00eancia fi\u00e1vel para o servi\u00e7o industrial. Dispon\u00edveis em a\u00e7o-carbono ou a\u00e7o inoxid\u00e1vel com di\u00e2metros, espessura e prepara\u00e7\u00e3o de arestas personalizados.<\/p>","protected":false},"featured_media":676,"template":"","meta":{"_gspb_post_css":""},"product_brand":[],"product_cat":[20],"product_tag":[139,138,137],"class_list":{"0":"post-680","1":"product","2":"type-product","3":"status-publish","4":"has-post-thumbnail","6":"product_cat-hemispherical-head","7":"product_tag-boiler-pressure-vessel-parts","8":"product_tag-hemispherical-dished-ends","9":"product_tag-steel-tank-heads","11":"first","12":"instock","13":"shipping-taxable","14":"product-type-simple"},"_links":{"self":[{"href":"https:\/\/thedishhead.com\/pt\/wp-json\/wp\/v2\/product\/680","targetHints":{"allow":["GET"]}}],"collection":[{"href":"https:\/\/thedishhead.com\/pt\/wp-json\/wp\/v2\/product"}],"about":[{"href":"https:\/\/thedishhead.com\/pt\/wp-json\/wp\/v2\/types\/product"}],"wp:featuredmedia":[{"embeddable":true,"href":"https:\/\/thedishhead.com\/pt\/wp-json\/wp\/v2\/media\/676"}],"wp:attachment":[{"href":"https:\/\/thedishhead.com\/pt\/wp-json\/wp\/v2\/media?parent=680"}],"wp:term":[{"taxonomy":"product_brand","embeddable":true,"href":"https:\/\/thedishhead.com\/pt\/wp-json\/wp\/v2\/product_brand?post=680"},{"taxonomy":"product_cat","embeddable":true,"href":"https:\/\/thedishhead.com\/pt\/wp-json\/wp\/v2\/product_cat?post=680"},{"taxonomy":"product_tag","embeddable":true,"href":"https:\/\/thedishhead.com\/pt\/wp-json\/wp\/v2\/product_tag?post=680"}],"curies":[{"name":"wp","href":"https:\/\/api.w.org\/{rel}","templated":true}]}}