{"id":593,"date":"2026-01-04T04:27:21","date_gmt":"2026-01-04T04:27:21","guid":{"rendered":"https:\/\/thedishhead.com\/?post_type=product&#038;p=593"},"modified":"2026-01-05T07:37:18","modified_gmt":"2026-01-05T07:37:18","slug":"stainless-steel-hemispherical-dished-head-end-cap-for-tanks","status":"publish","type":"product","link":"https:\/\/thedishhead.com\/pt\/stainless-steel-hemispherical-dished-head-end-cap-for-tanks\/","title":{"rendered":"Tamp\u00e3o de extremidade de cabe\u00e7a c\u00f4ncava hemisf\u00e9rica em a\u00e7o inoxid\u00e1vel para tanques"},"content":{"rendered":"<p>A nossa tampa hemisf\u00e9rica de cabe\u00e7a c\u00f4ncava em a\u00e7o inoxid\u00e1vel para reservat\u00f3rios foi concebida para uma elevada resist\u00eancia, veda\u00e7\u00e3o fi\u00e1vel e longa vida \u00fatil em reservat\u00f3rios de \u00e1gua, recipientes sob press\u00e3o e equipamento de processamento. O perfil hemisf\u00e9rico oferece uma excelente resist\u00eancia \u00e0 press\u00e3o, distribuindo uniformemente a tens\u00e3o, o que o torna ideal para aplica\u00e7\u00f5es exigentes em que a seguran\u00e7a e a durabilidade s\u00e3o importantes. Fabricado em a\u00e7o inoxid\u00e1vel de primeira qualidade (normalmente 304\/316), oferece uma excelente resist\u00eancia \u00e0 corros\u00e3o para ambientes h\u00famidos ou agressivos, incluindo \u00e1gua pot\u00e1vel e processamento industrial. Cada cabe\u00e7a c\u00f4ncava \u00e9 formada com um controlo preciso para garantir dimens\u00f5es exactas, superf\u00edcies lisas e curvatura consistente para uma montagem mais f\u00e1cil e uma soldadura de alta qualidade. Apoiamos a personaliza\u00e7\u00e3o por di\u00e2metro, espessura, prepara\u00e7\u00e3o da aresta (bisel\/plana) e acabamento da superf\u00edcie para corresponder a diferentes normas e requisitos do projeto. Amplamente utilizada nas ind\u00fastrias de tratamento de \u00e1gua, processamento de alimentos, qu\u00edmica e energia, esta tampa hemisf\u00e9rica proporciona um desempenho fi\u00e1vel e um fabrico rent\u00e1vel.<\/p>","protected":false},"excerpt":{"rendered":"<p>As tampas hemisf\u00e9ricas de cabe\u00e7a c\u00f4ncava em a\u00e7o inoxid\u00e1vel proporcionam fechos resistentes e preparados para a press\u00e3o para tanques e recipientes de \u00e1gua. Com uma excelente resist\u00eancia \u00e0 corros\u00e3o e uma conforma\u00e7\u00e3o suave, garantem uma veda\u00e7\u00e3o fi\u00e1vel e uma soldadura f\u00e1cil. Est\u00e3o dispon\u00edveis di\u00e2metros, espessuras e chanfros personalizados para necessidades de fabrico.<\/p>","protected":false},"featured_media":1004,"template":"","meta":{"_gspb_post_css":""},"product_brand":[],"product_cat":[20],"product_tag":[140,141,142],"class_list":{"0":"post-593","1":"product","2":"type-product","3":"status-publish","4":"has-post-thumbnail","6":"product_cat-hemispherical-head","7":"product_tag-stainless-steel-hemispherical-heads","8":"product_tag-tank-dished-head-end-caps","9":"product_tag-water-tank-pressure-components","11":"first","12":"instock","13":"shipping-taxable","14":"product-type-simple"},"_links":{"self":[{"href":"https:\/\/thedishhead.com\/pt\/wp-json\/wp\/v2\/product\/593","targetHints":{"allow":["GET"]}}],"collection":[{"href":"https:\/\/thedishhead.com\/pt\/wp-json\/wp\/v2\/product"}],"about":[{"href":"https:\/\/thedishhead.com\/pt\/wp-json\/wp\/v2\/types\/product"}],"wp:featuredmedia":[{"embeddable":true,"href":"https:\/\/thedishhead.com\/pt\/wp-json\/wp\/v2\/media\/1004"}],"wp:attachment":[{"href":"https:\/\/thedishhead.com\/pt\/wp-json\/wp\/v2\/media?parent=593"}],"wp:term":[{"taxonomy":"product_brand","embeddable":true,"href":"https:\/\/thedishhead.com\/pt\/wp-json\/wp\/v2\/product_brand?post=593"},{"taxonomy":"product_cat","embeddable":true,"href":"https:\/\/thedishhead.com\/pt\/wp-json\/wp\/v2\/product_cat?post=593"},{"taxonomy":"product_tag","embeddable":true,"href":"https:\/\/thedishhead.com\/pt\/wp-json\/wp\/v2\/product_tag?post=593"}],"curies":[{"name":"wp","href":"https:\/\/api.w.org\/{rel}","templated":true}]}}