{"id":510,"date":"2026-01-04T03:46:57","date_gmt":"2026-01-04T03:46:57","guid":{"rendered":"https:\/\/thedishhead.com\/?post_type=product&#038;p=510"},"modified":"2026-01-04T03:46:58","modified_gmt":"2026-01-04T03:46:58","slug":"high-quality-stainless-steel-torispherical-pipe-end-cap","status":"publish","type":"product","link":"https:\/\/thedishhead.com\/pt\/high-quality-stainless-steel-torispherical-pipe-end-cap\/","title":{"rendered":"Tampa torisf\u00e9rica para tubo de a\u00e7o inoxid\u00e1vel de alta qualidade"},"content":{"rendered":"<p>A nossa tampa torisf\u00e9rica de a\u00e7o inoxid\u00e1vel de alta qualidade para tubos foi concebida para um desempenho fi\u00e1vel em termos de veda\u00e7\u00e3o e press\u00e3o em aplica\u00e7\u00f5es de tubagens e recipientes industriais. Fabricada em a\u00e7o inoxid\u00e1vel de primeira qualidade, oferece excelente resist\u00eancia \u00e0 corros\u00e3o, for\u00e7a e longa vida \u00fatil em ambientes agressivos. A forma torisf\u00e9rica (c\u00f4ncava) distribui eficazmente a tens\u00e3o, tornando-a adequada para conten\u00e7\u00e3o de press\u00e3o, tubagem de processos, tanques e fabrico de equipamento. Cada tampa de extremidade \u00e9 fabricada com moldagem controlada para garantir dimens\u00f5es precisas, superf\u00edcies lisas e curvatura consistente para um ajuste f\u00e1cil e uma qualidade de soldadura est\u00e1vel. Apoiamos a personaliza\u00e7\u00e3o do di\u00e2metro, da espessura, da prepara\u00e7\u00e3o dos bordos (bisel ou liso) e do acabamento da superf\u00edcie para corresponder a diferentes normas e requisitos do projeto. Amplamente utilizada nas ind\u00fastrias qu\u00edmica, alimentar, farmac\u00eautica, energ\u00e9tica e de tratamento de \u00e1gua, esta tampa de extremidade torisf\u00e9rica proporciona uma solu\u00e7\u00e3o fi\u00e1vel e econ\u00f3mica para fechos seguros e um funcionamento seguro.<\/p>","protected":false},"excerpt":{"rendered":"<p>As tampas torisf\u00e9ricas para tubos em a\u00e7o inoxid\u00e1vel de alta qualidade s\u00e3o formadas com precis\u00e3o para fechos fortes e estanques. Resistentes \u00e0 corros\u00e3o e duradouras, suportam de forma fi\u00e1vel o servi\u00e7o sob press\u00e3o. Est\u00e3o dispon\u00edveis di\u00e2metros, espessuras e bordos biselados personalizados para facilitar a soldadura em sistemas de tubagens e recipientes.<\/p>","protected":false},"featured_media":511,"template":"","meta":{"_gspb_post_css":""},"product_brand":[],"product_cat":[17],"product_tag":[131,93,130],"class_list":{"0":"post-510","1":"product","2":"type-product","3":"status-publish","4":"has-post-thumbnail","6":"product_cat-torispherical-head","7":"product_tag-pipe-welding-end-caps","8":"product_tag-pressure-vessel-components","9":"product_tag-stainless-steel-torispherical-end-caps","11":"first","12":"instock","13":"shipping-taxable","14":"product-type-simple"},"_links":{"self":[{"href":"https:\/\/thedishhead.com\/pt\/wp-json\/wp\/v2\/product\/510","targetHints":{"allow":["GET"]}}],"collection":[{"href":"https:\/\/thedishhead.com\/pt\/wp-json\/wp\/v2\/product"}],"about":[{"href":"https:\/\/thedishhead.com\/pt\/wp-json\/wp\/v2\/types\/product"}],"wp:featuredmedia":[{"embeddable":true,"href":"https:\/\/thedishhead.com\/pt\/wp-json\/wp\/v2\/media\/511"}],"wp:attachment":[{"href":"https:\/\/thedishhead.com\/pt\/wp-json\/wp\/v2\/media?parent=510"}],"wp:term":[{"taxonomy":"product_brand","embeddable":true,"href":"https:\/\/thedishhead.com\/pt\/wp-json\/wp\/v2\/product_brand?post=510"},{"taxonomy":"product_cat","embeddable":true,"href":"https:\/\/thedishhead.com\/pt\/wp-json\/wp\/v2\/product_cat?post=510"},{"taxonomy":"product_tag","embeddable":true,"href":"https:\/\/thedishhead.com\/pt\/wp-json\/wp\/v2\/product_tag?post=510"}],"curies":[{"name":"wp","href":"https:\/\/api.w.org\/{rel}","templated":true}]}}