{"id":437,"date":"2026-01-04T07:58:25","date_gmt":"2026-01-04T07:58:25","guid":{"rendered":"https:\/\/thedishhead.com\/?post_type=product&#038;p=437"},"modified":"2026-01-04T07:58:25","modified_gmt":"2026-01-04T07:58:25","slug":"high-quality-metal-crown-heads-for-industrial-use","status":"publish","type":"product","link":"https:\/\/thedishhead.com\/pt\/high-quality-metal-crown-heads-for-industrial-use\/","title":{"rendered":"Cabe\u00e7as de coroa de metal de alta qualidade para utiliza\u00e7\u00e3o industrial"},"content":{"rendered":"<p>As nossas cabe\u00e7as de coroa met\u00e1licas de alta qualidade para utiliza\u00e7\u00e3o industrial foram concebidas para proporcionar fechos duradouros para tanques, recipientes sob press\u00e3o e equipamento de processamento. As cabe\u00e7as de coroa s\u00e3o formadas com curvatura controlada para melhorar a distribui\u00e7\u00e3o de tens\u00f5es e a resist\u00eancia estrutural, ajudando o equipamento a funcionar em seguran\u00e7a sob condi\u00e7\u00f5es exigentes. Fabricadas em a\u00e7o-carbono ou a\u00e7o inoxid\u00e1vel de primeira qualidade, estas cabe\u00e7as oferecem excelente soldabilidade, precis\u00e3o dimensional e desempenho est\u00e1vel para uma longa vida \u00fatil. Produzimos cabe\u00e7as de coroa com um rigoroso controlo de qualidade, assegurando superf\u00edcies lisas, conforma\u00e7\u00e3o consistente e ajuste preciso para reduzir o tempo de fabrico e melhorar a fiabilidade da soldadura. A personaliza\u00e7\u00e3o est\u00e1 dispon\u00edvel para o di\u00e2metro, espessura, prepara\u00e7\u00e3o da borda (chanfrada\/plana) e tratamento de superf\u00edcie, como revestimento prim\u00e1rio, pintura ou polimento. Normalmente utilizadas no processamento qu\u00edmico, energia, tratamento de \u00e1gua, equipamento alimentar e fabrico industrial geral, as nossas cabe\u00e7as de coroa met\u00e1licas proporcionam uma solu\u00e7\u00e3o rent\u00e1vel e de elevada resist\u00eancia para uma vasta gama de projectos de reservat\u00f3rios e tanques.<\/p>","protected":false},"excerpt":{"rendered":"<p>Cabe\u00e7as de coroa met\u00e1licas de alta qualidade para utiliza\u00e7\u00e3o industrial, formadas com precis\u00e3o para resist\u00eancia e veda\u00e7\u00e3o fi\u00e1vel em reservat\u00f3rios e recipientes sob press\u00e3o. Dispon\u00edveis em a\u00e7o-carbono ou a\u00e7o inoxid\u00e1vel com superf\u00edcies lisas e dimens\u00f5es exactas. As op\u00e7\u00f5es personalizadas de di\u00e2metro, espessura e bisel dos bordos facilitam a soldadura e o fabrico.<\/p>","protected":false},"featured_media":544,"template":"","meta":{"_gspb_post_css":""},"product_brand":[],"product_cat":[17],"product_tag":[],"class_list":{"0":"post-437","1":"product","2":"type-product","3":"status-publish","4":"has-post-thumbnail","6":"product_cat-torispherical-head","8":"first","9":"instock","10":"shipping-taxable","11":"product-type-simple"},"_links":{"self":[{"href":"https:\/\/thedishhead.com\/pt\/wp-json\/wp\/v2\/product\/437","targetHints":{"allow":["GET"]}}],"collection":[{"href":"https:\/\/thedishhead.com\/pt\/wp-json\/wp\/v2\/product"}],"about":[{"href":"https:\/\/thedishhead.com\/pt\/wp-json\/wp\/v2\/types\/product"}],"wp:featuredmedia":[{"embeddable":true,"href":"https:\/\/thedishhead.com\/pt\/wp-json\/wp\/v2\/media\/544"}],"wp:attachment":[{"href":"https:\/\/thedishhead.com\/pt\/wp-json\/wp\/v2\/media?parent=437"}],"wp:term":[{"taxonomy":"product_brand","embeddable":true,"href":"https:\/\/thedishhead.com\/pt\/wp-json\/wp\/v2\/product_brand?post=437"},{"taxonomy":"product_cat","embeddable":true,"href":"https:\/\/thedishhead.com\/pt\/wp-json\/wp\/v2\/product_cat?post=437"},{"taxonomy":"product_tag","embeddable":true,"href":"https:\/\/thedishhead.com\/pt\/wp-json\/wp\/v2\/product_tag?post=437"}],"curies":[{"name":"wp","href":"https:\/\/api.w.org\/{rel}","templated":true}]}}