{"id":430,"date":"2026-01-04T01:47:03","date_gmt":"2026-01-04T01:47:03","guid":{"rendered":"https:\/\/thedishhead.com\/?post_type=product&#038;p=430"},"modified":"2026-01-04T01:47:04","modified_gmt":"2026-01-04T01:47:04","slug":"custom-high-quality-ellipsoidal-dished-head-end-cap","status":"publish","type":"product","link":"https:\/\/thedishhead.com\/pt\/custom-high-quality-ellipsoidal-dished-head-end-cap\/","title":{"rendered":"Tampa de extremidade de cabe\u00e7a c\u00f4ncava elipsoidal de alta qualidade personalizada"},"content":{"rendered":"<p>A nossa tampa de extremidade de cabe\u00e7a c\u00f4ncava elipsoidal personalizada de alta qualidade foi concebida para um desempenho fi\u00e1vel em aplica\u00e7\u00f5es de vasos de press\u00e3o, reservat\u00f3rios e tubagens. O perfil elipsoidal (2:1) proporciona um equil\u00edbrio ideal entre for\u00e7a e efici\u00eancia do material, ajudando a reduzir a concentra\u00e7\u00e3o de tens\u00f5es e mantendo uma excelente resist\u00eancia \u00e0 press\u00e3o. Fabricadas em a\u00e7o-carbono ou a\u00e7o inoxid\u00e1vel de primeira qualidade, estas cabe\u00e7as s\u00e3o formadas com um controlo dimensional rigoroso para garantir um ajuste preciso e uma soldadura mais f\u00e1cil durante o fabrico. Cada pe\u00e7a pode ser personalizada de acordo com o di\u00e2metro, a espessura, o raio da coroa, o raio da junta e a prepara\u00e7\u00e3o dos bordos pretendidos, suportando uma vasta gama de requisitos de design e de c\u00f3digos. Com um acabamento de superf\u00edcie limpo e uma qualidade de conforma\u00e7\u00e3o consistente, as nossas cabe\u00e7as elipsoidais s\u00e3o amplamente utilizadas em sectores como o processamento qu\u00edmico, energia, tratamento de \u00e1gua e equipamento de qualidade alimentar. Escolha as nossas cabe\u00e7as abauladas para uma longa vida \u00fatil, desempenho de veda\u00e7\u00e3o est\u00e1vel e integridade estrutural fi\u00e1vel em ambientes exigentes.<\/p>","protected":false},"excerpt":{"rendered":"<p>As tampas de extremidade elipsoidais de cabe\u00e7a c\u00f4ncava personalizadas de alta qualidade s\u00e3o formadas com precis\u00e3o para recipientes sob press\u00e3o e tanques. Fabricadas em a\u00e7o de primeira qualidade ou em a\u00e7o inoxid\u00e1vel, proporcionam uma excelente resist\u00eancia, um acabamento suave e uma veda\u00e7\u00e3o fi\u00e1vel. Ideais para soldadura, servi\u00e7o de alta press\u00e3o e aplica\u00e7\u00f5es resistentes \u00e0 corros\u00e3o.<\/p>","protected":false},"featured_media":431,"template":"","meta":{"_gspb_post_css":""},"product_brand":[],"product_cat":[15],"product_tag":[105,103,104],"class_list":{"0":"post-430","1":"product","2":"type-product","3":"status-publish","4":"has-post-thumbnail","6":"product_cat-ellipsoidal-head","7":"product_tag-custom-tank-heads","8":"product_tag-ellipsoidal-dished-heads","9":"product_tag-pressure-vessel-end-caps","11":"first","12":"instock","13":"shipping-taxable","14":"product-type-simple"},"_links":{"self":[{"href":"https:\/\/thedishhead.com\/pt\/wp-json\/wp\/v2\/product\/430","targetHints":{"allow":["GET"]}}],"collection":[{"href":"https:\/\/thedishhead.com\/pt\/wp-json\/wp\/v2\/product"}],"about":[{"href":"https:\/\/thedishhead.com\/pt\/wp-json\/wp\/v2\/types\/product"}],"wp:featuredmedia":[{"embeddable":true,"href":"https:\/\/thedishhead.com\/pt\/wp-json\/wp\/v2\/media\/431"}],"wp:attachment":[{"href":"https:\/\/thedishhead.com\/pt\/wp-json\/wp\/v2\/media?parent=430"}],"wp:term":[{"taxonomy":"product_brand","embeddable":true,"href":"https:\/\/thedishhead.com\/pt\/wp-json\/wp\/v2\/product_brand?post=430"},{"taxonomy":"product_cat","embeddable":true,"href":"https:\/\/thedishhead.com\/pt\/wp-json\/wp\/v2\/product_cat?post=430"},{"taxonomy":"product_tag","embeddable":true,"href":"https:\/\/thedishhead.com\/pt\/wp-json\/wp\/v2\/product_tag?post=430"}],"curies":[{"name":"wp","href":"https:\/\/api.w.org\/{rel}","templated":true}]}}