{"id":419,"date":"2026-01-03T11:12:36","date_gmt":"2026-01-03T11:12:36","guid":{"rendered":"https:\/\/thedishhead.com\/?post_type=product&#038;p=419"},"modified":"2026-01-03T12:19:46","modified_gmt":"2026-01-03T12:19:46","slug":"high-quality-stainless-steel-torispherical-pipe-end-cap-head","status":"publish","type":"product","link":"https:\/\/thedishhead.com\/pt\/high-quality-stainless-steel-torispherical-pipe-end-cap-head\/","title":{"rendered":"Cabe\u00e7a de tampa de extremidade de tubo torisf\u00e9rica de a\u00e7o inoxid\u00e1vel de alta qualidade"},"content":{"rendered":"<p>A cabe\u00e7a da tampa da extremidade do tubo torisf\u00e9rica em a\u00e7o inoxid\u00e1vel de alta qualidade \u00e9 uma solu\u00e7\u00e3o robusta para aplica\u00e7\u00f5es de alta press\u00e3o. Fabricado em a\u00e7o inoxid\u00e1vel de primeira qualidade, este componente garante uma durabilidade duradoura e uma excelente resist\u00eancia \u00e0 corros\u00e3o. O design torisf\u00e9rico \u00e9 ideal para suportar a press\u00e3o interna e melhorar a integridade estrutural de tubagens, tanques e outros recipientes sob press\u00e3o. Esta cabe\u00e7a de tampa de extremidade \u00e9 utilizada em ind\u00fastrias como a petroqu\u00edmica, a ind\u00fastria transformadora e a ind\u00fastria alimentar, onde as veda\u00e7\u00f5es \u00e0 prova de fugas e a conten\u00e7\u00e3o da press\u00e3o s\u00e3o essenciais. O design garante um ajuste preciso e perfeito, facilitando a soldadura e a integra\u00e7\u00e3o em sistemas. Com a sua resist\u00eancia e fiabilidade superiores, a cabe\u00e7a da tampa da extremidade do tubo torisf\u00e9rica garante um desempenho a longo prazo, mesmo nas condi\u00e7\u00f5es mais exigentes, ajudando a melhorar a efici\u00eancia e a seguran\u00e7a globais de qualquer recipiente sob press\u00e3o ou sistema de tubagem.<\/p>","protected":false},"excerpt":{"rendered":"<p>A nossa cabe\u00e7a de tampa de extremidade de tubo torisf\u00e9rica em a\u00e7o inoxid\u00e1vel de alta qualidade \u00e9 fabricada para precis\u00e3o e durabilidade. Concebida para suportar press\u00f5es elevadas, oferece uma resist\u00eancia excecional \u00e0 corros\u00e3o. Ideal para v\u00e1rias aplica\u00e7\u00f5es industriais, incluindo tanques e tubagens, garantindo veda\u00e7\u00f5es estanques e encaixes seguros.<\/p>","protected":false},"featured_media":416,"template":"","meta":{"_gspb_post_css":""},"product_brand":[],"product_cat":[17],"product_tag":[93,100,101],"class_list":{"0":"post-419","1":"product","2":"type-product","3":"status-publish","4":"has-post-thumbnail","6":"product_cat-torispherical-head","7":"product_tag-pressure-vessel-components","8":"product_tag-stainless-steel-pipe-end-caps","9":"product_tag-torispherical-tank-heads","11":"first","12":"instock","13":"shipping-taxable","14":"product-type-simple"},"_links":{"self":[{"href":"https:\/\/thedishhead.com\/pt\/wp-json\/wp\/v2\/product\/419","targetHints":{"allow":["GET"]}}],"collection":[{"href":"https:\/\/thedishhead.com\/pt\/wp-json\/wp\/v2\/product"}],"about":[{"href":"https:\/\/thedishhead.com\/pt\/wp-json\/wp\/v2\/types\/product"}],"wp:featuredmedia":[{"embeddable":true,"href":"https:\/\/thedishhead.com\/pt\/wp-json\/wp\/v2\/media\/416"}],"wp:attachment":[{"href":"https:\/\/thedishhead.com\/pt\/wp-json\/wp\/v2\/media?parent=419"}],"wp:term":[{"taxonomy":"product_brand","embeddable":true,"href":"https:\/\/thedishhead.com\/pt\/wp-json\/wp\/v2\/product_brand?post=419"},{"taxonomy":"product_cat","embeddable":true,"href":"https:\/\/thedishhead.com\/pt\/wp-json\/wp\/v2\/product_cat?post=419"},{"taxonomy":"product_tag","embeddable":true,"href":"https:\/\/thedishhead.com\/pt\/wp-json\/wp\/v2\/product_tag?post=419"}],"curies":[{"name":"wp","href":"https:\/\/api.w.org\/{rel}","templated":true}]}}