{"id":389,"date":"2026-01-03T08:33:24","date_gmt":"2026-01-03T08:33:24","guid":{"rendered":"https:\/\/thedishhead.com\/?post_type=product&#038;p=389"},"modified":"2026-01-03T08:39:45","modified_gmt":"2026-01-03T08:39:45","slug":"hemispherical-dished-end-pipe-fittings-and-caps-factory","status":"publish","type":"product","link":"https:\/\/thedishhead.com\/pt\/hemispherical-dished-end-pipe-fittings-and-caps-factory\/","title":{"rendered":"F\u00e1brica de tampas e acess\u00f3rios para tubos com extremidades curvas hemisf\u00e9ricas"},"content":{"rendered":"<p data-start=\"376\" data-end=\"704\">Os nossos acess\u00f3rios e tampas hemisf\u00e9ricas para tubos de extremidade c\u00f4ncava s\u00e3o concebidos com precis\u00e3o para utiliza\u00e7\u00e3o em aplica\u00e7\u00f5es industriais que requerem uma veda\u00e7\u00e3o duradoura e fi\u00e1vel. Fabricados em a\u00e7o inoxid\u00e1vel de primeira qualidade, oferecem uma excelente resist\u00eancia \u00e0 corros\u00e3o, assegurando um desempenho duradouro em ambientes agressivos.<\/p>\n<p data-start=\"706\" data-end=\"1054\">Estes acess\u00f3rios e tampas foram concebidos para lidar com condi\u00e7\u00f5es de alta press\u00e3o, o que os torna ideais para recipientes sob press\u00e3o, tanques e tubagens em ind\u00fastrias como a de processamento qu\u00edmico, alimentar e de bebidas e farmac\u00eautica. O design hemisf\u00e9rico da extremidade c\u00f4ncava garante uma distribui\u00e7\u00e3o eficiente da press\u00e3o, contribuindo para a integridade geral do sistema.<\/p>\n<p data-start=\"1056\" data-end=\"1348\" data-is-last-node=\"\" data-is-only-node=\"\">Com um enfoque no fabrico de precis\u00e3o, a nossa f\u00e1brica produz acess\u00f3rios para tubos e tampas de tamanho personalizado para satisfazer as necessidades espec\u00edficas do seu projeto. Quer se trate de aplica\u00e7\u00f5es de pequena ou grande escala, estes componentes em a\u00e7o inoxid\u00e1vel proporcionam resist\u00eancia, fiabilidade e efici\u00eancia em ambientes industriais exigentes.<\/p>","protected":false},"excerpt":{"rendered":"<p>Os nossos acess\u00f3rios e tampas hemisf\u00e9ricos para tubos de extremidade c\u00f4ncava s\u00e3o fabricados em a\u00e7o inoxid\u00e1vel de alta qualidade, oferecendo durabilidade e resist\u00eancia superior \u00e0 corros\u00e3o. Ideais para utiliza\u00e7\u00e3o em recipientes sob press\u00e3o, tanques e condutas, estes acess\u00f3rios e tampas proporcionam uma veda\u00e7\u00e3o fi\u00e1vel e um manuseamento eficiente da press\u00e3o em v\u00e1rias aplica\u00e7\u00f5es industriais.<\/p>","protected":false},"featured_media":391,"template":"","meta":{"_gspb_post_css":""},"product_brand":[],"product_cat":[20],"product_tag":[86,88,87],"class_list":{"0":"post-389","1":"product","2":"type-product","3":"status-publish","4":"has-post-thumbnail","6":"product_cat-hemispherical-head","7":"product_tag-hemispherical-dished-end-fittings","8":"product_tag-pressure-vessel-pipe-fittings","9":"product_tag-stainless-steel-pipe-caps","11":"first","12":"instock","13":"shipping-taxable","14":"product-type-simple"},"_links":{"self":[{"href":"https:\/\/thedishhead.com\/pt\/wp-json\/wp\/v2\/product\/389","targetHints":{"allow":["GET"]}}],"collection":[{"href":"https:\/\/thedishhead.com\/pt\/wp-json\/wp\/v2\/product"}],"about":[{"href":"https:\/\/thedishhead.com\/pt\/wp-json\/wp\/v2\/types\/product"}],"wp:featuredmedia":[{"embeddable":true,"href":"https:\/\/thedishhead.com\/pt\/wp-json\/wp\/v2\/media\/391"}],"wp:attachment":[{"href":"https:\/\/thedishhead.com\/pt\/wp-json\/wp\/v2\/media?parent=389"}],"wp:term":[{"taxonomy":"product_brand","embeddable":true,"href":"https:\/\/thedishhead.com\/pt\/wp-json\/wp\/v2\/product_brand?post=389"},{"taxonomy":"product_cat","embeddable":true,"href":"https:\/\/thedishhead.com\/pt\/wp-json\/wp\/v2\/product_cat?post=389"},{"taxonomy":"product_tag","embeddable":true,"href":"https:\/\/thedishhead.com\/pt\/wp-json\/wp\/v2\/product_tag?post=389"}],"curies":[{"name":"wp","href":"https:\/\/api.w.org\/{rel}","templated":true}]}}