{"id":1519,"date":"2026-01-21T06:29:50","date_gmt":"2026-01-21T06:29:50","guid":{"rendered":"https:\/\/thedishhead.com\/?post_type=product&#038;p=1519"},"modified":"2026-01-21T06:29:50","modified_gmt":"2026-01-21T06:29:50","slug":"custom-stainless-steel-hemispherical-head-manufacturer","status":"publish","type":"product","link":"https:\/\/thedishhead.com\/pt\/custom-stainless-steel-hemispherical-head-manufacturer\/","title":{"rendered":"Cabe\u00e7a hemisf\u00e9rica de a\u00e7o inoxid\u00e1vel personalizada Fabricante"},"content":{"rendered":"<p>Cabe\u00e7a hemisf\u00e9rica ASME para recipientes sob press\u00e3o, formada com precis\u00e3o para uma tens\u00e3o uniforme e desempenho a alta press\u00e3o. Dispon\u00edvel em a\u00e7o inoxid\u00e1vel e a\u00e7o-carbono com di\u00e2metro, espessura e bisel personalizado. Ideal para tanques ASME Sec\u00e7\u00e3o VIII, reactores, permutadores de calor e extremidades de caldeiras.<\/p>","protected":false},"excerpt":{"rendered":"<p>Cabe\u00e7as hemisf\u00e9ricas ASME de precis\u00e3o para recipientes da Sec\u00e7\u00e3o VIII - tamanhos, materiais e espessuras personalizados para tanques, reactores e caldeiras.<\/p>","protected":false},"featured_media":1510,"template":"","meta":{"_gspb_post_css":""},"product_brand":[],"product_cat":[401],"product_tag":[404,105,249],"class_list":{"0":"post-1519","1":"product","2":"type-product","3":"status-publish","4":"has-post-thumbnail","6":"product_cat-dish-end","7":"product_tag-asme-hemispherical-head","8":"product_tag-custom-tank-heads","9":"product_tag-pressure-vessel-end-cap","11":"first","12":"instock","13":"shipping-taxable","14":"product-type-simple"},"_links":{"self":[{"href":"https:\/\/thedishhead.com\/pt\/wp-json\/wp\/v2\/product\/1519","targetHints":{"allow":["GET"]}}],"collection":[{"href":"https:\/\/thedishhead.com\/pt\/wp-json\/wp\/v2\/product"}],"about":[{"href":"https:\/\/thedishhead.com\/pt\/wp-json\/wp\/v2\/types\/product"}],"wp:featuredmedia":[{"embeddable":true,"href":"https:\/\/thedishhead.com\/pt\/wp-json\/wp\/v2\/media\/1510"}],"wp:attachment":[{"href":"https:\/\/thedishhead.com\/pt\/wp-json\/wp\/v2\/media?parent=1519"}],"wp:term":[{"taxonomy":"product_brand","embeddable":true,"href":"https:\/\/thedishhead.com\/pt\/wp-json\/wp\/v2\/product_brand?post=1519"},{"taxonomy":"product_cat","embeddable":true,"href":"https:\/\/thedishhead.com\/pt\/wp-json\/wp\/v2\/product_cat?post=1519"},{"taxonomy":"product_tag","embeddable":true,"href":"https:\/\/thedishhead.com\/pt\/wp-json\/wp\/v2\/product_tag?post=1519"}],"curies":[{"name":"wp","href":"https:\/\/api.w.org\/{rel}","templated":true}]}}