{"id":905,"date":"2026-01-04T08:18:13","date_gmt":"2026-01-04T08:18:13","guid":{"rendered":"https:\/\/thedishhead.com\/?post_type=product&#038;p=905"},"modified":"2026-01-04T08:18:13","modified_gmt":"2026-01-04T08:18:13","slug":"high-quality-mild-steel-hemispherical-dished-head-manufacturer","status":"publish","type":"product","link":"https:\/\/thedishhead.com\/it\/high-quality-mild-steel-hemispherical-dished-head-manufacturer\/","title":{"rendered":"Testa svasata emisferica in acciaio dolce di alta qualit\u00e0 Produttore"},"content":{"rendered":"<p>In qualit\u00e0 di produttore di teste emisferiche svasate in acciaio dolce di alta qualit\u00e0, forniamo teste per recipienti durevoli progettate per serbatoi, caldaie e costruzioni di recipienti a pressione. La forma emisferica offre un'eccellente distribuzione delle sollecitazioni, rendendola ideale per le applicazioni a pressione pi\u00f9 elevata e migliorando l'integrit\u00e0 complessiva del recipiente. Prodotte con acciaio dolce di qualit\u00e0, queste teste offrono una buona saldabilit\u00e0 e una resistenza conveniente per l'uso industriale. Applichiamo processi di formatura controllati e un'ispezione dimensionale rigorosa per garantire una curvatura accurata, superfici lisce e un montaggio coerente per risultati di saldatura stabili. Sono disponibili personalizzazioni per diametro, spessore, altezza della flangia diritta e preparazione del bordo (smussato\/piatto), oltre a primer, verniciatura o rivestimenti anticorrosione opzionali per ambienti esterni o difficili. Ampiamente utilizzate nei settori della lavorazione chimica, del trattamento delle acque, dell'energia e della produzione in generale, le nostre teste emisferiche a disco offrono una tenuta affidabile, una lunga durata e un efficiente supporto alla fabbricazione per gli ordini OEM e di progetto.<\/p>","protected":false},"excerpt":{"rendered":"<p>Teste emisferiche bombate in acciaio dolce di alta qualit\u00e0 prodotte per serbatoi e recipienti a pressione. Formate con precisione per garantire prestazioni di pressione elevate, tenuta affidabile e facilit\u00e0 di saldatura. Diametri, spessori, bordi smussati e rivestimenti superficiali personalizzati sono disponibili per la fabbricazione industriale e la fornitura OEM.<\/p>","protected":false},"featured_media":390,"template":"","meta":{"_gspb_post_css":""},"product_brand":[],"product_cat":[20],"product_tag":[175,269,270],"class_list":{"0":"post-905","1":"product","2":"type-product","3":"status-publish","4":"has-post-thumbnail","6":"product_cat-hemispherical-head","7":"product_tag-custom-tank-end-closures","8":"product_tag-mild-steel-hemispherical-heads","9":"product_tag-pressure-vessel-dished-head-manufacturer","11":"first","12":"instock","13":"shipping-taxable","14":"product-type-simple"},"_links":{"self":[{"href":"https:\/\/thedishhead.com\/it\/wp-json\/wp\/v2\/product\/905","targetHints":{"allow":["GET"]}}],"collection":[{"href":"https:\/\/thedishhead.com\/it\/wp-json\/wp\/v2\/product"}],"about":[{"href":"https:\/\/thedishhead.com\/it\/wp-json\/wp\/v2\/types\/product"}],"wp:featuredmedia":[{"embeddable":true,"href":"https:\/\/thedishhead.com\/it\/wp-json\/wp\/v2\/media\/390"}],"wp:attachment":[{"href":"https:\/\/thedishhead.com\/it\/wp-json\/wp\/v2\/media?parent=905"}],"wp:term":[{"taxonomy":"product_brand","embeddable":true,"href":"https:\/\/thedishhead.com\/it\/wp-json\/wp\/v2\/product_brand?post=905"},{"taxonomy":"product_cat","embeddable":true,"href":"https:\/\/thedishhead.com\/it\/wp-json\/wp\/v2\/product_cat?post=905"},{"taxonomy":"product_tag","embeddable":true,"href":"https:\/\/thedishhead.com\/it\/wp-json\/wp\/v2\/product_tag?post=905"}],"curies":[{"name":"wp","href":"https:\/\/api.w.org\/{rel}","templated":true}]}}