{"id":870,"date":"2026-01-04T06:27:32","date_gmt":"2026-01-04T06:27:32","guid":{"rendered":"https:\/\/thedishhead.com\/?post_type=product&#038;p=870"},"modified":"2026-01-04T06:27:32","modified_gmt":"2026-01-04T06:27:32","slug":"carbon-steel-torispherical-head-for-oil-storage-tanks","status":"publish","type":"product","link":"https:\/\/thedishhead.com\/it\/carbon-steel-torispherical-head-for-oil-storage-tanks\/","title":{"rendered":"Testa torisferica in acciaio al carbonio per serbatoi di stoccaggio dell'olio"},"content":{"rendered":"<p>La nostra testa torisferica in acciaio al carbonio per serbatoi di stoccaggio del petrolio \u00e8 stata progettata per fornire una chiusura terminale forte e affidabile per i serbatoi e i recipienti utilizzati per lo stoccaggio di petrolio e carburante. Il profilo torisferico (bombato) aiuta a distribuire le sollecitazioni in modo efficiente, garantendo una migliore integrit\u00e0 strutturale rispetto alle estremit\u00e0 piatte e mantenendo al contempo una produzione economica. Prodotte in acciaio al carbonio di qualit\u00e0, queste teste offrono un'eccellente saldabilit\u00e0 e prestazioni stabili per la costruzione di serbatoi industriali. Utilizziamo processi di formatura controllati per garantire dimensioni accurate, superfici lisce e curvatura costante per un facile montaggio e una qualit\u00e0 di saldatura affidabile. Le opzioni personalizzate includono il diametro, lo spessore, la preparazione dei bordi (smussati o lisci) e il trattamento superficiale, come la verniciatura di fondo o il rivestimento anticorrosione, per adattarsi alle condizioni di servizio esterne e corrosive. Applicate comunemente nei serbatoi di stoccaggio del petrolio, nei serbatoi chimici, nei serbatoi per il trattamento delle acque e nei serbatoi industriali in generale, le nostre teste torisferiche garantiscono una lunga durata, una tenuta sicura e un progetto economicamente vantaggioso.<\/p>","protected":false},"excerpt":{"rendered":"<p>Teste torisferiche in acciaio al carbonio per serbatoi di stoccaggio dell'olio, formate con precisione per garantire resistenza e tenuta affidabile. Progettate per garantire prestazioni di pressione stabili e facilit\u00e0 di saldatura. Sono disponibili diametri, spessori e bordi smussati personalizzati, con rivestimento di fondo o anticorrosione opzionale per ambienti difficili.<\/p>","protected":false},"featured_media":551,"template":"","meta":{"_gspb_post_css":""},"product_brand":[],"product_cat":[17],"product_tag":[198,172,199],"class_list":{"0":"post-870","1":"product","2":"type-product","3":"status-publish","4":"has-post-thumbnail","6":"product_cat-torispherical-head","7":"product_tag-carbon-steel-torispherical-heads","8":"product_tag-custom-dished-tank-heads","9":"product_tag-oil-storage-tank-end-caps","11":"first","12":"instock","13":"shipping-taxable","14":"product-type-simple"},"_links":{"self":[{"href":"https:\/\/thedishhead.com\/it\/wp-json\/wp\/v2\/product\/870","targetHints":{"allow":["GET"]}}],"collection":[{"href":"https:\/\/thedishhead.com\/it\/wp-json\/wp\/v2\/product"}],"about":[{"href":"https:\/\/thedishhead.com\/it\/wp-json\/wp\/v2\/types\/product"}],"wp:featuredmedia":[{"embeddable":true,"href":"https:\/\/thedishhead.com\/it\/wp-json\/wp\/v2\/media\/551"}],"wp:attachment":[{"href":"https:\/\/thedishhead.com\/it\/wp-json\/wp\/v2\/media?parent=870"}],"wp:term":[{"taxonomy":"product_brand","embeddable":true,"href":"https:\/\/thedishhead.com\/it\/wp-json\/wp\/v2\/product_brand?post=870"},{"taxonomy":"product_cat","embeddable":true,"href":"https:\/\/thedishhead.com\/it\/wp-json\/wp\/v2\/product_cat?post=870"},{"taxonomy":"product_tag","embeddable":true,"href":"https:\/\/thedishhead.com\/it\/wp-json\/wp\/v2\/product_tag?post=870"}],"curies":[{"name":"wp","href":"https:\/\/api.w.org\/{rel}","templated":true}]}}