{"id":861,"date":"2026-01-04T06:01:32","date_gmt":"2026-01-04T06:01:32","guid":{"rendered":"https:\/\/thedishhead.com\/?post_type=product&#038;p=861"},"modified":"2026-01-04T06:01:32","modified_gmt":"2026-01-04T06:01:32","slug":"high-quality-low-priced-steel-flat-bottom-head-for-tanks","status":"publish","type":"product","link":"https:\/\/thedishhead.com\/it\/high-quality-low-priced-steel-flat-bottom-head-for-tanks\/","title":{"rendered":"Testa a fondo piatto in acciaio di alta qualit\u00e0 a basso prezzo per serbatoi"},"content":{"rendered":"<p>La nostra testa a fondo piatto in acciaio di alta qualit\u00e0 e a basso prezzo per serbatoi \u00e8 una soluzione economica per la fabbricazione di serbatoi, recipienti di stoccaggio e attrezzature industriali che richiedono una solida chiusura o base a fondo piatto. Prodotta con formatura controllata e rigorosi controlli dimensionali, offre un supporto stabile per il carico, un montaggio accurato e prestazioni di saldatura costanti. Offriamo opzioni di materiali, tra cui l'acciaio al carbonio e l'acciaio inossidabile, per adattarsi alle diverse condizioni di lavoro, dallo stoccaggio generale agli ambienti soggetti a corrosione. \u00c8 possibile personalizzare il diametro, lo spessore, la preparazione dei bordi (smussati o lisci) e il trattamento superficiale, come il primer o il rivestimento antiruggine. Il design a fondo piatto semplifica l'installazione ed \u00e8 ampiamente utilizzato nel trattamento delle acque, nello stoccaggio di prodotti chimici, nell'energia, nella lavorazione degli alimenti e nella fabbricazione in generale. Grazie a un controllo di qualit\u00e0 affidabile e a prezzi di fabbrica competitivi, le nostre teste a fondo piatto contribuiscono a ridurre il costo totale del progetto, mantenendo al contempo la durata, l'integrit\u00e0 della tenuta e la lunga vita utile.<\/p>","protected":false},"excerpt":{"rendered":"<p>Teste a fondo piatto in acciaio di alta qualit\u00e0 e a basso prezzo per serbatoi e recipienti. Formate con precisione per garantire un supporto robusto, una tenuta affidabile e una facile saldatura. Disponibili in acciaio al carbonio o in acciaio inox con diametri, spessori e bordi smussati personalizzati per adattarsi a progetti di fabbricazione industriale e OEM. La nostra testa a fondo piatto in acciaio di alta qualit\u00e0 e a basso prezzo per serbatoi \u00e8 una soluzione economica per la fabbricazione di serbatoi, recipienti di stoccaggio e apparecchiature industriali che richiedono una chiusura o una base robusta a fondo piatto. Prodotta con formatura controllata e rigorosi controlli dimensionali, offre un supporto stabile per il carico, un montaggio accurato e prestazioni di saldatura costanti. Offriamo opzioni di materiali, tra cui l'acciaio al carbonio e l'acciaio inossidabile, per adattarsi alle diverse condizioni di lavoro, dallo stoccaggio generale agli ambienti soggetti a corrosione. \u00c8 possibile personalizzare il diametro, lo spessore, la preparazione dei bordi (smussati o lisci) e il trattamento superficiale, come il primer o il rivestimento antiruggine. Il design a fondo piatto semplifica l'installazione ed \u00e8 ampiamente utilizzato nel trattamento delle acque, nello stoccaggio di prodotti chimici, nell'energia, nella lavorazione degli alimenti e nella fabbricazione in generale. Grazie a un controllo di qualit\u00e0 affidabile e a prezzi di fabbrica competitivi, le nostre teste a fondo piatto contribuiscono a ridurre il costo totale del progetto, mantenendo al contempo la durata, l'integrit\u00e0 della tenuta e la lunga vita utile.<\/p>","protected":false},"featured_media":699,"template":"","meta":{"_gspb_post_css":""},"product_brand":[],"product_cat":[19],"product_tag":[178,176,177],"class_list":{"0":"post-861","1":"product","2":"type-product","3":"status-publish","4":"has-post-thumbnail","6":"product_cat-flat-dish-head","7":"product_tag-low-cost-vessel-components","8":"product_tag-steel-flat-bottom-heads","9":"product_tag-tank-end-caps","11":"first","12":"instock","13":"shipping-taxable","14":"product-type-simple"},"_links":{"self":[{"href":"https:\/\/thedishhead.com\/it\/wp-json\/wp\/v2\/product\/861","targetHints":{"allow":["GET"]}}],"collection":[{"href":"https:\/\/thedishhead.com\/it\/wp-json\/wp\/v2\/product"}],"about":[{"href":"https:\/\/thedishhead.com\/it\/wp-json\/wp\/v2\/types\/product"}],"wp:featuredmedia":[{"embeddable":true,"href":"https:\/\/thedishhead.com\/it\/wp-json\/wp\/v2\/media\/699"}],"wp:attachment":[{"href":"https:\/\/thedishhead.com\/it\/wp-json\/wp\/v2\/media?parent=861"}],"wp:term":[{"taxonomy":"product_brand","embeddable":true,"href":"https:\/\/thedishhead.com\/it\/wp-json\/wp\/v2\/product_brand?post=861"},{"taxonomy":"product_cat","embeddable":true,"href":"https:\/\/thedishhead.com\/it\/wp-json\/wp\/v2\/product_cat?post=861"},{"taxonomy":"product_tag","embeddable":true,"href":"https:\/\/thedishhead.com\/it\/wp-json\/wp\/v2\/product_tag?post=861"}],"curies":[{"name":"wp","href":"https:\/\/api.w.org\/{rel}","templated":true}]}}