{"id":941,"date":"2026-01-04T11:25:45","date_gmt":"2026-01-04T11:25:45","guid":{"rendered":"https:\/\/thedishhead.com\/?post_type=product&#038;p=941"},"modified":"2026-01-04T11:25:46","modified_gmt":"2026-01-04T11:25:46","slug":"q355-hemispherical-boiler-1cr5mo-pipe-cap-head-pipe-cap","status":"publish","type":"product","link":"https:\/\/thedishhead.com\/fr\/q355-hemispherical-boiler-1cr5mo-pipe-cap-head-pipe-cap\/","title":{"rendered":"Q355 Hemispherical Boiler 1Cr5Mo Pipe Cap Head Pipe Cap (Capuchon de tube h\u00e9misph\u00e9rique pour chaudi\u00e8re)"},"content":{"rendered":"<p data-start=\"363\" data-end=\"736\">Nos t\u00eates de bouchons h\u00e9misph\u00e9riques Q355 pour chaudi\u00e8res 1Cr5Mo sont con\u00e7ues pour \u00eatre utilis\u00e9es dans les syst\u00e8mes de chaudi\u00e8res \u00e0 haute pression, les pipelines et les r\u00e9acteurs. Fabriqu\u00e9s en acier au carbone Q355 et en alliage 1Cr5Mo, ces bouchons de tuyaux offrent une solidit\u00e9, une r\u00e9sistance \u00e0 la chaleur et une protection contre la corrosion exceptionnelles, ce qui les rend adapt\u00e9s aux applications industrielles exigeantes.<\/p>\n<p data-start=\"738\" data-end=\"1017\">La forme h\u00e9misph\u00e9rique assure une r\u00e9partition efficace des contraintes, ce qui renforce l'int\u00e9grit\u00e9 structurelle et la s\u00e9curit\u00e9 du syst\u00e8me. Ces capuchons sont largement utilis\u00e9s dans les secteurs de l'\u00e9nergie, de la chimie, du p\u00e9trole et du gaz, o\u00f9 ils assurent une \u00e9tanch\u00e9it\u00e9 et des performances fiables dans des environnements \u00e0 haute temp\u00e9rature.<\/p>\n<p data-start=\"1019\" data-end=\"1343\" data-is-last-node=\"\" data-is-only-node=\"\">Des options de fabrication sur mesure sont disponibles pour le diam\u00e8tre, l'\u00e9paisseur et la pr\u00e9paration des bords en fonction des sp\u00e9cifications du projet. Nos produits sont soumis \u00e0 un contr\u00f4le de qualit\u00e9 rigoureux afin de garantir leur coh\u00e9rence, leur durabilit\u00e9 et leur conformit\u00e9 aux normes industrielles. Des certificats de mat\u00e9riaux et des rapports d'inspection peuvent \u00eatre fournis pour plus d'assurance.<\/p>","protected":false},"excerpt":{"rendered":"<p>Le bouchon h\u00e9misph\u00e9rique Q355 pour chaudi\u00e8re 1Cr5Mo est form\u00e9 avec pr\u00e9cision pour les applications \u00e0 haute pression. Fabriqu\u00e9 en acier au carbone Q355 et en alliage 1Cr5Mo, il offre une excellente solidit\u00e9, une r\u00e9sistance \u00e0 la corrosion et une grande durabilit\u00e9 pour les chaudi\u00e8res, les canalisations et les r\u00e9acteurs. Dimensions, \u00e9paisseurs et pr\u00e9parations des bords sur mesure disponibles.<\/p>","protected":false},"featured_media":668,"template":"","meta":{"_gspb_post_css":""},"product_brand":[],"product_cat":[20],"product_tag":[319,320,318],"class_list":{"0":"post-941","1":"product","2":"type-product","3":"status-publish","4":"has-post-thumbnail","6":"product_cat-hemispherical-head","7":"product_tag-1cr5mo-boiler-pipe-cap","8":"product_tag-high-pressure-pipe-cap-head","9":"product_tag-q355-hemispherical-pipe-cap","11":"first","12":"instock","13":"shipping-taxable","14":"product-type-simple"},"_links":{"self":[{"href":"https:\/\/thedishhead.com\/fr\/wp-json\/wp\/v2\/product\/941","targetHints":{"allow":["GET"]}}],"collection":[{"href":"https:\/\/thedishhead.com\/fr\/wp-json\/wp\/v2\/product"}],"about":[{"href":"https:\/\/thedishhead.com\/fr\/wp-json\/wp\/v2\/types\/product"}],"wp:featuredmedia":[{"embeddable":true,"href":"https:\/\/thedishhead.com\/fr\/wp-json\/wp\/v2\/media\/668"}],"wp:attachment":[{"href":"https:\/\/thedishhead.com\/fr\/wp-json\/wp\/v2\/media?parent=941"}],"wp:term":[{"taxonomy":"product_brand","embeddable":true,"href":"https:\/\/thedishhead.com\/fr\/wp-json\/wp\/v2\/product_brand?post=941"},{"taxonomy":"product_cat","embeddable":true,"href":"https:\/\/thedishhead.com\/fr\/wp-json\/wp\/v2\/product_cat?post=941"},{"taxonomy":"product_tag","embeddable":true,"href":"https:\/\/thedishhead.com\/fr\/wp-json\/wp\/v2\/product_tag?post=941"}],"curies":[{"name":"wp","href":"https:\/\/api.w.org\/{rel}","templated":true}]}}