{"id":934,"date":"2026-01-04T10:47:38","date_gmt":"2026-01-04T10:47:38","guid":{"rendered":"https:\/\/thedishhead.com\/?post_type=product&#038;p=934"},"modified":"2026-01-04T10:47:39","modified_gmt":"2026-01-04T10:47:39","slug":"manufacture-of-stainless-steel-hemispherical-head","status":"publish","type":"product","link":"https:\/\/thedishhead.com\/fr\/manufacture-of-stainless-steel-hemispherical-head\/","title":{"rendered":"Fabrication de t\u00eates h\u00e9misph\u00e9riques en acier inoxydable"},"content":{"rendered":"<p>En tant que fabricant de t\u00eates h\u00e9misph\u00e9riques en acier inoxydable de haute qualit\u00e9, nous fournissons des t\u00eates durables con\u00e7ues pour les r\u00e9servoirs, les chaudi\u00e8res et la fabrication d'appareils \u00e0 pression. La forme h\u00e9misph\u00e9rique offre une excellente r\u00e9partition des contraintes, ce qui la rend id\u00e9ale pour les applications \u00e0 haute pression et am\u00e9liore l'int\u00e9grit\u00e9 globale de la cuve. Fabriqu\u00e9s en acier doux de qualit\u00e9, ces fonds offrent une bonne soudabilit\u00e9 et une r\u00e9sistance rentable pour une utilisation industrielle. Nous appliquons des processus de formage contr\u00f4l\u00e9s et une inspection dimensionnelle stricte pour garantir une courbure pr\u00e9cise, des surfaces lisses et un ajustement coh\u00e9rent pour des r\u00e9sultats de soudage stables. Il est possible de personnaliser le diam\u00e8tre, l'\u00e9paisseur, la hauteur de la bride droite et la pr\u00e9paration des bords (biseau\/plat), ainsi que d'opter pour un appr\u00eat, une peinture ou un rev\u00eatement anticorrosion pour les environnements ext\u00e9rieurs ou difficiles. Largement utilis\u00e9s dans le traitement chimique, le traitement de l'eau, l'\u00e9nergie et la fabrication g\u00e9n\u00e9rale, nos fonds bomb\u00e9s h\u00e9misph\u00e9riques offrent une \u00e9tanch\u00e9it\u00e9 fiable, une longue dur\u00e9e de vie et un support de fabrication efficace pour les commandes OEM et les projets.<\/p>","protected":false},"excerpt":{"rendered":"<p>T\u00eates h\u00e9misph\u00e9riques en acier inoxydable de haute qualit\u00e9 fabriqu\u00e9es pour les r\u00e9servoirs et les cuves sous pression. Elles sont form\u00e9es avec pr\u00e9cision pour assurer de bonnes performances en mati\u00e8re de pression, une \u00e9tanch\u00e9it\u00e9 fiable et un soudage facile. Diam\u00e8tres, \u00e9paisseurs, bords biseaut\u00e9s et rev\u00eatements de surface personnalis\u00e9s disponibles pour la fabrication industrielle et la fourniture OEM.<\/p>","protected":false},"featured_media":665,"template":"","meta":{"_gspb_post_css":""},"product_brand":[],"product_cat":[20],"product_tag":[175,310,270,140],"class_list":{"0":"post-934","1":"product","2":"type-product","3":"status-publish","4":"has-post-thumbnail","6":"product_cat-hemispherical-head","7":"product_tag-custom-tank-end-closures","8":"product_tag-hemispherical-heads","9":"product_tag-pressure-vessel-dished-head-manufacturer","10":"product_tag-stainless-steel-hemispherical-heads","12":"first","13":"instock","14":"shipping-taxable","15":"product-type-simple"},"_links":{"self":[{"href":"https:\/\/thedishhead.com\/fr\/wp-json\/wp\/v2\/product\/934","targetHints":{"allow":["GET"]}}],"collection":[{"href":"https:\/\/thedishhead.com\/fr\/wp-json\/wp\/v2\/product"}],"about":[{"href":"https:\/\/thedishhead.com\/fr\/wp-json\/wp\/v2\/types\/product"}],"wp:featuredmedia":[{"embeddable":true,"href":"https:\/\/thedishhead.com\/fr\/wp-json\/wp\/v2\/media\/665"}],"wp:attachment":[{"href":"https:\/\/thedishhead.com\/fr\/wp-json\/wp\/v2\/media?parent=934"}],"wp:term":[{"taxonomy":"product_brand","embeddable":true,"href":"https:\/\/thedishhead.com\/fr\/wp-json\/wp\/v2\/product_brand?post=934"},{"taxonomy":"product_cat","embeddable":true,"href":"https:\/\/thedishhead.com\/fr\/wp-json\/wp\/v2\/product_cat?post=934"},{"taxonomy":"product_tag","embeddable":true,"href":"https:\/\/thedishhead.com\/fr\/wp-json\/wp\/v2\/product_tag?post=934"}],"curies":[{"name":"wp","href":"https:\/\/api.w.org\/{rel}","templated":true}]}}