{"id":932,"date":"2026-01-04T10:38:32","date_gmt":"2026-01-04T10:38:32","guid":{"rendered":"https:\/\/thedishhead.com\/?post_type=product&#038;p=932"},"modified":"2026-01-04T10:38:32","modified_gmt":"2026-01-04T10:38:32","slug":"304-stainless-steel-semi-spherical-head-stamped-hemisphere","status":"publish","type":"product","link":"https:\/\/thedishhead.com\/fr\/304-stainless-steel-semi-spherical-head-stamped-hemisphere\/","title":{"rendered":"H\u00e9misph\u00e8re estampill\u00e9 \u00e0 t\u00eate semi-sph\u00e9rique en acier inoxydable 304"},"content":{"rendered":"<p data-start=\"367\" data-end=\"836\">L'h\u00e9misph\u00e8re estamp\u00e9 \u00e0 t\u00eate semi-sph\u00e9rique en acier inoxydable 304 est fabriqu\u00e9 pour des performances fiables dans des utilisations industrielles et d\u00e9coratives. Fabriqu\u00e9 en SS304, il offre une bonne r\u00e9sistance \u00e0 la corrosion et une bonne durabilit\u00e9, ce qui le rend adapt\u00e9 aux \u00e9quipements expos\u00e9s \u00e0 l'humidit\u00e9, aux produits chimiques doux et aux conditions ext\u00e9rieures. Le processus d'estampage permet d'obtenir une courbure pr\u00e9cise et des dimensions stables, ce qui contribue \u00e0 garantir un ajustement coh\u00e9rent et un aspect propre.<\/p>\n<p data-start=\"838\" data-end=\"1086\">Ces h\u00e9misph\u00e8res sont couramment utilis\u00e9s pour les composants de r\u00e9servoirs et de cuves, les fermetures d'extr\u00e9mit\u00e9, les d\u00f4mes et la fabrication m\u00e9tallique sur mesure. Ils peuvent \u00e9galement \u00eatre utilis\u00e9s dans la d\u00e9coration architecturale, les sculptures et les projets d'exposition lorsqu'une forme arrondie et lisse est requise.<\/p>\n<p data-start=\"1088\" data-end=\"1427\" data-is-last-node=\"\" data-is-only-node=\"\">Nous proposons diff\u00e9rents diam\u00e8tres, \u00e9paisseurs et options de finition telles que le brossage ou le polissage miroir. La pr\u00e9paration des bords et les d\u00e9tails de fabrication peuvent \u00eatre personnalis\u00e9s selon les dessins, y compris l'\u00e9barbage, le biseautage ou les tol\u00e9rances de soudage. L'inspection de la qualit\u00e9 et l'emballage s\u00e9curis\u00e9 sont disponibles pour r\u00e9pondre aux exigences du projet et assurer une livraison en toute s\u00e9curit\u00e9.<\/p>","protected":false},"excerpt":{"rendered":"<p>L'h\u00e9misph\u00e8re estamp\u00e9 \u00e0 t\u00eate semi-sph\u00e9rique en acier inoxydable 304 est form\u00e9 avec pr\u00e9cision pour les r\u00e9servoirs, les cuves et les applications d\u00e9coratives. Il offre une bonne r\u00e9sistance \u00e0 la corrosion, une qualit\u00e9 de surface lisse et une courbure r\u00e9guli\u00e8re. Disponible en plusieurs diam\u00e8tres et \u00e9paisseurs, avec polissage optionnel et pr\u00e9paration personnalis\u00e9e des bords.<\/p>","protected":false},"featured_media":675,"template":"","meta":{"_gspb_post_css":""},"product_brand":[],"product_cat":[20],"product_tag":[307,309,308],"class_list":{"0":"post-932","1":"product","2":"type-product","3":"status-publish","4":"has-post-thumbnail","6":"product_cat-hemispherical-head","7":"product_tag-304-stainless-steel-hemisphere","8":"product_tag-stainless-steel-dome-cap","9":"product_tag-stamped-semi-spherical-head","11":"first","12":"instock","13":"shipping-taxable","14":"product-type-simple"},"_links":{"self":[{"href":"https:\/\/thedishhead.com\/fr\/wp-json\/wp\/v2\/product\/932","targetHints":{"allow":["GET"]}}],"collection":[{"href":"https:\/\/thedishhead.com\/fr\/wp-json\/wp\/v2\/product"}],"about":[{"href":"https:\/\/thedishhead.com\/fr\/wp-json\/wp\/v2\/types\/product"}],"wp:featuredmedia":[{"embeddable":true,"href":"https:\/\/thedishhead.com\/fr\/wp-json\/wp\/v2\/media\/675"}],"wp:attachment":[{"href":"https:\/\/thedishhead.com\/fr\/wp-json\/wp\/v2\/media?parent=932"}],"wp:term":[{"taxonomy":"product_brand","embeddable":true,"href":"https:\/\/thedishhead.com\/fr\/wp-json\/wp\/v2\/product_brand?post=932"},{"taxonomy":"product_cat","embeddable":true,"href":"https:\/\/thedishhead.com\/fr\/wp-json\/wp\/v2\/product_cat?post=932"},{"taxonomy":"product_tag","embeddable":true,"href":"https:\/\/thedishhead.com\/fr\/wp-json\/wp\/v2\/product_tag?post=932"}],"curies":[{"name":"wp","href":"https:\/\/api.w.org\/{rel}","templated":true}]}}