{"id":915,"date":"2026-01-04T09:15:33","date_gmt":"2026-01-04T09:15:33","guid":{"rendered":"https:\/\/thedishhead.com\/?post_type=product&#038;p=915"},"modified":"2026-01-04T09:15:34","modified_gmt":"2026-01-04T09:15:34","slug":"polished-steel-decorative-balls-elegant-and-stylish-design","status":"publish","type":"product","link":"https:\/\/thedishhead.com\/fr\/polished-steel-decorative-balls-elegant-and-stylish-design\/","title":{"rendered":"Boules d\u00e9coratives en acier poli - Design \u00e9l\u00e9gant et styl\u00e9"},"content":{"rendered":"<p>Ajoutez une touche d'\u00e9l\u00e9gance moderne \u00e0 votre espace avec nos boules d\u00e9coratives en acier poli. Fabriqu\u00e9es en acier de haute qualit\u00e9, ces sph\u00e8res \u00e9tonnantes pr\u00e9sentent une finition miroir qui cr\u00e9e des effets visuels saisissants dans n'importe quel environnement. Qu'elles soient utilis\u00e9es comme centre de table dans votre salon, comme pi\u00e8ces d'accent dans votre jardin ou pour am\u00e9liorer l'esth\u00e9tique de votre bureau, ces boules d\u00e9coratives s'int\u00e8grent parfaitement \u00e0 diff\u00e9rents styles d'int\u00e9rieur et d'ext\u00e9rieur. Disponibles dans une vari\u00e9t\u00e9 de couleurs et de tailles, y compris des tons m\u00e9talliques classiques et des teintes vibrantes, elles offrent polyvalence et sophistication. Leur surface r\u00e9fl\u00e9chissante en fait un choix parfait pour cr\u00e9er des d\u00e9clarations visuelles audacieuses ou ajouter une touche subtile de luxe. Id\u00e9ales pour la d\u00e9coration int\u00e9rieure, l'am\u00e9nagement paysager et les installations artistiques, ces boules d\u00e9coratives en acier poli sont durables, n\u00e9cessitent peu d'entretien et sont intemporelles, apportant \u00e0 la fois style et fonctionnalit\u00e9 \u00e0 tout espace.<\/p>","protected":false},"excerpt":{"rendered":"<p>Nos boules d\u00e9coratives en acier poli pr\u00e9sentent une finition \u00e9l\u00e9gante, semblable \u00e0 un miroir, qui ajoute de l'\u00e9l\u00e9gance et de la sophistication \u00e0 n'importe quel espace. Parfaites pour l'int\u00e9rieur comme pour l'ext\u00e9rieur, ces sph\u00e8res polyvalentes se d\u00e9clinent en plusieurs tailles et couleurs pour s'adapter \u00e0 tous les styles et cr\u00e9er un impact visuel \u00e9poustouflant.<\/p>","protected":false},"featured_media":462,"template":"","meta":{"_gspb_post_css":""},"product_brand":[],"product_cat":[21],"product_tag":[283,282,284],"class_list":{"0":"post-915","1":"product","2":"type-product","3":"status-publish","4":"has-post-thumbnail","6":"product_cat-stainless-sphere","7":"product_tag-modern-garden-ornaments","8":"product_tag-polished-steel-decorative-spheres","9":"product_tag-reflective-steel-balls","11":"first","12":"instock","13":"shipping-taxable","14":"product-type-simple"},"_links":{"self":[{"href":"https:\/\/thedishhead.com\/fr\/wp-json\/wp\/v2\/product\/915","targetHints":{"allow":["GET"]}}],"collection":[{"href":"https:\/\/thedishhead.com\/fr\/wp-json\/wp\/v2\/product"}],"about":[{"href":"https:\/\/thedishhead.com\/fr\/wp-json\/wp\/v2\/types\/product"}],"wp:featuredmedia":[{"embeddable":true,"href":"https:\/\/thedishhead.com\/fr\/wp-json\/wp\/v2\/media\/462"}],"wp:attachment":[{"href":"https:\/\/thedishhead.com\/fr\/wp-json\/wp\/v2\/media?parent=915"}],"wp:term":[{"taxonomy":"product_brand","embeddable":true,"href":"https:\/\/thedishhead.com\/fr\/wp-json\/wp\/v2\/product_brand?post=915"},{"taxonomy":"product_cat","embeddable":true,"href":"https:\/\/thedishhead.com\/fr\/wp-json\/wp\/v2\/product_cat?post=915"},{"taxonomy":"product_tag","embeddable":true,"href":"https:\/\/thedishhead.com\/fr\/wp-json\/wp\/v2\/product_tag?post=915"}],"curies":[{"name":"wp","href":"https:\/\/api.w.org\/{rel}","templated":true}]}}