{"id":909,"date":"2026-01-04T08:58:28","date_gmt":"2026-01-04T08:58:28","guid":{"rendered":"https:\/\/thedishhead.com\/?post_type=product&#038;p=909"},"modified":"2026-01-13T07:12:56","modified_gmt":"2026-01-13T07:12:56","slug":"custom-carbon-steel-firepit-bowl-tailored-to-your-style","status":"publish","type":"product","link":"https:\/\/thedishhead.com\/fr\/custom-carbon-steel-firepit-bowl-tailored-to-your-style\/","title":{"rendered":"Bol de foyer en acier au carbone personnalis\u00e9 - Adapt\u00e9 \u00e0 votre style"},"content":{"rendered":"<p>Ajoutez une touche de chaleur et d'\u00e9l\u00e9gance \u00e0 votre espace ext\u00e9rieur avec nos bols de foyer en acier au carbone personnalis\u00e9s. Con\u00e7us pour \u00eatre \u00e0 la fois fonctionnels et esth\u00e9tiques, ces foyers sont fabriqu\u00e9s en acier au carbone de premi\u00e8re qualit\u00e9, ce qui leur conf\u00e8re une solidit\u00e9 et une r\u00e9sistance sup\u00e9rieures aux \u00e9l\u00e9ments. Que vous souhaitiez profiter d'un feu confortable lors d'une soir\u00e9e fra\u00eeche ou organiser une r\u00e9union entre amis, nos bols de foyer cr\u00e9ent l'ambiance parfaite. Nous offrons une gamme d'options de personnalisation, y compris la taille, le design et la finition, ce qui vous permet d'adapter votre foyer \u00e0 votre style d'ext\u00e9rieur unique. Ces foyers ne sont pas seulement pratiques, ils sont aussi une pi\u00e8ce ma\u00eetresse, ajoutant un charme rustique ou une sophistication moderne \u00e0 votre espace. Id\u00e9aux pour les patios, les jardins ou les grandes cours, ils constituent un moyen s\u00fbr et magnifique de profiter de l'ext\u00e9rieur. Cr\u00e9ez votre foyer id\u00e9al gr\u00e2ce \u00e0 nos solutions sur mesure en mati\u00e8re de chaleur, de confort et de style.<\/p>","protected":false},"excerpt":{"rendered":"<p>Am\u00e9liorez votre exp\u00e9rience en plein air avec nos bols de foyer en acier au carbone personnalis\u00e9s. Ces b\u00fbchers robustes et \u00e9l\u00e9gants sont fabriqu\u00e9s en acier au carbone de haute qualit\u00e9, offrant une durabilit\u00e9 et une performance \u00e0 long terme. Gr\u00e2ce aux diff\u00e9rentes tailles et finitions personnalis\u00e9es, vous pouvez cr\u00e9er le foyer parfait adapt\u00e9 \u00e0 votre espace.<\/p>","protected":false},"featured_media":1394,"template":"","meta":{"_gspb_post_css":""},"product_brand":[],"product_cat":[22],"product_tag":[276,278,277],"class_list":{"0":"post-909","1":"product","2":"type-product","3":"status-publish","4":"has-post-thumbnail","6":"product_cat-firepit-bowl","7":"product_tag-custom-carbon-steel-firepits","8":"product_tag-durable-fire-pits-for-gardens","9":"product_tag-outdoor-firepit-bowls","11":"first","12":"instock","13":"shipping-taxable","14":"product-type-simple"},"_links":{"self":[{"href":"https:\/\/thedishhead.com\/fr\/wp-json\/wp\/v2\/product\/909","targetHints":{"allow":["GET"]}}],"collection":[{"href":"https:\/\/thedishhead.com\/fr\/wp-json\/wp\/v2\/product"}],"about":[{"href":"https:\/\/thedishhead.com\/fr\/wp-json\/wp\/v2\/types\/product"}],"wp:featuredmedia":[{"embeddable":true,"href":"https:\/\/thedishhead.com\/fr\/wp-json\/wp\/v2\/media\/1394"}],"wp:attachment":[{"href":"https:\/\/thedishhead.com\/fr\/wp-json\/wp\/v2\/media?parent=909"}],"wp:term":[{"taxonomy":"product_brand","embeddable":true,"href":"https:\/\/thedishhead.com\/fr\/wp-json\/wp\/v2\/product_brand?post=909"},{"taxonomy":"product_cat","embeddable":true,"href":"https:\/\/thedishhead.com\/fr\/wp-json\/wp\/v2\/product_cat?post=909"},{"taxonomy":"product_tag","embeddable":true,"href":"https:\/\/thedishhead.com\/fr\/wp-json\/wp\/v2\/product_tag?post=909"}],"curies":[{"name":"wp","href":"https:\/\/api.w.org\/{rel}","templated":true}]}}