{"id":886,"date":"2026-01-04T07:12:08","date_gmt":"2026-01-04T07:12:08","guid":{"rendered":"https:\/\/thedishhead.com\/?post_type=product&#038;p=886"},"modified":"2026-01-04T07:12:54","modified_gmt":"2026-01-04T07:12:54","slug":"stainless-steel-torispherical-head-for-pressure-vessel-tanks","status":"publish","type":"product","link":"https:\/\/thedishhead.com\/fr\/stainless-steel-torispherical-head-for-pressure-vessel-tanks\/","title":{"rendered":"T\u00eate torisph\u00e9rique en acier inoxydable pour r\u00e9servoirs sous pression"},"content":{"rendered":"<p>Notre t\u00eate torisph\u00e9rique en acier inoxydable pour r\u00e9servoirs sous pression est con\u00e7ue pour des performances s\u00fbres et durables dans la fabrication de r\u00e9servoirs et d'appareils sous pression. Le profil torisph\u00e9rique (bomb\u00e9) r\u00e9partit efficacement les contraintes, ce qui en fait un choix pratique et largement utilis\u00e9 pour de nombreuses conceptions de r\u00e9servoirs. Fabriqu\u00e9e en acier inoxydable de premi\u00e8re qualit\u00e9 (304 ou 316), elle offre une excellente r\u00e9sistance \u00e0 la corrosion dans les environnements chimiques, alimentaires, pharmaceutiques et de traitement de l'eau. Chaque t\u00eate est produite avec un formage contr\u00f4l\u00e9 pour garantir des dimensions pr\u00e9cises, des surfaces lisses et un ajustement stable de la soudure. Nous offrons une grande souplesse de personnalisation, notamment en ce qui concerne le diam\u00e8tre, l'\u00e9paisseur, la pr\u00e9paration des bords (biseau\/plat) et la finition de la surface, afin de r\u00e9pondre aux diff\u00e9rentes normes et exigences des projets. Gr\u00e2ce \u00e0 un contr\u00f4le de qualit\u00e9 fiable et \u00e0 la capacit\u00e9 d'approvisionnement du fabricant, nos t\u00eates torisph\u00e9riques permettent de r\u00e9duire les risques de fabrication, d'am\u00e9liorer l'int\u00e9grit\u00e9 de l'\u00e9tanch\u00e9it\u00e9 et de prolonger la dur\u00e9e de vie dans les applications sous pression exigeantes.<\/p>","protected":false},"excerpt":{"rendered":"<p>T\u00eates torisph\u00e9riques en acier inoxydable pour r\u00e9servoirs sous pression, form\u00e9es avec pr\u00e9cision pour assurer la solidit\u00e9 et une \u00e9tanch\u00e9it\u00e9 fiable. R\u00e9sistantes \u00e0 la corrosion (options 304\/316) avec une surface lisse et une courbure r\u00e9guli\u00e8re. Diam\u00e8tre, \u00e9paisseur et bord biseaut\u00e9 disponibles sur mesure pour faciliter les projets de soudage et de fabrication.<\/p>","protected":false},"featured_media":567,"template":"","meta":{"_gspb_post_css":""},"product_brand":[],"product_cat":[17],"product_tag":[149,125,170],"class_list":{"0":"post-886","1":"product","2":"type-product","3":"status-publish","4":"has-post-thumbnail","6":"product_cat-torispherical-head","7":"product_tag-custom-dished-head-fabrication","8":"product_tag-pressure-vessel-tank-heads","9":"product_tag-stainless-steel-torispherical-heads","11":"first","12":"instock","13":"shipping-taxable","14":"product-type-simple"},"_links":{"self":[{"href":"https:\/\/thedishhead.com\/fr\/wp-json\/wp\/v2\/product\/886","targetHints":{"allow":["GET"]}}],"collection":[{"href":"https:\/\/thedishhead.com\/fr\/wp-json\/wp\/v2\/product"}],"about":[{"href":"https:\/\/thedishhead.com\/fr\/wp-json\/wp\/v2\/types\/product"}],"wp:featuredmedia":[{"embeddable":true,"href":"https:\/\/thedishhead.com\/fr\/wp-json\/wp\/v2\/media\/567"}],"wp:attachment":[{"href":"https:\/\/thedishhead.com\/fr\/wp-json\/wp\/v2\/media?parent=886"}],"wp:term":[{"taxonomy":"product_brand","embeddable":true,"href":"https:\/\/thedishhead.com\/fr\/wp-json\/wp\/v2\/product_brand?post=886"},{"taxonomy":"product_cat","embeddable":true,"href":"https:\/\/thedishhead.com\/fr\/wp-json\/wp\/v2\/product_cat?post=886"},{"taxonomy":"product_tag","embeddable":true,"href":"https:\/\/thedishhead.com\/fr\/wp-json\/wp\/v2\/product_tag?post=886"}],"curies":[{"name":"wp","href":"https:\/\/api.w.org\/{rel}","templated":true}]}}