{"id":884,"date":"2026-01-04T07:15:54","date_gmt":"2026-01-04T07:15:54","guid":{"rendered":"https:\/\/thedishhead.com\/?post_type=product&#038;p=884"},"modified":"2026-01-04T07:28:57","modified_gmt":"2026-01-04T07:28:57","slug":"torispherical-head-for-pressure-vessels-and-industrial-use","status":"publish","type":"product","link":"https:\/\/thedishhead.com\/fr\/torispherical-head-for-pressure-vessels-and-industrial-use\/","title":{"rendered":"T\u00eate torisph\u00e9rique pour appareils \u00e0 pression et usage industriel"},"content":{"rendered":"<p data-start=\"458\" data-end=\"1435\">Les t\u00eates torisph\u00e9riques sont couramment utilis\u00e9es dans les cuves sous pression, les r\u00e9servoirs de stockage et les r\u00e9acteurs de diverses industries. Ces t\u00eates offrent une combinaison de r\u00e9sistance, de durabilit\u00e9 et de rentabilit\u00e9, ce qui les rend id\u00e9ales pour des applications exigeantes dans des secteurs tels que le p\u00e9trole et le gaz, la chimie et la production d'\u00e9nergie. La conception torisph\u00e9rique, avec sa forme incurv\u00e9e et son centre renforc\u00e9, maximise la r\u00e9sistance \u00e0 la pression, garantissant la fiabilit\u00e9 dans des conditions de forte contrainte. Fabriqu\u00e9es en acier de haute qualit\u00e9 et con\u00e7ues pour la pr\u00e9cision, ces t\u00eates sont personnalisables pour r\u00e9pondre aux normes industrielles sp\u00e9cifiques. Qu'elles soient de petite ou de grande taille, ces t\u00eates sont con\u00e7ues pour r\u00e9sister \u00e0 des temp\u00e9ratures et \u00e0 des pressions \u00e9lev\u00e9es, garantissant ainsi la s\u00e9curit\u00e9 et l'efficacit\u00e9 \u00e0 long terme des op\u00e9rations industrielles critiques. Parfaite pour les applications soud\u00e9es et boulonn\u00e9es, la t\u00eate torisph\u00e9rique est un choix fiable pour les professionnels qui recherchent des performances optimales dans leurs syst\u00e8mes d'appareils \u00e0 pression.<\/p>","protected":false},"excerpt":{"rendered":"<p>La t\u00eate torisph\u00e9rique est un composant d'appareil \u00e0 pression de haute qualit\u00e9 con\u00e7u pour les applications industrielles. Fabriqu\u00e9e \u00e0 partir de mat\u00e9riaux durables, elle offre une solidit\u00e9 et une r\u00e9sistance exceptionnelles sous pression. Id\u00e9ale pour les r\u00e9servoirs, les chaudi\u00e8res et les r\u00e9acteurs, elle garantit s\u00e9curit\u00e9, performance et long\u00e9vit\u00e9.<\/p>","protected":false},"featured_media":583,"template":"","meta":{"_gspb_post_css":""},"product_brand":[],"product_cat":[17],"product_tag":[239,93,238],"class_list":{"0":"post-884","1":"product","2":"type-product","3":"status-publish","4":"has-post-thumbnail","6":"product_cat-torispherical-head","7":"product_tag-industrial-tank-heads","8":"product_tag-pressure-vessel-components","9":"product_tag-torispherical-heads","11":"first","12":"instock","13":"shipping-taxable","14":"product-type-simple"},"_links":{"self":[{"href":"https:\/\/thedishhead.com\/fr\/wp-json\/wp\/v2\/product\/884","targetHints":{"allow":["GET"]}}],"collection":[{"href":"https:\/\/thedishhead.com\/fr\/wp-json\/wp\/v2\/product"}],"about":[{"href":"https:\/\/thedishhead.com\/fr\/wp-json\/wp\/v2\/types\/product"}],"wp:featuredmedia":[{"embeddable":true,"href":"https:\/\/thedishhead.com\/fr\/wp-json\/wp\/v2\/media\/583"}],"wp:attachment":[{"href":"https:\/\/thedishhead.com\/fr\/wp-json\/wp\/v2\/media?parent=884"}],"wp:term":[{"taxonomy":"product_brand","embeddable":true,"href":"https:\/\/thedishhead.com\/fr\/wp-json\/wp\/v2\/product_brand?post=884"},{"taxonomy":"product_cat","embeddable":true,"href":"https:\/\/thedishhead.com\/fr\/wp-json\/wp\/v2\/product_cat?post=884"},{"taxonomy":"product_tag","embeddable":true,"href":"https:\/\/thedishhead.com\/fr\/wp-json\/wp\/v2\/product_tag?post=884"}],"curies":[{"name":"wp","href":"https:\/\/api.w.org\/{rel}","templated":true}]}}