{"id":872,"date":"2026-01-04T06:34:36","date_gmt":"2026-01-04T06:34:36","guid":{"rendered":"https:\/\/thedishhead.com\/?post_type=product&#038;p=872"},"modified":"2026-01-04T06:34:36","modified_gmt":"2026-01-04T06:34:36","slug":"chinese-hemispherical-head-end-with-customizable-options","status":"publish","type":"product","link":"https:\/\/thedishhead.com\/fr\/chinese-hemispherical-head-end-with-customizable-options\/","title":{"rendered":"T\u00eate h\u00e9misph\u00e9rique chinoise avec options personnalisables"},"content":{"rendered":"<p>Notre t\u00eate h\u00e9misph\u00e9rique chinoise avec options personnalisables est con\u00e7ue pour les fabricants qui ont besoin de fermetures de r\u00e9cipients solides et fiables avec des sp\u00e9cifications flexibles. La forme h\u00e9misph\u00e9rique offre une excellente r\u00e9sistance \u00e0 la pression en r\u00e9partissant uniform\u00e9ment les contraintes, ce qui la rend id\u00e9ale pour les cuves sous pression, les r\u00e9servoirs de stockage, les r\u00e9acteurs et les \u00e9quipements de traitement. Nous fournissons des mat\u00e9riaux en acier au carbone et en acier inoxydable pour r\u00e9pondre aux diff\u00e9rents environnements de travail, du service industriel g\u00e9n\u00e9ral aux applications r\u00e9sistantes \u00e0 la corrosion. Gr\u00e2ce \u00e0 un formage contr\u00f4l\u00e9 et \u00e0 une inspection dimensionnelle stricte, nous garantissons un ajustement pr\u00e9cis, des surfaces lisses et une courbure coh\u00e9rente pour une qualit\u00e9 de soudage stable. Il est possible de personnaliser le diam\u00e8tre, l'\u00e9paisseur, la pr\u00e9paration des bords (biseau\/plat), l'ouverture des buses et le traitement de surface tel que l'appr\u00eat, la peinture ou le polissage. Largement utilis\u00e9s dans les industries du traitement chimique, du p\u00e9trole et du gaz, de l'\u00e9nergie, du traitement de l'eau et de l'alimentation, nos embouts \u00e0 t\u00eate h\u00e9misph\u00e9rique permettent une fabrication efficace, une \u00e9tanch\u00e9it\u00e9 fiable et une longue dur\u00e9e de vie dans les processus de production exigeants.<\/p>","protected":false},"excerpt":{"rendered":"<p>Embouts h\u00e9misph\u00e9riques chinois avec options personnalisables pour r\u00e9servoirs et appareils \u00e0 pression. Form\u00e9s avec pr\u00e9cision \u00e0 partir d'acier au carbone ou d'acier inoxydable pour une r\u00e9sistance \u00e9lev\u00e9e et une \u00e9tanch\u00e9it\u00e9 fiable. Le diam\u00e8tre, l'\u00e9paisseur, le biseau et le traitement de surface peuvent \u00eatre personnalis\u00e9s pour des processus de soudage et de fabrication efficaces.<\/p>","protected":false},"featured_media":650,"template":"","meta":{"_gspb_post_css":""},"product_brand":[],"product_cat":[20],"product_tag":[207,205,206],"class_list":{"0":"post-872","1":"product","2":"type-product","3":"status-publish","4":"has-post-thumbnail","6":"product_cat-hemispherical-head","7":"product_tag-carbon-stainless-steel-dished-heads","8":"product_tag-custom-hemispherical-tank-heads","9":"product_tag-pressure-vessel-head-ends","11":"first","12":"instock","13":"shipping-taxable","14":"product-type-simple"},"_links":{"self":[{"href":"https:\/\/thedishhead.com\/fr\/wp-json\/wp\/v2\/product\/872","targetHints":{"allow":["GET"]}}],"collection":[{"href":"https:\/\/thedishhead.com\/fr\/wp-json\/wp\/v2\/product"}],"about":[{"href":"https:\/\/thedishhead.com\/fr\/wp-json\/wp\/v2\/types\/product"}],"wp:featuredmedia":[{"embeddable":true,"href":"https:\/\/thedishhead.com\/fr\/wp-json\/wp\/v2\/media\/650"}],"wp:attachment":[{"href":"https:\/\/thedishhead.com\/fr\/wp-json\/wp\/v2\/media?parent=872"}],"wp:term":[{"taxonomy":"product_brand","embeddable":true,"href":"https:\/\/thedishhead.com\/fr\/wp-json\/wp\/v2\/product_brand?post=872"},{"taxonomy":"product_cat","embeddable":true,"href":"https:\/\/thedishhead.com\/fr\/wp-json\/wp\/v2\/product_cat?post=872"},{"taxonomy":"product_tag","embeddable":true,"href":"https:\/\/thedishhead.com\/fr\/wp-json\/wp\/v2\/product_tag?post=872"}],"curies":[{"name":"wp","href":"https:\/\/api.w.org\/{rel}","templated":true}]}}