{"id":870,"date":"2026-01-04T06:27:32","date_gmt":"2026-01-04T06:27:32","guid":{"rendered":"https:\/\/thedishhead.com\/?post_type=product&#038;p=870"},"modified":"2026-01-04T06:27:32","modified_gmt":"2026-01-04T06:27:32","slug":"carbon-steel-torispherical-head-for-oil-storage-tanks","status":"publish","type":"product","link":"https:\/\/thedishhead.com\/fr\/carbon-steel-torispherical-head-for-oil-storage-tanks\/","title":{"rendered":"T\u00eate torisph\u00e9rique en acier au carbone pour r\u00e9servoirs de stockage de p\u00e9trole"},"content":{"rendered":"<p>Notre t\u00eate torisph\u00e9rique en acier au carbone pour les r\u00e9servoirs de stockage de p\u00e9trole est con\u00e7ue pour fournir une fermeture solide et fiable pour les r\u00e9servoirs et les cuves utilis\u00e9s pour le stockage de p\u00e9trole et de carburant. Le profil torisph\u00e9rique (bomb\u00e9) permet de r\u00e9partir efficacement les contraintes et d'assurer une meilleure int\u00e9grit\u00e9 structurelle que les extr\u00e9mit\u00e9s plates, tout en conservant une fabrication \u00e9conomique. Fabriqu\u00e9es en acier au carbone de qualit\u00e9, ces t\u00eates offrent une excellente soudabilit\u00e9 et des performances stables pour la construction de r\u00e9servoirs industriels. Nous utilisons des proc\u00e9d\u00e9s de formage contr\u00f4l\u00e9s pour garantir des dimensions pr\u00e9cises, des surfaces lisses et une courbure coh\u00e9rente pour un montage facile et une qualit\u00e9 de soudage fiable. Les options personnalis\u00e9es comprennent le diam\u00e8tre, l'\u00e9paisseur, la pr\u00e9paration des bords (biseau\/plat) et le traitement de surface tel que la peinture d'appr\u00eat ou le rev\u00eatement anticorrosion pour s'adapter aux conditions de service ext\u00e9rieures et corrosives. Couramment utilis\u00e9es pour le stockage du p\u00e9trole, les r\u00e9servoirs de produits chimiques, le traitement de l'eau et les cuves industrielles g\u00e9n\u00e9rales, nos t\u00eates torisph\u00e9riques offrent une longue dur\u00e9e de vie, une \u00e9tanch\u00e9it\u00e9 s\u00fbre et des performances rentables pour les projets.<\/p>","protected":false},"excerpt":{"rendered":"<p>T\u00eates torisph\u00e9riques en acier au carbone pour r\u00e9servoirs de stockage de p\u00e9trole, form\u00e9es avec pr\u00e9cision pour assurer la solidit\u00e9 et une \u00e9tanch\u00e9it\u00e9 fiable. Con\u00e7ues pour des performances de pression stables et un soudage facile. Diam\u00e8tres, \u00e9paisseurs et bords biseaut\u00e9s personnalis\u00e9s disponibles, avec en option un appr\u00eat ou un rev\u00eatement anticorrosion pour les environnements difficiles.<\/p>","protected":false},"featured_media":551,"template":"","meta":{"_gspb_post_css":""},"product_brand":[],"product_cat":[17],"product_tag":[198,172,199],"class_list":{"0":"post-870","1":"product","2":"type-product","3":"status-publish","4":"has-post-thumbnail","6":"product_cat-torispherical-head","7":"product_tag-carbon-steel-torispherical-heads","8":"product_tag-custom-dished-tank-heads","9":"product_tag-oil-storage-tank-end-caps","11":"first","12":"instock","13":"shipping-taxable","14":"product-type-simple"},"_links":{"self":[{"href":"https:\/\/thedishhead.com\/fr\/wp-json\/wp\/v2\/product\/870","targetHints":{"allow":["GET"]}}],"collection":[{"href":"https:\/\/thedishhead.com\/fr\/wp-json\/wp\/v2\/product"}],"about":[{"href":"https:\/\/thedishhead.com\/fr\/wp-json\/wp\/v2\/types\/product"}],"wp:featuredmedia":[{"embeddable":true,"href":"https:\/\/thedishhead.com\/fr\/wp-json\/wp\/v2\/media\/551"}],"wp:attachment":[{"href":"https:\/\/thedishhead.com\/fr\/wp-json\/wp\/v2\/media?parent=870"}],"wp:term":[{"taxonomy":"product_brand","embeddable":true,"href":"https:\/\/thedishhead.com\/fr\/wp-json\/wp\/v2\/product_brand?post=870"},{"taxonomy":"product_cat","embeddable":true,"href":"https:\/\/thedishhead.com\/fr\/wp-json\/wp\/v2\/product_cat?post=870"},{"taxonomy":"product_tag","embeddable":true,"href":"https:\/\/thedishhead.com\/fr\/wp-json\/wp\/v2\/product_tag?post=870"}],"curies":[{"name":"wp","href":"https:\/\/api.w.org\/{rel}","templated":true}]}}