{"id":867,"date":"2026-01-04T06:27:35","date_gmt":"2026-01-04T06:27:35","guid":{"rendered":"https:\/\/thedishhead.com\/?post_type=product&#038;p=867"},"modified":"2026-01-04T06:27:35","modified_gmt":"2026-01-04T06:27:35","slug":"high-quality-flat-dish-head-for-industrial-applications","status":"publish","type":"product","link":"https:\/\/thedishhead.com\/fr\/high-quality-flat-dish-head-for-industrial-applications\/","title":{"rendered":"T\u00eate plate de haute qualit\u00e9 pour applications industrielles"},"content":{"rendered":"<p data-start=\"353\" data-end=\"671\">Notre t\u00eate plate de haute qualit\u00e9 est un composant essentiel pour diverses applications industrielles, notamment les cuves sous pression, les r\u00e9servoirs et les r\u00e9acteurs. Fabriqu\u00e9e \u00e0 partir de mat\u00e9riaux durables et r\u00e9sistants \u00e0 la corrosion, elle garantit des performances et une long\u00e9vit\u00e9 exceptionnelles dans des environnements exigeants.<\/p>\n<p data-start=\"673\" data-end=\"1036\">La conception plate permet de contenir efficacement la pression et de r\u00e9partir uniform\u00e9ment les contraintes sur toute la surface, ce qui contribue \u00e0 pr\u00e9venir les d\u00e9formations et \u00e0 renforcer l'int\u00e9grit\u00e9 structurelle de votre \u00e9quipement. Id\u00e9ale pour les industries chimiques, p\u00e9trochimiques et \u00e9nerg\u00e9tiques, cette t\u00eate plate r\u00e9pond aux exigences rigoureuses des applications \u00e0 haute pression.<\/p>\n<p data-start=\"1038\" data-end=\"1397\" data-is-last-node=\"\" data-is-only-node=\"\">Disponibles en diff\u00e9rentes tailles, nos t\u00eates \u00e0 plat peuvent \u00eatre personnalis\u00e9es pour r\u00e9pondre \u00e0 vos besoins sp\u00e9cifiques. Con\u00e7ues pour la pr\u00e9cision et la durabilit\u00e9, elles offrent une solution fiable pour les op\u00e9rations industrielles. Faites confiance \u00e0 nos t\u00eates plates de haute qualit\u00e9 pour offrir la r\u00e9sistance et la fiabilit\u00e9 n\u00e9cessaires au maintien de la s\u00e9curit\u00e9 et de l'efficacit\u00e9 de vos syst\u00e8mes d'appareils \u00e0 pression.<\/p>","protected":false},"excerpt":{"rendered":"<p>Cette t\u00eate plate de haute qualit\u00e9 est con\u00e7ue pour des applications industrielles, offrant r\u00e9sistance et durabilit\u00e9. Parfaite pour les cuves sous pression, les r\u00e9servoirs et les r\u00e9acteurs, elle garantit des performances fiables sous pression. Fabriqu\u00e9e \u00e0 partir de mat\u00e9riaux r\u00e9sistants \u00e0 la corrosion, elle offre une fiabilit\u00e9 et une int\u00e9grit\u00e9 structurelle durables.<\/p>","protected":false},"featured_media":704,"template":"","meta":{"_gspb_post_css":""},"product_brand":[],"product_cat":[19],"product_tag":[202,200,201],"class_list":{"0":"post-867","1":"product","2":"type-product","3":"status-publish","4":"has-post-thumbnail","6":"product_cat-flat-dish-head","7":"product_tag-durable-dish-heads-for-tanks-and-reactors","8":"product_tag-flat-dish-heads-for-pressure-vessels","9":"product_tag-industrial-flat-dish-heads","11":"first","12":"instock","13":"shipping-taxable","14":"product-type-simple"},"_links":{"self":[{"href":"https:\/\/thedishhead.com\/fr\/wp-json\/wp\/v2\/product\/867","targetHints":{"allow":["GET"]}}],"collection":[{"href":"https:\/\/thedishhead.com\/fr\/wp-json\/wp\/v2\/product"}],"about":[{"href":"https:\/\/thedishhead.com\/fr\/wp-json\/wp\/v2\/types\/product"}],"wp:featuredmedia":[{"embeddable":true,"href":"https:\/\/thedishhead.com\/fr\/wp-json\/wp\/v2\/media\/704"}],"wp:attachment":[{"href":"https:\/\/thedishhead.com\/fr\/wp-json\/wp\/v2\/media?parent=867"}],"wp:term":[{"taxonomy":"product_brand","embeddable":true,"href":"https:\/\/thedishhead.com\/fr\/wp-json\/wp\/v2\/product_brand?post=867"},{"taxonomy":"product_cat","embeddable":true,"href":"https:\/\/thedishhead.com\/fr\/wp-json\/wp\/v2\/product_cat?post=867"},{"taxonomy":"product_tag","embeddable":true,"href":"https:\/\/thedishhead.com\/fr\/wp-json\/wp\/v2\/product_tag?post=867"}],"curies":[{"name":"wp","href":"https:\/\/api.w.org\/{rel}","templated":true}]}}