{"id":861,"date":"2026-01-04T06:01:32","date_gmt":"2026-01-04T06:01:32","guid":{"rendered":"https:\/\/thedishhead.com\/?post_type=product&#038;p=861"},"modified":"2026-01-04T06:01:32","modified_gmt":"2026-01-04T06:01:32","slug":"high-quality-low-priced-steel-flat-bottom-head-for-tanks","status":"publish","type":"product","link":"https:\/\/thedishhead.com\/fr\/high-quality-low-priced-steel-flat-bottom-head-for-tanks\/","title":{"rendered":"T\u00eate \u00e0 fond plat en acier de haute qualit\u00e9 et \u00e0 bas prix pour r\u00e9servoirs"},"content":{"rendered":"<p>Notre t\u00eate \u00e0 fond plat en acier de haute qualit\u00e9 et \u00e0 bas prix pour r\u00e9servoirs est une solution rentable pour la fabrication de r\u00e9servoirs, de cuves de stockage et d'\u00e9quipements industriels n\u00e9cessitant une fermeture ou une base solide \u00e0 fond plat. Fabriqu\u00e9e avec un formage contr\u00f4l\u00e9 et des v\u00e9rifications dimensionnelles strictes, elle offre un support de charge stable, un ajustement pr\u00e9cis et des performances de soudage constantes. Nous proposons des options de mat\u00e9riaux, notamment l'acier au carbone et l'acier inoxydable, pour r\u00e9pondre aux diff\u00e9rentes conditions de travail, du stockage g\u00e9n\u00e9ral aux environnements sujets \u00e0 la corrosion. Il est possible de personnaliser le diam\u00e8tre, l'\u00e9paisseur, la pr\u00e9paration des bords (biseau\/plat) et le traitement de surface tel que l'appr\u00eat ou le rev\u00eatement antirouille. La conception \u00e0 fond plat simplifie l'installation et est largement utilis\u00e9e dans le traitement de l'eau, le stockage de produits chimiques, l'\u00e9nergie, l'industrie alimentaire et la fabrication g\u00e9n\u00e9rale. Gr\u00e2ce \u00e0 un contr\u00f4le de qualit\u00e9 fiable et \u00e0 des prix d'usine comp\u00e9titifs, nos t\u00eates \u00e0 fond plat permettent de r\u00e9duire le co\u00fbt total du projet tout en maintenant la durabilit\u00e9, l'int\u00e9grit\u00e9 de l'\u00e9tanch\u00e9it\u00e9 et une longue dur\u00e9e de vie.<\/p>","protected":false},"excerpt":{"rendered":"<p>T\u00eates \u00e0 fond plat en acier de haute qualit\u00e9 et \u00e0 bas prix pour les r\u00e9servoirs et les cuves. Form\u00e9s avec pr\u00e9cision pour un support solide, une \u00e9tanch\u00e9it\u00e9 fiable et un soudage facile. Disponibles en acier au carbone ou en acier inoxydable avec des diam\u00e8tres, des \u00e9paisseurs et des bords biseaut\u00e9s personnalis\u00e9s pour s'adapter \u00e0 la fabrication industrielle et aux projets OEM. Notre t\u00eate \u00e0 fond plat en acier de haute qualit\u00e9 et \u00e0 bas prix pour r\u00e9servoirs est une solution rentable pour la fabrication de r\u00e9servoirs, de cuves de stockage et d'\u00e9quipements industriels n\u00e9cessitant une fermeture ou une base solide \u00e0 fond plat. Fabriqu\u00e9e avec un formage contr\u00f4l\u00e9 et des v\u00e9rifications dimensionnelles strictes, elle offre un support de charge stable, un ajustement pr\u00e9cis et des performances de soudage constantes. Nous proposons des options de mat\u00e9riaux, notamment l'acier au carbone et l'acier inoxydable, pour r\u00e9pondre aux diff\u00e9rentes conditions de travail, du stockage g\u00e9n\u00e9ral aux environnements sujets \u00e0 la corrosion. Il est possible de personnaliser le diam\u00e8tre, l'\u00e9paisseur, la pr\u00e9paration des bords (biseau\/plat) et le traitement de surface tel que l'appr\u00eat ou le rev\u00eatement antirouille. La conception \u00e0 fond plat simplifie l'installation et est largement utilis\u00e9e dans le traitement de l'eau, le stockage de produits chimiques, l'\u00e9nergie, l'industrie alimentaire et la fabrication g\u00e9n\u00e9rale. Gr\u00e2ce \u00e0 un contr\u00f4le de qualit\u00e9 fiable et \u00e0 des prix d'usine comp\u00e9titifs, nos t\u00eates \u00e0 fond plat permettent de r\u00e9duire le co\u00fbt total du projet tout en maintenant la durabilit\u00e9, l'int\u00e9grit\u00e9 de l'\u00e9tanch\u00e9it\u00e9 et une longue dur\u00e9e de vie.<\/p>","protected":false},"featured_media":699,"template":"","meta":{"_gspb_post_css":""},"product_brand":[],"product_cat":[19],"product_tag":[178,176,177],"class_list":{"0":"post-861","1":"product","2":"type-product","3":"status-publish","4":"has-post-thumbnail","6":"product_cat-flat-dish-head","7":"product_tag-low-cost-vessel-components","8":"product_tag-steel-flat-bottom-heads","9":"product_tag-tank-end-caps","11":"first","12":"instock","13":"shipping-taxable","14":"product-type-simple"},"_links":{"self":[{"href":"https:\/\/thedishhead.com\/fr\/wp-json\/wp\/v2\/product\/861","targetHints":{"allow":["GET"]}}],"collection":[{"href":"https:\/\/thedishhead.com\/fr\/wp-json\/wp\/v2\/product"}],"about":[{"href":"https:\/\/thedishhead.com\/fr\/wp-json\/wp\/v2\/types\/product"}],"wp:featuredmedia":[{"embeddable":true,"href":"https:\/\/thedishhead.com\/fr\/wp-json\/wp\/v2\/media\/699"}],"wp:attachment":[{"href":"https:\/\/thedishhead.com\/fr\/wp-json\/wp\/v2\/media?parent=861"}],"wp:term":[{"taxonomy":"product_brand","embeddable":true,"href":"https:\/\/thedishhead.com\/fr\/wp-json\/wp\/v2\/product_brand?post=861"},{"taxonomy":"product_cat","embeddable":true,"href":"https:\/\/thedishhead.com\/fr\/wp-json\/wp\/v2\/product_cat?post=861"},{"taxonomy":"product_tag","embeddable":true,"href":"https:\/\/thedishhead.com\/fr\/wp-json\/wp\/v2\/product_tag?post=861"}],"curies":[{"name":"wp","href":"https:\/\/api.w.org\/{rel}","templated":true}]}}