{"id":859,"date":"2026-01-04T06:09:43","date_gmt":"2026-01-04T06:09:43","guid":{"rendered":"https:\/\/thedishhead.com\/?post_type=product&#038;p=859"},"modified":"2026-01-04T06:09:43","modified_gmt":"2026-01-04T06:09:43","slug":"durable-and-stylish-fire-pits-for-outdoor-spaces","status":"publish","type":"product","link":"https:\/\/thedishhead.com\/fr\/durable-and-stylish-fire-pits-for-outdoor-spaces\/","title":{"rendered":"Foyers durables et \u00e9l\u00e9gants pour les espaces ext\u00e9rieurs"},"content":{"rendered":"<p data-start=\"341\" data-end=\"712\">Notre foyer durable et \u00e9l\u00e9gant est con\u00e7u pour am\u00e9liorer les espaces ext\u00e9rieurs, offrant \u00e0 la fois fonctionnalit\u00e9 et esth\u00e9tique moderne. Fabriqu\u00e9 \u00e0 partir de mat\u00e9riaux de premi\u00e8re qualit\u00e9, il offre des performances et une durabilit\u00e9 fiables pour une utilisation tout au long de l'ann\u00e9e. Que vous organisiez un rassemblement ou que vous vous d\u00e9tendiez simplement \u00e0 l'ext\u00e9rieur, ce foyer constitue un point focal parfait.<\/p>\n<p data-start=\"714\" data-end=\"1256\" data-is-last-node=\"\" data-is-only-node=\"\">Gr\u00e2ce \u00e0 son design \u00e9l\u00e9gant et \u00e0 sa construction robuste, le foyer n'est pas seulement une source de chaleur pratique, mais aussi un ajout \u00e9l\u00e9gant \u00e0 votre patio ou \u00e0 votre jardin. Gr\u00e2ce \u00e0 sa construction robuste, il peut r\u00e9sister aux \u00e9l\u00e9ments, offrant un environnement s\u00fbr et confortable pour les rassemblements en plein air. Ses fonctions conviviales facilitent l'allumage et l'entretien, tandis que ses lignes \u00e9pur\u00e9es et sa finition \u00e9l\u00e9gante s'int\u00e8grent \u00e0 n'importe quel d\u00e9cor ext\u00e9rieur. Apportez chaleur et style \u00e0 votre jardin avec notre foyer de haute qualit\u00e9, construit pour durer et cr\u00e9er des moments m\u00e9morables dans votre espace ext\u00e9rieur.<\/p>","protected":false},"excerpt":{"rendered":"<p>Ce foyer durable et \u00e9l\u00e9gant est parfait pour les espaces ext\u00e9rieurs, apportant chaleur et ambiance. Fabriqu\u00e9 avec des mat\u00e9riaux de haute qualit\u00e9, il offre des performances durables et un design \u00e9l\u00e9gant. Id\u00e9al pour les patios, les jardins et les arri\u00e8re-cours, ce foyer cr\u00e9e une atmosph\u00e8re chaleureuse pour les rassemblements et la d\u00e9tente.<\/p>","protected":false},"featured_media":772,"template":"","meta":{"_gspb_post_css":""},"product_brand":[],"product_cat":[22],"product_tag":[186,187,185],"class_list":{"0":"post-859","1":"product","2":"type-product","3":"status-publish","4":"has-post-thumbnail","6":"product_cat-firepit-bowl","7":"product_tag-durable-and-stylish-fire-pits","8":"product_tag-modern-fire-pit-for-outdoor-spaces","9":"product_tag-outdoor-fire-pit-for-patios-and-gardens","11":"first","12":"instock","13":"shipping-taxable","14":"product-type-simple"},"_links":{"self":[{"href":"https:\/\/thedishhead.com\/fr\/wp-json\/wp\/v2\/product\/859","targetHints":{"allow":["GET"]}}],"collection":[{"href":"https:\/\/thedishhead.com\/fr\/wp-json\/wp\/v2\/product"}],"about":[{"href":"https:\/\/thedishhead.com\/fr\/wp-json\/wp\/v2\/types\/product"}],"wp:featuredmedia":[{"embeddable":true,"href":"https:\/\/thedishhead.com\/fr\/wp-json\/wp\/v2\/media\/772"}],"wp:attachment":[{"href":"https:\/\/thedishhead.com\/fr\/wp-json\/wp\/v2\/media?parent=859"}],"wp:term":[{"taxonomy":"product_brand","embeddable":true,"href":"https:\/\/thedishhead.com\/fr\/wp-json\/wp\/v2\/product_brand?post=859"},{"taxonomy":"product_cat","embeddable":true,"href":"https:\/\/thedishhead.com\/fr\/wp-json\/wp\/v2\/product_cat?post=859"},{"taxonomy":"product_tag","embeddable":true,"href":"https:\/\/thedishhead.com\/fr\/wp-json\/wp\/v2\/product_tag?post=859"}],"curies":[{"name":"wp","href":"https:\/\/api.w.org\/{rel}","templated":true}]}}