{"id":707,"date":"2026-01-04T04:55:37","date_gmt":"2026-01-04T04:55:37","guid":{"rendered":"https:\/\/thedishhead.com\/?post_type=product&#038;p=707"},"modified":"2026-01-04T04:58:57","modified_gmt":"2026-01-04T04:58:57","slug":"flat-dished-head-for-boiler-and-pressure-vessel-ends","status":"publish","type":"product","link":"https:\/\/thedishhead.com\/fr\/flat-dished-head-for-boiler-and-pressure-vessel-ends\/","title":{"rendered":"T\u00eate plate bomb\u00e9e pour embouts de chaudi\u00e8res et d'appareils \u00e0 pression"},"content":{"rendered":"<p>Notre t\u00eate plate et bomb\u00e9e pour chaudi\u00e8res et appareils \u00e0 pression est con\u00e7ue pour offrir des performances fiables dans les chaudi\u00e8res, les r\u00e9servoirs et les appareils \u00e0 pression industriels. Le profil bomb\u00e9 am\u00e9liore la r\u00e9sistance structurelle et aide \u00e0 r\u00e9partir la pression interne plus efficacement qu'une plaque plate, ce qui permet d'obtenir une dur\u00e9e de vie plus longue et plus s\u00fbre. Fabriqu\u00e9e en acier au carbone ou en acier inoxydable de qualit\u00e9, chaque t\u00eate est form\u00e9e selon des processus contr\u00f4l\u00e9s afin d'obtenir des dimensions pr\u00e9cises, des surfaces lisses et une courbure coh\u00e9rente pour un montage plus facile et une qualit\u00e9 de soudure fiable. Nous offrons une grande souplesse de personnalisation, notamment en ce qui concerne le diam\u00e8tre, l'\u00e9paisseur, la pr\u00e9paration des bords (biseau\/plat) et le traitement de surface, afin de r\u00e9pondre aux diff\u00e9rentes normes de fabrication et conditions d'exploitation. Ces fonds bomb\u00e9s sont largement utilis\u00e9s dans la production d'\u00e9nergie, la p\u00e9trochimie, le traitement de l'eau et l'\u00e9quipement industriel g\u00e9n\u00e9ral o\u00f9 des fermetures s\u00fbres et l'int\u00e9grit\u00e9 de la pression sont essentielles. Gr\u00e2ce \u00e0 un contr\u00f4le de qualit\u00e9 stable et \u00e0 la capacit\u00e9 d'approvisionnement du fabricant, nos fonds bomb\u00e9s plats constituent une solution rentable et durable pour les applications exigeantes des chaudi\u00e8res et des cuves.<\/p>","protected":false},"excerpt":{"rendered":"<p>T\u00eates bomb\u00e9es plates pour les extr\u00e9mit\u00e9s de chaudi\u00e8res et d'appareils \u00e0 pression, form\u00e9es avec pr\u00e9cision pour assurer la solidit\u00e9, une \u00e9tanch\u00e9it\u00e9 stable et un soudage facile. Disponibles en acier au carbone ou en acier inoxydable avec des diam\u00e8tres, des \u00e9paisseurs et des bords biseaut\u00e9s personnalis\u00e9s. Convient pour les chaudi\u00e8res, les r\u00e9servoirs et la fabrication de cuves industrielles.<\/p>","protected":false},"featured_media":704,"template":"","meta":{"_gspb_post_css":""},"product_brand":[],"product_cat":[19],"product_tag":[150,151,93],"class_list":{"0":"post-707","1":"product","2":"type-product","3":"status-publish","4":"has-post-thumbnail","6":"product_cat-flat-dish-head","7":"product_tag-boiler-dished-ends","8":"product_tag-flat-dished-head-end-caps","9":"product_tag-pressure-vessel-components","11":"first","12":"instock","13":"shipping-taxable","14":"product-type-simple"},"_links":{"self":[{"href":"https:\/\/thedishhead.com\/fr\/wp-json\/wp\/v2\/product\/707","targetHints":{"allow":["GET"]}}],"collection":[{"href":"https:\/\/thedishhead.com\/fr\/wp-json\/wp\/v2\/product"}],"about":[{"href":"https:\/\/thedishhead.com\/fr\/wp-json\/wp\/v2\/types\/product"}],"wp:featuredmedia":[{"embeddable":true,"href":"https:\/\/thedishhead.com\/fr\/wp-json\/wp\/v2\/media\/704"}],"wp:attachment":[{"href":"https:\/\/thedishhead.com\/fr\/wp-json\/wp\/v2\/media?parent=707"}],"wp:term":[{"taxonomy":"product_brand","embeddable":true,"href":"https:\/\/thedishhead.com\/fr\/wp-json\/wp\/v2\/product_brand?post=707"},{"taxonomy":"product_cat","embeddable":true,"href":"https:\/\/thedishhead.com\/fr\/wp-json\/wp\/v2\/product_cat?post=707"},{"taxonomy":"product_tag","embeddable":true,"href":"https:\/\/thedishhead.com\/fr\/wp-json\/wp\/v2\/product_tag?post=707"}],"curies":[{"name":"wp","href":"https:\/\/api.w.org\/{rel}","templated":true}]}}