{"id":687,"date":"2026-01-04T04:33:43","date_gmt":"2026-01-04T04:33:43","guid":{"rendered":"https:\/\/thedishhead.com\/?post_type=product&#038;p=687"},"modified":"2026-01-04T04:33:43","modified_gmt":"2026-01-04T04:33:43","slug":"professional-manufacturer-elliptical-head-for-storage-tanks","status":"publish","type":"product","link":"https:\/\/thedishhead.com\/fr\/professional-manufacturer-elliptical-head-for-storage-tanks\/","title":{"rendered":"Fabricant professionnel de t\u00eates elliptiques pour r\u00e9servoirs de stockage"},"content":{"rendered":"<p>Notre fabricant professionnel de t\u00eates elliptiques pour r\u00e9servoirs de stockage est con\u00e7u pour fournir une fermeture d'extr\u00e9mit\u00e9 solide et efficace pour les r\u00e9servoirs et les cuves sous pression. Le profil elliptique (g\u00e9n\u00e9ralement 2:1) am\u00e9liore la r\u00e9partition des contraintes par rapport aux extr\u00e9mit\u00e9s plates, offrant des performances fiables tout en optimisant l'utilisation des mat\u00e9riaux. Nous fabriquons avec un formage contr\u00f4l\u00e9 et une tol\u00e9rance dimensionnelle stricte pour garantir un ajustement pr\u00e9cis, des surfaces lisses et une qualit\u00e9 de soudage constante au cours de la fabrication. Disponibles en acier au carbone ou en acier inoxydable, ces t\u00eates peuvent \u00eatre personnalis\u00e9es en fonction du diam\u00e8tre, de l'\u00e9paisseur, de la pr\u00e9paration des bords (biseau\/plat) et de la finition de la surface afin de r\u00e9pondre aux diff\u00e9rentes normes et exigences des projets. Les t\u00eates elliptiques sont largement utilis\u00e9es dans le traitement chimique, le p\u00e9trole et le gaz, le traitement de l'eau, l'\u00e9nergie et les applications g\u00e9n\u00e9rales de stockage industriel. Gr\u00e2ce \u00e0 une qualit\u00e9 stable, des prix comp\u00e9titifs et un support OEM\/ODM, nous aidons nos clients \u00e0 construire des r\u00e9servoirs s\u00fbrs et durables et \u00e0 assurer une longue dur\u00e9e de vie dans des environnements exigeants.<\/p>","protected":false},"excerpt":{"rendered":"<p>Fabricant professionnel de t\u00eates elliptiques pour r\u00e9servoirs de stockage, form\u00e9es avec pr\u00e9cision pour une r\u00e9sistance et une \u00e9tanch\u00e9it\u00e9 fiables. Disponibles en acier au carbone ou en acier inoxydable, avec des diam\u00e8tres et des \u00e9paisseurs sur mesure, et des bords biseaut\u00e9s pour faciliter le soudage. Id\u00e9ales pour les r\u00e9servoirs industriels, les cuves et les projets de fabrication.<\/p>","protected":false},"featured_media":506,"template":"","meta":{"_gspb_post_css":""},"product_brand":[],"product_cat":[15],"product_tag":[144,92,143],"class_list":{"0":"post-687","1":"product","2":"type-product","3":"status-publish","4":"has-post-thumbnail","6":"product_cat-ellipsoidal-head","7":"product_tag-custom-pressure-vessel-heads","8":"product_tag-elliptical-tank-heads","9":"product_tag-storage-tank-end-caps","11":"first","12":"instock","13":"shipping-taxable","14":"product-type-simple"},"_links":{"self":[{"href":"https:\/\/thedishhead.com\/fr\/wp-json\/wp\/v2\/product\/687","targetHints":{"allow":["GET"]}}],"collection":[{"href":"https:\/\/thedishhead.com\/fr\/wp-json\/wp\/v2\/product"}],"about":[{"href":"https:\/\/thedishhead.com\/fr\/wp-json\/wp\/v2\/types\/product"}],"wp:featuredmedia":[{"embeddable":true,"href":"https:\/\/thedishhead.com\/fr\/wp-json\/wp\/v2\/media\/506"}],"wp:attachment":[{"href":"https:\/\/thedishhead.com\/fr\/wp-json\/wp\/v2\/media?parent=687"}],"wp:term":[{"taxonomy":"product_brand","embeddable":true,"href":"https:\/\/thedishhead.com\/fr\/wp-json\/wp\/v2\/product_brand?post=687"},{"taxonomy":"product_cat","embeddable":true,"href":"https:\/\/thedishhead.com\/fr\/wp-json\/wp\/v2\/product_cat?post=687"},{"taxonomy":"product_tag","embeddable":true,"href":"https:\/\/thedishhead.com\/fr\/wp-json\/wp\/v2\/product_tag?post=687"}],"curies":[{"name":"wp","href":"https:\/\/api.w.org\/{rel}","templated":true}]}}