{"id":680,"date":"2026-01-04T04:04:09","date_gmt":"2026-01-04T04:04:09","guid":{"rendered":"https:\/\/thedishhead.com\/?post_type=product&#038;p=680"},"modified":"2026-01-04T04:04:10","modified_gmt":"2026-01-04T04:04:10","slug":"steel-tank-heads-dished-hemispherical-ends-boiler-parts","status":"publish","type":"product","link":"https:\/\/thedishhead.com\/fr\/steel-tank-heads-dished-hemispherical-ends-boiler-parts\/","title":{"rendered":"T\u00eates de r\u00e9servoir en acier Extr\u00e9mit\u00e9s h\u00e9misph\u00e9riques bomb\u00e9es Pi\u00e8ces pour chaudi\u00e8res"},"content":{"rendered":"<p data-start=\"372\" data-end=\"869\">Nos fonds de cuve en acier \u00e0 bouts bomb\u00e9s et h\u00e9misph\u00e9riques sont largement utilis\u00e9s comme pi\u00e8ces de chaudi\u00e8re et composants d'appareils \u00e0 pression pour les r\u00e9servoirs, les f\u00fbts et les r\u00e9acteurs. La forme de la t\u00eate permet de r\u00e9partir la pression interne plus uniform\u00e9ment que les plaques plates, ce qui am\u00e9liore la s\u00e9curit\u00e9 et la stabilit\u00e9 structurelle. Gr\u00e2ce \u00e0 des processus de formage contr\u00f4l\u00e9s et \u00e0 une inspection dimensionnelle stricte, chaque t\u00eate pr\u00e9sente une g\u00e9om\u00e9trie constante, une qualit\u00e9 de surface lisse et un ajustement fiable lors du soudage et de l'assemblage.<\/p>\n<p data-start=\"871\" data-end=\"1190\">Nous proposons des options en acier au carbone et en acier inoxydable avec personnalisation du diam\u00e8tre, de l'\u00e9paisseur, de la profondeur, du biseau et de la pr\u00e9paration des bords sur la base de dessins ou d'exigences standard. Ces t\u00eates conviennent aux applications de production d'\u00e9nergie, de traitement chimique du p\u00e9trole et du gaz, de traitement de l'eau et aux syst\u00e8mes de chaudi\u00e8res industrielles g\u00e9n\u00e9rales.<\/p>\n<p data-start=\"1192\" data-end=\"1407\" data-is-last-node=\"\" data-is-only-node=\"\">Gr\u00e2ce \u00e0 une capacit\u00e9 de production stable et \u00e0 un contr\u00f4le de la qualit\u00e9, nous fournissons des solutions rentables pour les t\u00eates de r\u00e9servoir, tant pour les tailles standard que pour les commandes personnalis\u00e9es, ce qui permet aux clients de r\u00e9duire le temps de fabrication et d'assurer une longue dur\u00e9e de vie.<\/p>","protected":false},"excerpt":{"rendered":"<p>Les fonds de cuve en acier, y compris les fonds bomb\u00e9s et h\u00e9misph\u00e9riques, sont fabriqu\u00e9s pour les chaudi\u00e8res, les r\u00e9servoirs et les cuves sous pression. Ils assurent une \u00e9tanch\u00e9it\u00e9 solide et une distribution stable de la pression avec une r\u00e9sistance fiable pour le service industriel. Ils sont disponibles en acier au carbone ou en acier inoxydable, avec des diam\u00e8tres, des \u00e9paisseurs et des pr\u00e9parations d'ar\u00eates sur mesure.<\/p>","protected":false},"featured_media":676,"template":"","meta":{"_gspb_post_css":""},"product_brand":[],"product_cat":[20],"product_tag":[139,138,137],"class_list":{"0":"post-680","1":"product","2":"type-product","3":"status-publish","4":"has-post-thumbnail","6":"product_cat-hemispherical-head","7":"product_tag-boiler-pressure-vessel-parts","8":"product_tag-hemispherical-dished-ends","9":"product_tag-steel-tank-heads","11":"first","12":"instock","13":"shipping-taxable","14":"product-type-simple"},"_links":{"self":[{"href":"https:\/\/thedishhead.com\/fr\/wp-json\/wp\/v2\/product\/680","targetHints":{"allow":["GET"]}}],"collection":[{"href":"https:\/\/thedishhead.com\/fr\/wp-json\/wp\/v2\/product"}],"about":[{"href":"https:\/\/thedishhead.com\/fr\/wp-json\/wp\/v2\/types\/product"}],"wp:featuredmedia":[{"embeddable":true,"href":"https:\/\/thedishhead.com\/fr\/wp-json\/wp\/v2\/media\/676"}],"wp:attachment":[{"href":"https:\/\/thedishhead.com\/fr\/wp-json\/wp\/v2\/media?parent=680"}],"wp:term":[{"taxonomy":"product_brand","embeddable":true,"href":"https:\/\/thedishhead.com\/fr\/wp-json\/wp\/v2\/product_brand?post=680"},{"taxonomy":"product_cat","embeddable":true,"href":"https:\/\/thedishhead.com\/fr\/wp-json\/wp\/v2\/product_cat?post=680"},{"taxonomy":"product_tag","embeddable":true,"href":"https:\/\/thedishhead.com\/fr\/wp-json\/wp\/v2\/product_tag?post=680"}],"curies":[{"name":"wp","href":"https:\/\/api.w.org\/{rel}","templated":true}]}}