{"id":593,"date":"2026-01-04T04:27:21","date_gmt":"2026-01-04T04:27:21","guid":{"rendered":"https:\/\/thedishhead.com\/?post_type=product&#038;p=593"},"modified":"2026-01-05T07:37:18","modified_gmt":"2026-01-05T07:37:18","slug":"stainless-steel-hemispherical-dished-head-end-cap-for-tanks","status":"publish","type":"product","link":"https:\/\/thedishhead.com\/fr\/stainless-steel-hemispherical-dished-head-end-cap-for-tanks\/","title":{"rendered":"Bouchon en acier inoxydable \u00e0 t\u00eate h\u00e9misph\u00e9rique et bomb\u00e9e pour r\u00e9servoirs"},"content":{"rendered":"<p>Notre bouchon \u00e0 t\u00eate h\u00e9misph\u00e9rique en acier inoxydable pour r\u00e9servoirs est con\u00e7u pour offrir une grande r\u00e9sistance, une \u00e9tanch\u00e9it\u00e9 fiable et une longue dur\u00e9e de vie dans les r\u00e9servoirs d'eau, les cuves sous pression et les \u00e9quipements de traitement. Le profil h\u00e9misph\u00e9rique offre une r\u00e9sistance \u00e0 la pression exceptionnelle en r\u00e9partissant uniform\u00e9ment les contraintes, ce qui le rend id\u00e9al pour les applications exigeantes o\u00f9 la s\u00e9curit\u00e9 et la durabilit\u00e9 sont importantes. Fabriqu\u00e9 en acier inoxydable de premi\u00e8re qualit\u00e9 (g\u00e9n\u00e9ralement 304\/316), il offre une excellente r\u00e9sistance \u00e0 la corrosion pour les environnements humides ou agressifs, y compris l'eau potable et les proc\u00e9d\u00e9s industriels. Chaque t\u00eate bomb\u00e9e est form\u00e9e avec un contr\u00f4le pr\u00e9cis afin de garantir des dimensions exactes, des surfaces lisses et une courbure coh\u00e9rente pour un ajustement plus facile et un soudage de haute qualit\u00e9. Nous pouvons personnaliser le diam\u00e8tre, l'\u00e9paisseur, la pr\u00e9paration des bords (biseau\/plat) et la finition de la surface pour r\u00e9pondre aux diff\u00e9rentes normes et exigences du projet. Largement utilis\u00e9 dans les secteurs du traitement de l'eau, de l'agroalimentaire, de la chimie et de l'\u00e9nergie, ce bouchon h\u00e9misph\u00e9rique offre des performances fiables et une fabrication rentable.<\/p>","protected":false},"excerpt":{"rendered":"<p>Les bouchons h\u00e9misph\u00e9riques \u00e0 t\u00eate bomb\u00e9e en acier inoxydable constituent des fermetures solides et r\u00e9sistantes \u00e0 la pression pour les r\u00e9servoirs d'eau et les cuves. Gr\u00e2ce \u00e0 une excellente r\u00e9sistance \u00e0 la corrosion et \u00e0 un formage lisse, ils assurent une \u00e9tanch\u00e9it\u00e9 fiable et un soudage facile. Des diam\u00e8tres, des \u00e9paisseurs et des biseaux de bord personnalis\u00e9s sont disponibles pour les besoins de la fabrication.<\/p>","protected":false},"featured_media":1004,"template":"","meta":{"_gspb_post_css":""},"product_brand":[],"product_cat":[20],"product_tag":[140,141,142],"class_list":{"0":"post-593","1":"product","2":"type-product","3":"status-publish","4":"has-post-thumbnail","6":"product_cat-hemispherical-head","7":"product_tag-stainless-steel-hemispherical-heads","8":"product_tag-tank-dished-head-end-caps","9":"product_tag-water-tank-pressure-components","11":"first","12":"instock","13":"shipping-taxable","14":"product-type-simple"},"_links":{"self":[{"href":"https:\/\/thedishhead.com\/fr\/wp-json\/wp\/v2\/product\/593","targetHints":{"allow":["GET"]}}],"collection":[{"href":"https:\/\/thedishhead.com\/fr\/wp-json\/wp\/v2\/product"}],"about":[{"href":"https:\/\/thedishhead.com\/fr\/wp-json\/wp\/v2\/types\/product"}],"wp:featuredmedia":[{"embeddable":true,"href":"https:\/\/thedishhead.com\/fr\/wp-json\/wp\/v2\/media\/1004"}],"wp:attachment":[{"href":"https:\/\/thedishhead.com\/fr\/wp-json\/wp\/v2\/media?parent=593"}],"wp:term":[{"taxonomy":"product_brand","embeddable":true,"href":"https:\/\/thedishhead.com\/fr\/wp-json\/wp\/v2\/product_brand?post=593"},{"taxonomy":"product_cat","embeddable":true,"href":"https:\/\/thedishhead.com\/fr\/wp-json\/wp\/v2\/product_cat?post=593"},{"taxonomy":"product_tag","embeddable":true,"href":"https:\/\/thedishhead.com\/fr\/wp-json\/wp\/v2\/product_tag?post=593"}],"curies":[{"name":"wp","href":"https:\/\/api.w.org\/{rel}","templated":true}]}}