{"id":438,"date":"2026-01-04T05:13:56","date_gmt":"2026-01-04T05:13:56","guid":{"rendered":"https:\/\/thedishhead.com\/?post_type=product&#038;p=438"},"modified":"2026-01-04T05:15:13","modified_gmt":"2026-01-04T05:15:13","slug":"high-quality-elliptical-head-for-pressure-vessels","status":"publish","type":"product","link":"https:\/\/thedishhead.com\/fr\/high-quality-elliptical-head-for-pressure-vessels\/","title":{"rendered":"T\u00eate elliptique de haute qualit\u00e9 pour les appareils \u00e0 pression"},"content":{"rendered":"<p data-start=\"452\" data-end=\"800\">Notre t\u00eate elliptique de haute qualit\u00e9 est con\u00e7ue pour les r\u00e9servoirs sous pression, offrant une r\u00e9sistance et des performances optimales dans les environnements industriels exigeants. Fabriqu\u00e9e \u00e0 partir de mat\u00e9riaux durables et r\u00e9sistants \u00e0 la corrosion, cette t\u00eate est id\u00e9ale pour les applications telles que les r\u00e9servoirs, les r\u00e9acteurs et les chaudi\u00e8res, o\u00f9 la s\u00e9curit\u00e9 est primordiale.<\/p>\n<p data-start=\"802\" data-end=\"1157\">La conception elliptique permet de r\u00e9partir uniform\u00e9ment les contraintes, ce qui r\u00e9duit le risque de d\u00e9formation et prolonge la dur\u00e9e de vie de l'\u00e9quipement. Ces t\u00eates sont soigneusement con\u00e7ues pour r\u00e9pondre aux normes strictes de l'industrie, ce qui garantit une qualit\u00e9 et une fiabilit\u00e9 constantes. Disponibles en diff\u00e9rentes tailles, elles peuvent \u00eatre personnalis\u00e9es pour r\u00e9pondre aux diff\u00e9rentes exigences des appareils \u00e0 pression.<\/p>\n<p data-start=\"1159\" data-end=\"1435\" data-is-last-node=\"\" data-is-only-node=\"\">Que vous travailliez dans l'industrie chimique, p\u00e9trochimique ou \u00e9nerg\u00e9tique, nos t\u00eates elliptiques offrent une solution rentable et fiable pour le confinement de la pression. Faites confiance \u00e0 la durabilit\u00e9 et aux performances sup\u00e9rieures de nos t\u00eates elliptiques de haute qualit\u00e9 pour r\u00e9pondre \u00e0 vos besoins op\u00e9rationnels.<\/p>","protected":false},"excerpt":{"rendered":"<p>Cette t\u00eate elliptique haut de gamme est con\u00e7ue pour les cuves \u00e0 haute pression et offre une r\u00e9sistance et une durabilit\u00e9 exceptionnelles. Fabriqu\u00e9e \u00e0 partir de mat\u00e9riaux de qualit\u00e9 sup\u00e9rieure, elle garantit la s\u00e9curit\u00e9 et la fiabilit\u00e9 des applications industrielles telles que les chaudi\u00e8res et les r\u00e9servoirs. Id\u00e9ale pour le confinement de la pression, elle est con\u00e7ue pour des performances durables.<\/p>","protected":false},"featured_media":844,"template":"","meta":{"_gspb_post_css":""},"product_brand":[],"product_cat":[15],"product_tag":[157,159,158],"class_list":{"0":"post-438","1":"product","2":"type-product","3":"status-publish","4":"has-post-thumbnail","6":"product_cat-ellipsoidal-head","7":"product_tag-elliptical-pressure-vessel-heads","8":"product_tag-high-quality-pressure-vessel-components","9":"product_tag-industrial-pressure-heads","11":"first","12":"instock","13":"shipping-taxable","14":"product-type-simple"},"_links":{"self":[{"href":"https:\/\/thedishhead.com\/fr\/wp-json\/wp\/v2\/product\/438","targetHints":{"allow":["GET"]}}],"collection":[{"href":"https:\/\/thedishhead.com\/fr\/wp-json\/wp\/v2\/product"}],"about":[{"href":"https:\/\/thedishhead.com\/fr\/wp-json\/wp\/v2\/types\/product"}],"wp:featuredmedia":[{"embeddable":true,"href":"https:\/\/thedishhead.com\/fr\/wp-json\/wp\/v2\/media\/844"}],"wp:attachment":[{"href":"https:\/\/thedishhead.com\/fr\/wp-json\/wp\/v2\/media?parent=438"}],"wp:term":[{"taxonomy":"product_brand","embeddable":true,"href":"https:\/\/thedishhead.com\/fr\/wp-json\/wp\/v2\/product_brand?post=438"},{"taxonomy":"product_cat","embeddable":true,"href":"https:\/\/thedishhead.com\/fr\/wp-json\/wp\/v2\/product_cat?post=438"},{"taxonomy":"product_tag","embeddable":true,"href":"https:\/\/thedishhead.com\/fr\/wp-json\/wp\/v2\/product_tag?post=438"}],"curies":[{"name":"wp","href":"https:\/\/api.w.org\/{rel}","templated":true}]}}