{"id":437,"date":"2026-01-04T07:58:25","date_gmt":"2026-01-04T07:58:25","guid":{"rendered":"https:\/\/thedishhead.com\/?post_type=product&#038;p=437"},"modified":"2026-01-04T07:58:25","modified_gmt":"2026-01-04T07:58:25","slug":"high-quality-metal-crown-heads-for-industrial-use","status":"publish","type":"product","link":"https:\/\/thedishhead.com\/fr\/high-quality-metal-crown-heads-for-industrial-use\/","title":{"rendered":"T\u00eates de couronnes m\u00e9talliques de haute qualit\u00e9 pour usage industriel"},"content":{"rendered":"<p>Nos t\u00eates de couronnes m\u00e9talliques de haute qualit\u00e9 \u00e0 usage industriel sont con\u00e7ues pour fournir des fermetures d'extr\u00e9mit\u00e9 durables pour les r\u00e9servoirs, les cuves sous pression et les \u00e9quipements de traitement. Les t\u00eates de couronnes sont form\u00e9es avec une courbure contr\u00f4l\u00e9e pour am\u00e9liorer la distribution des contraintes et la r\u00e9sistance structurelle, aidant ainsi l'\u00e9quipement \u00e0 fonctionner en toute s\u00e9curit\u00e9 dans des conditions exigeantes. Fabriqu\u00e9es en acier au carbone ou en acier inoxydable de premi\u00e8re qualit\u00e9, ces t\u00eates offrent une excellente soudabilit\u00e9, une grande pr\u00e9cision dimensionnelle et des performances stables pour une longue dur\u00e9e de vie. Nous produisons des t\u00eates de couronne avec un contr\u00f4le de qualit\u00e9 strict, garantissant des surfaces lisses, un formage coh\u00e9rent et un ajustement pr\u00e9cis afin de r\u00e9duire le temps de fabrication et d'am\u00e9liorer la fiabilit\u00e9 du soudage. Il est possible de personnaliser le diam\u00e8tre, l'\u00e9paisseur, la pr\u00e9paration des bords (biseau\/plat) et le traitement de surface tel que le rev\u00eatement d'appr\u00eat, la peinture ou le polissage. Couramment utilis\u00e9es dans le traitement chimique, l'\u00e9nergie, le traitement de l'eau, l'\u00e9quipement alimentaire et la fabrication industrielle g\u00e9n\u00e9rale, nos t\u00eates couronn\u00e9es m\u00e9talliques constituent une solution rentable et tr\u00e8s r\u00e9sistante pour un large \u00e9ventail de projets de cuves et de r\u00e9servoirs.<\/p>","protected":false},"excerpt":{"rendered":"<p>T\u00eates couronn\u00e9es en m\u00e9tal de haute qualit\u00e9 \u00e0 usage industriel, form\u00e9es avec pr\u00e9cision pour assurer la solidit\u00e9 et une \u00e9tanch\u00e9it\u00e9 fiable dans les r\u00e9servoirs et les cuves sous pression. Disponibles en acier au carbone ou en acier inoxydable avec des surfaces lisses et des dimensions pr\u00e9cises. Les options de diam\u00e8tre, d'\u00e9paisseur et de biseau sur mesure facilitent le soudage et la fabrication.<\/p>","protected":false},"featured_media":544,"template":"","meta":{"_gspb_post_css":""},"product_brand":[],"product_cat":[17],"product_tag":[],"class_list":{"0":"post-437","1":"product","2":"type-product","3":"status-publish","4":"has-post-thumbnail","6":"product_cat-torispherical-head","8":"first","9":"instock","10":"shipping-taxable","11":"product-type-simple"},"_links":{"self":[{"href":"https:\/\/thedishhead.com\/fr\/wp-json\/wp\/v2\/product\/437","targetHints":{"allow":["GET"]}}],"collection":[{"href":"https:\/\/thedishhead.com\/fr\/wp-json\/wp\/v2\/product"}],"about":[{"href":"https:\/\/thedishhead.com\/fr\/wp-json\/wp\/v2\/types\/product"}],"wp:featuredmedia":[{"embeddable":true,"href":"https:\/\/thedishhead.com\/fr\/wp-json\/wp\/v2\/media\/544"}],"wp:attachment":[{"href":"https:\/\/thedishhead.com\/fr\/wp-json\/wp\/v2\/media?parent=437"}],"wp:term":[{"taxonomy":"product_brand","embeddable":true,"href":"https:\/\/thedishhead.com\/fr\/wp-json\/wp\/v2\/product_brand?post=437"},{"taxonomy":"product_cat","embeddable":true,"href":"https:\/\/thedishhead.com\/fr\/wp-json\/wp\/v2\/product_cat?post=437"},{"taxonomy":"product_tag","embeddable":true,"href":"https:\/\/thedishhead.com\/fr\/wp-json\/wp\/v2\/product_tag?post=437"}],"curies":[{"name":"wp","href":"https:\/\/api.w.org\/{rel}","templated":true}]}}