{"id":430,"date":"2026-01-04T01:47:03","date_gmt":"2026-01-04T01:47:03","guid":{"rendered":"https:\/\/thedishhead.com\/?post_type=product&#038;p=430"},"modified":"2026-01-04T01:47:04","modified_gmt":"2026-01-04T01:47:04","slug":"custom-high-quality-ellipsoidal-dished-head-end-cap","status":"publish","type":"product","link":"https:\/\/thedishhead.com\/fr\/custom-high-quality-ellipsoidal-dished-head-end-cap\/","title":{"rendered":"Embout \u00e0 t\u00eate bomb\u00e9e ellipso\u00efdale de haute qualit\u00e9 sur mesure"},"content":{"rendered":"<p>Notre embout \u00e0 t\u00eate bomb\u00e9e ellipso\u00efdale de haute qualit\u00e9 est con\u00e7u pour des performances fiables dans les applications de r\u00e9servoirs, de cuves et de tuyauteries sous pression. Le profil ellipso\u00efdal (2:1) offre un \u00e9quilibre id\u00e9al entre la r\u00e9sistance et l'efficacit\u00e9 du mat\u00e9riau, ce qui permet de r\u00e9duire la concentration des contraintes tout en maintenant une excellente r\u00e9sistance \u00e0 la pression. Fabriqu\u00e9es en acier au carbone ou en acier inoxydable de premi\u00e8re qualit\u00e9, ces t\u00eates sont form\u00e9es avec un contr\u00f4le dimensionnel strict pour assurer un ajustement pr\u00e9cis et faciliter le soudage lors de la fabrication. Chaque pi\u00e8ce peut \u00eatre personnalis\u00e9e en fonction du diam\u00e8tre, de l'\u00e9paisseur, du rayon de la couronne, du rayon de l'articulation et de la pr\u00e9paration des bords requis, ce qui permet de r\u00e9pondre \u00e0 un large \u00e9ventail d'exigences en mati\u00e8re de conception et de code. Avec une finition de surface propre et une qualit\u00e9 de formage constante, nos t\u00eates ellipso\u00efdales sont largement utilis\u00e9es dans des industries telles que le traitement chimique, l'\u00e9nergie, le traitement de l'eau et les \u00e9quipements de qualit\u00e9 alimentaire. Choisissez nos fonds bomb\u00e9s pour une longue dur\u00e9e de vie, des performances d'\u00e9tanch\u00e9it\u00e9 stables et une int\u00e9grit\u00e9 structurelle fiable dans les environnements exigeants.<\/p>","protected":false},"excerpt":{"rendered":"<p>Les bouchons \u00e0 t\u00eate bomb\u00e9e ellipso\u00efdale de haute qualit\u00e9 sont form\u00e9s avec pr\u00e9cision pour les r\u00e9servoirs et les cuves sous pression. Fabriqu\u00e9s en acier de premi\u00e8re qualit\u00e9 ou en acier inoxydable, ils offrent une excellente r\u00e9sistance, une finition lisse et une \u00e9tanch\u00e9it\u00e9 fiable. Ils sont id\u00e9aux pour le soudage, les services \u00e0 haute pression et les applications r\u00e9sistantes \u00e0 la corrosion.<\/p>","protected":false},"featured_media":431,"template":"","meta":{"_gspb_post_css":""},"product_brand":[],"product_cat":[15],"product_tag":[105,103,104],"class_list":{"0":"post-430","1":"product","2":"type-product","3":"status-publish","4":"has-post-thumbnail","6":"product_cat-ellipsoidal-head","7":"product_tag-custom-tank-heads","8":"product_tag-ellipsoidal-dished-heads","9":"product_tag-pressure-vessel-end-caps","11":"first","12":"instock","13":"shipping-taxable","14":"product-type-simple"},"_links":{"self":[{"href":"https:\/\/thedishhead.com\/fr\/wp-json\/wp\/v2\/product\/430","targetHints":{"allow":["GET"]}}],"collection":[{"href":"https:\/\/thedishhead.com\/fr\/wp-json\/wp\/v2\/product"}],"about":[{"href":"https:\/\/thedishhead.com\/fr\/wp-json\/wp\/v2\/types\/product"}],"wp:featuredmedia":[{"embeddable":true,"href":"https:\/\/thedishhead.com\/fr\/wp-json\/wp\/v2\/media\/431"}],"wp:attachment":[{"href":"https:\/\/thedishhead.com\/fr\/wp-json\/wp\/v2\/media?parent=430"}],"wp:term":[{"taxonomy":"product_brand","embeddable":true,"href":"https:\/\/thedishhead.com\/fr\/wp-json\/wp\/v2\/product_brand?post=430"},{"taxonomy":"product_cat","embeddable":true,"href":"https:\/\/thedishhead.com\/fr\/wp-json\/wp\/v2\/product_cat?post=430"},{"taxonomy":"product_tag","embeddable":true,"href":"https:\/\/thedishhead.com\/fr\/wp-json\/wp\/v2\/product_tag?post=430"}],"curies":[{"name":"wp","href":"https:\/\/api.w.org\/{rel}","templated":true}]}}