{"id":419,"date":"2026-01-03T11:12:36","date_gmt":"2026-01-03T11:12:36","guid":{"rendered":"https:\/\/thedishhead.com\/?post_type=product&#038;p=419"},"modified":"2026-01-03T12:19:46","modified_gmt":"2026-01-03T12:19:46","slug":"high-quality-stainless-steel-torispherical-pipe-end-cap-head","status":"publish","type":"product","link":"https:\/\/thedishhead.com\/fr\/high-quality-stainless-steel-torispherical-pipe-end-cap-head\/","title":{"rendered":"T\u00eate d'embout torisph\u00e9rique en acier inoxydable de haute qualit\u00e9"},"content":{"rendered":"<p>La t\u00eate de bouchon torisph\u00e9rique en acier inoxydable de haute qualit\u00e9 est une solution robuste pour les applications \u00e0 haute pression. Fabriqu\u00e9 en acier inoxydable de premi\u00e8re qualit\u00e9, ce composant garantit une durabilit\u00e9 \u00e0 long terme et une excellente r\u00e9sistance \u00e0 la corrosion. La conception torisph\u00e9rique est id\u00e9ale pour r\u00e9sister \u00e0 la pression interne et renforcer l'int\u00e9grit\u00e9 structurelle des pipelines, des r\u00e9servoirs et autres cuves sous pression. Cette t\u00eate de bouchon est utilis\u00e9e dans des industries telles que la p\u00e9trochimie, la fabrication et l'agroalimentaire, o\u00f9 l'\u00e9tanch\u00e9it\u00e9 et le confinement de la pression sont essentiels. La conception assure un ajustement pr\u00e9cis et parfait, ce qui facilite le soudage et l'int\u00e9gration dans les syst\u00e8mes. Gr\u00e2ce \u00e0 sa r\u00e9sistance et \u00e0 sa fiabilit\u00e9 sup\u00e9rieures, la t\u00eate de bouchon torisph\u00e9rique garantit des performances \u00e0 long terme, m\u00eame dans les conditions les plus exigeantes, ce qui contribue \u00e0 am\u00e9liorer l'efficacit\u00e9 et la s\u00e9curit\u00e9 globales de tout r\u00e9cipient sous pression ou syst\u00e8me de tuyauterie.<\/p>","protected":false},"excerpt":{"rendered":"<p>Notre t\u00eate de bouchon torisph\u00e9rique en acier inoxydable de haute qualit\u00e9 est con\u00e7ue pour la pr\u00e9cision et la durabilit\u00e9. Con\u00e7ue pour r\u00e9sister aux pressions \u00e9lev\u00e9es, elle offre une r\u00e9sistance exceptionnelle \u00e0 la corrosion. Id\u00e9ale pour diverses applications industrielles, y compris les r\u00e9servoirs et les pipelines, elle garantit des joints \u00e9tanches et des raccords s\u00fbrs.<\/p>","protected":false},"featured_media":416,"template":"","meta":{"_gspb_post_css":""},"product_brand":[],"product_cat":[17],"product_tag":[93,100,101],"class_list":{"0":"post-419","1":"product","2":"type-product","3":"status-publish","4":"has-post-thumbnail","6":"product_cat-torispherical-head","7":"product_tag-pressure-vessel-components","8":"product_tag-stainless-steel-pipe-end-caps","9":"product_tag-torispherical-tank-heads","11":"first","12":"instock","13":"shipping-taxable","14":"product-type-simple"},"_links":{"self":[{"href":"https:\/\/thedishhead.com\/fr\/wp-json\/wp\/v2\/product\/419","targetHints":{"allow":["GET"]}}],"collection":[{"href":"https:\/\/thedishhead.com\/fr\/wp-json\/wp\/v2\/product"}],"about":[{"href":"https:\/\/thedishhead.com\/fr\/wp-json\/wp\/v2\/types\/product"}],"wp:featuredmedia":[{"embeddable":true,"href":"https:\/\/thedishhead.com\/fr\/wp-json\/wp\/v2\/media\/416"}],"wp:attachment":[{"href":"https:\/\/thedishhead.com\/fr\/wp-json\/wp\/v2\/media?parent=419"}],"wp:term":[{"taxonomy":"product_brand","embeddable":true,"href":"https:\/\/thedishhead.com\/fr\/wp-json\/wp\/v2\/product_brand?post=419"},{"taxonomy":"product_cat","embeddable":true,"href":"https:\/\/thedishhead.com\/fr\/wp-json\/wp\/v2\/product_cat?post=419"},{"taxonomy":"product_tag","embeddable":true,"href":"https:\/\/thedishhead.com\/fr\/wp-json\/wp\/v2\/product_tag?post=419"}],"curies":[{"name":"wp","href":"https:\/\/api.w.org\/{rel}","templated":true}]}}