{"id":1531,"date":"2026-01-21T06:38:54","date_gmt":"2026-01-21T06:38:54","guid":{"rendered":"https:\/\/thedishhead.com\/?post_type=product&#038;p=1531"},"modified":"2026-01-21T06:38:54","modified_gmt":"2026-01-21T06:38:54","slug":"dished-ends-hemispherical-head-with-asme-standard","status":"publish","type":"product","link":"https:\/\/thedishhead.com\/fr\/dished-ends-hemispherical-head-with-asme-standard\/","title":{"rendered":"T\u00eate h\u00e9misph\u00e9rique \u00e0 bouts arrondis avec norme ASME"},"content":{"rendered":"<p>T\u00eate h\u00e9misph\u00e9rique ASME pour r\u00e9cipients sous pression, form\u00e9e selon un rayon r\u00e9el pour d'excellentes performances en mati\u00e8re de pression et un montage propre. Diam\u00e8tre, \u00e9paisseur et pr\u00e9paration des bords sur mesure disponibles. Les mat\u00e9riaux comprennent l'acier au carbone et l'acier inoxydable. Utilis\u00e9e pour les r\u00e9servoirs, r\u00e9acteurs, chaudi\u00e8res et \u00e9changeurs de chaleur de la section VIII de l'ASME.<\/p>","protected":false},"excerpt":{"rendered":"<p>ASME hemispherical heads with true radius and custom sizes\u2014ideal for Section VIII pressure vessels, tanks, reactors, boilers, and heat exchangers.<\/p>\n[video width=\"720\" height=\"1280\" mp4=\"https:\/\/thedishhead.com\/wp-content\/uploads\/2026\/01\/a9c5a2afaf251fa7601a97dc95510e7d.mp4\"][\/video]\n","protected":false},"featured_media":1511,"template":"","meta":{"_gspb_post_css":""},"product_brand":[],"product_cat":[401],"product_tag":[404,406,407],"class_list":{"0":"post-1531","1":"product","2":"type-product","3":"status-publish","4":"has-post-thumbnail","6":"product_cat-dish-end","7":"product_tag-asme-hemispherical-head","8":"product_tag-hemispherical-dished-end","9":"product_tag-pressure-vessel-fabrication","11":"first","12":"instock","13":"shipping-taxable","14":"product-type-simple"},"_links":{"self":[{"href":"https:\/\/thedishhead.com\/fr\/wp-json\/wp\/v2\/product\/1531","targetHints":{"allow":["GET"]}}],"collection":[{"href":"https:\/\/thedishhead.com\/fr\/wp-json\/wp\/v2\/product"}],"about":[{"href":"https:\/\/thedishhead.com\/fr\/wp-json\/wp\/v2\/types\/product"}],"wp:featuredmedia":[{"embeddable":true,"href":"https:\/\/thedishhead.com\/fr\/wp-json\/wp\/v2\/media\/1511"}],"wp:attachment":[{"href":"https:\/\/thedishhead.com\/fr\/wp-json\/wp\/v2\/media?parent=1531"}],"wp:term":[{"taxonomy":"product_brand","embeddable":true,"href":"https:\/\/thedishhead.com\/fr\/wp-json\/wp\/v2\/product_brand?post=1531"},{"taxonomy":"product_cat","embeddable":true,"href":"https:\/\/thedishhead.com\/fr\/wp-json\/wp\/v2\/product_cat?post=1531"},{"taxonomy":"product_tag","embeddable":true,"href":"https:\/\/thedishhead.com\/fr\/wp-json\/wp\/v2\/product_tag?post=1531"}],"curies":[{"name":"wp","href":"https:\/\/api.w.org\/{rel}","templated":true}]}}