{"id":1519,"date":"2026-01-21T06:29:50","date_gmt":"2026-01-21T06:29:50","guid":{"rendered":"https:\/\/thedishhead.com\/?post_type=product&#038;p=1519"},"modified":"2026-01-21T06:29:50","modified_gmt":"2026-01-21T06:29:50","slug":"custom-stainless-steel-hemispherical-head-manufacturer","status":"publish","type":"product","link":"https:\/\/thedishhead.com\/fr\/custom-stainless-steel-hemispherical-head-manufacturer\/","title":{"rendered":"Fabricant de t\u00eates h\u00e9misph\u00e9riques en acier inoxydable sur mesure"},"content":{"rendered":"<p>T\u00eate h\u00e9misph\u00e9rique ASME pour appareils \u00e0 pression, form\u00e9e avec pr\u00e9cision pour une contrainte uniforme et des performances \u00e0 haute pression. Disponible en acier inoxydable et en acier au carbone avec un diam\u00e8tre, une \u00e9paisseur et un biseau de bord personnalis\u00e9s. Id\u00e9al pour les r\u00e9servoirs, les r\u00e9acteurs, les \u00e9changeurs de chaleur et les extr\u00e9mit\u00e9s de chaudi\u00e8res de la section VIII de l'ASME.<\/p>","protected":false},"excerpt":{"rendered":"<p>T\u00eates h\u00e9misph\u00e9riques de pr\u00e9cision ASME pour les cuves de la section VIII - tailles, mat\u00e9riaux et \u00e9paisseurs sur mesure pour les r\u00e9servoirs, les r\u00e9acteurs et les chaudi\u00e8res.<\/p>","protected":false},"featured_media":1510,"template":"","meta":{"_gspb_post_css":""},"product_brand":[],"product_cat":[401],"product_tag":[404,105,249],"class_list":{"0":"post-1519","1":"product","2":"type-product","3":"status-publish","4":"has-post-thumbnail","6":"product_cat-dish-end","7":"product_tag-asme-hemispherical-head","8":"product_tag-custom-tank-heads","9":"product_tag-pressure-vessel-end-cap","11":"first","12":"instock","13":"shipping-taxable","14":"product-type-simple"},"_links":{"self":[{"href":"https:\/\/thedishhead.com\/fr\/wp-json\/wp\/v2\/product\/1519","targetHints":{"allow":["GET"]}}],"collection":[{"href":"https:\/\/thedishhead.com\/fr\/wp-json\/wp\/v2\/product"}],"about":[{"href":"https:\/\/thedishhead.com\/fr\/wp-json\/wp\/v2\/types\/product"}],"wp:featuredmedia":[{"embeddable":true,"href":"https:\/\/thedishhead.com\/fr\/wp-json\/wp\/v2\/media\/1510"}],"wp:attachment":[{"href":"https:\/\/thedishhead.com\/fr\/wp-json\/wp\/v2\/media?parent=1519"}],"wp:term":[{"taxonomy":"product_brand","embeddable":true,"href":"https:\/\/thedishhead.com\/fr\/wp-json\/wp\/v2\/product_brand?post=1519"},{"taxonomy":"product_cat","embeddable":true,"href":"https:\/\/thedishhead.com\/fr\/wp-json\/wp\/v2\/product_cat?post=1519"},{"taxonomy":"product_tag","embeddable":true,"href":"https:\/\/thedishhead.com\/fr\/wp-json\/wp\/v2\/product_tag?post=1519"}],"curies":[{"name":"wp","href":"https:\/\/api.w.org\/{rel}","templated":true}]}}