{"id":955,"date":"2026-01-04T14:14:26","date_gmt":"2026-01-04T14:14:26","guid":{"rendered":"https:\/\/thedishhead.com\/?post_type=product&#038;p=955"},"modified":"2026-01-04T14:14:26","modified_gmt":"2026-01-04T14:14:26","slug":"custom-carbon-steel-fire-bowl-outdoor-fire-pit","status":"publish","type":"product","link":"https:\/\/thedishhead.com\/es\/custom-carbon-steel-fire-bowl-outdoor-fire-pit\/","title":{"rendered":"Hoguera de acero al carbono para exteriores"},"content":{"rendered":"<p data-start=\"320\" data-end=\"747\">Nuestro cuenco de fuego de acero al carbono a medida est\u00e1 hecho para espacios al aire libre que necesitan calor real y una construcci\u00f3n resistente, sin tonter\u00edas. El acero al carbono soporta bien el calor y desarrolla una p\u00e1tina natural con el tiempo, dando al cuenco de fuego un aspecto robusto que se adapta a patios, jardines y lugares al aire libre. El cuenco est\u00e1 cuidadosamente formado para mantener el equilibrio, con soldaduras limpias y bordes lisos para mejorar la seguridad y el aspecto.<\/p>\n<p data-start=\"749\" data-end=\"1063\">Podemos personalizarlos para adaptarlos a diferentes mercados y proyectos: elija el di\u00e1metro, el grosor del acero y el acabado de la superficie, desde acero en bruto hasta opciones con revestimiento para una mejor protecci\u00f3n contra la intemperie. Tambi\u00e9n ofrecemos opciones de personalizaci\u00f3n, como logotipos o placas de identificaci\u00f3n cortadas con l\u00e1ser, adem\u00e1s de embalajes listos para la venta al por mayor.<\/p>\n<p data-start=\"1065\" data-end=\"1242\" data-is-last-node=\"\" data-is-only-node=\"\">Tanto si suministra productos para exteriores como si se encarga de un proyecto de paisajismo, este cuenco de acero al carbono para hogueras es una opci\u00f3n s\u00f3lida que tiene buen aspecto, funciona bien y dura.<\/p>","protected":false},"excerpt":{"rendered":"<p>Custom carbon steel fire bowl outdoor fire pit built for strong heat tolerance and long-lasting use. Clean welds, smooth edges, and a stable bowl shape for safe backyard fires. Custom diameter, thickness, finish, logo, and packaging options available for bulk orders.<\/p>\n<article class=\"text-token-text-primary w-full focus:outline-none [--shadow-height:45px] has-data-writing-block:pointer-events-none has-data-writing-block:-mt-(--shadow-height) has-data-writing-block:pt-(--shadow-height) [&amp;:has([data-writing-block])&gt;*]:pointer-events-auto scroll-mt-(--header-height)\" dir=\"auto\" tabindex=\"-1\" data-turn-id=\"b3fd9408-a9fa-498f-8658-5314119fafb1\" data-testid=\"conversation-turn-55\" data-scroll-anchor=\"false\" data-turn=\"user\">\n<div class=\"text-base my-auto mx-auto pt-12 [--thread-content-margin:--spacing(4)] @w-sm\/main:[--thread-content-margin:--spacing(6)] @w-lg\/main:[--thread-content-margin:--spacing(16)] px-(--thread-content-margin)\">\n<div class=\"[--thread-content-max-width:40rem] @w-lg\/main:[--thread-content-max-width:48rem] mx-auto max-w-(--thread-content-max-width) flex-1 group\/turn-messages focus-visible:outline-hidden relative flex w-full min-w-0 flex-col\" tabindex=\"-1\">\n<div class=\"flex max-w-full flex-col grow\">\n<div class=\"min-h-8 text-message relative flex w-full flex-col items-end gap-2 text-start break-words whitespace-normal [.text-message+&amp;]:mt-1\" dir=\"auto\" data-message-author-role=\"user\" data-message-id=\"b3fd9408-a9fa-498f-8658-5314119fafb1\">\n<div class=\"flex w-full flex-col gap-1 empty:hidden items-end rtl:items-start\">\n<div class=\"user-message-bubble-color corner-superellipse\/1.1 relative rounded-[18px] px-4 py-1.5 data-[multiline]:py-3 max-w-[var(--user-chat-width,70%)]\" data-multiline=\"\">\n<div class=\"whitespace-pre-wrap\"><\/div>\n<\/div>\n<\/div>\n<\/div>\n<\/div>\n<div class=\"z-0 flex justify-end\"><\/div>\n<\/div>\n<\/div>\n<\/article>\n<article class=\"text-token-text-primary w-full focus:outline-none [--shadow-height:45px] has-data-writing-block:pointer-events-none has-data-writing-block:-mt-(--shadow-height) has-data-writing-block:pt-(--shadow-height) [&amp;:has([data-writing-block])&gt;*]:pointer-events-auto scroll-mt-[calc(var(--header-height)+min(200px,max(70px,20svh)))]\" dir=\"auto\" tabindex=\"-1\" data-turn-id=\"14e0f2ee-234e-4aec-bf2e-e014c74aacdb\" data-testid=\"conversation-turn-56\" data-scroll-anchor=\"true\" data-turn=\"assistant\">\n<div class=\"text-base my-auto mx-auto pb-10 [--thread-content-margin:--spacing(4)] @w-sm\/main:[--thread-content-margin:--spacing(6)] @w-lg\/main:[--thread-content-margin:--spacing(16)] px-(--thread-content-margin)\">\n<div class=\"[--thread-content-max-width:40rem] @w-lg\/main:[--thread-content-max-width:48rem] mx-auto max-w-(--thread-content-max-width) flex-1 group\/turn-messages focus-visible:outline-hidden relative flex w-full min-w-0 flex-col agent-turn\" tabindex=\"-1\">\n<div class=\"flex max-w-full flex-col grow\">\n<div class=\"min-h-8 text-message relative flex w-full flex-col items-end gap-2 text-start break-words whitespace-normal [.text-message+&amp;]:mt-1\" dir=\"auto\" data-message-author-role=\"assistant\" data-message-id=\"bd9c579f-045d-4c5d-8866-c6bc688c1f3e\" data-message-model-slug=\"gpt-5-2-thinking\">\n<div class=\"flex w-full flex-col gap-1 empty:hidden first:pt-[1px]\">\n<div class=\"markdown prose dark:prose-invert w-full break-words light markdown-new-styling\">\n<p data-start=\"0\" data-end=\"151\" data-is-last-node=\"\" data-is-only-node=\"\">\n<\/div>\n<\/div>\n<\/div>\n<\/div>\n<\/div>\n<\/div>\n<\/article>\n","protected":false},"featured_media":775,"template":"","meta":{"_gspb_post_css":""},"product_brand":[],"product_cat":[22],"product_tag":[349,223,222],"class_list":{"0":"post-955","1":"product","2":"type-product","3":"status-publish","4":"has-post-thumbnail","6":"product_cat-firepit-bowl","7":"product_tag-backyard-fire-pit-bowl","8":"product_tag-carbon-steel-fire-bowl","9":"product_tag-custom-outdoor-fire-pit","11":"first","12":"instock","13":"shipping-taxable","14":"product-type-simple"},"_links":{"self":[{"href":"https:\/\/thedishhead.com\/es\/wp-json\/wp\/v2\/product\/955","targetHints":{"allow":["GET"]}}],"collection":[{"href":"https:\/\/thedishhead.com\/es\/wp-json\/wp\/v2\/product"}],"about":[{"href":"https:\/\/thedishhead.com\/es\/wp-json\/wp\/v2\/types\/product"}],"wp:featuredmedia":[{"embeddable":true,"href":"https:\/\/thedishhead.com\/es\/wp-json\/wp\/v2\/media\/775"}],"wp:attachment":[{"href":"https:\/\/thedishhead.com\/es\/wp-json\/wp\/v2\/media?parent=955"}],"wp:term":[{"taxonomy":"product_brand","embeddable":true,"href":"https:\/\/thedishhead.com\/es\/wp-json\/wp\/v2\/product_brand?post=955"},{"taxonomy":"product_cat","embeddable":true,"href":"https:\/\/thedishhead.com\/es\/wp-json\/wp\/v2\/product_cat?post=955"},{"taxonomy":"product_tag","embeddable":true,"href":"https:\/\/thedishhead.com\/es\/wp-json\/wp\/v2\/product_tag?post=955"}],"curies":[{"name":"wp","href":"https:\/\/api.w.org\/{rel}","templated":true}]}}