{"id":905,"date":"2026-01-04T08:18:13","date_gmt":"2026-01-04T08:18:13","guid":{"rendered":"https:\/\/thedishhead.com\/?post_type=product&#038;p=905"},"modified":"2026-01-04T08:18:13","modified_gmt":"2026-01-04T08:18:13","slug":"high-quality-mild-steel-hemispherical-dished-head-manufacturer","status":"publish","type":"product","link":"https:\/\/thedishhead.com\/es\/high-quality-mild-steel-hemispherical-dished-head-manufacturer\/","title":{"rendered":"Cabezal semiesf\u00e9rico de acero dulce de alta calidad Fabricantes"},"content":{"rendered":"<p>Como fabricante de cabezales c\u00f3nicos hemisf\u00e9ricos de acero dulce de alta calidad, suministramos cabezales de recipientes duraderos dise\u00f1ados para tanques, calderas y fabricaci\u00f3n de recipientes a presi\u00f3n. La forma semiesf\u00e9rica ofrece una excelente distribuci\u00f3n de la tensi\u00f3n, por lo que es ideal para aplicaciones de alta presi\u00f3n y mejora la integridad general del recipiente. Fabricados con acero dulce de calidad, estos cabezales ofrecen una buena soldabilidad y una resistencia rentable para uso industrial. Aplicamos procesos de conformado controlados y una estricta inspecci\u00f3n dimensional para garantizar una curvatura precisa, superficies lisas y un ajuste uniforme para obtener resultados de soldadura estables. Se puede personalizar el di\u00e1metro, el grosor, la altura de la brida recta y la preparaci\u00f3n del borde (bisel\/liso), junto con imprimaci\u00f3n, pintura o revestimientos anticorrosi\u00f3n opcionales para exteriores o entornos dif\u00edciles. Ampliamente utilizados en procesos qu\u00edmicos, tratamiento de aguas, energ\u00eda y fabricaci\u00f3n en general, nuestros cabezales semiesf\u00e9ricos abombados ofrecen una estanquidad fiable, una larga vida \u00fatil y un soporte de fabricaci\u00f3n eficaz para pedidos de OEM y proyectos.<\/p>","protected":false},"excerpt":{"rendered":"<p>Cabezales semiesf\u00e9ricos abombados de acero dulce de alta calidad fabricados para dep\u00f3sitos y recipientes a presi\u00f3n. Formados con precisi\u00f3n para un rendimiento de presi\u00f3n fuerte, un sellado fiable y una soldadura f\u00e1cil. Di\u00e1metros, espesores, bordes biselados y revestimientos superficiales personalizados disponibles para fabricaci\u00f3n industrial y suministro de OEM.<\/p>","protected":false},"featured_media":390,"template":"","meta":{"_gspb_post_css":""},"product_brand":[],"product_cat":[20],"product_tag":[175,269,270],"class_list":{"0":"post-905","1":"product","2":"type-product","3":"status-publish","4":"has-post-thumbnail","6":"product_cat-hemispherical-head","7":"product_tag-custom-tank-end-closures","8":"product_tag-mild-steel-hemispherical-heads","9":"product_tag-pressure-vessel-dished-head-manufacturer","11":"first","12":"instock","13":"shipping-taxable","14":"product-type-simple"},"_links":{"self":[{"href":"https:\/\/thedishhead.com\/es\/wp-json\/wp\/v2\/product\/905","targetHints":{"allow":["GET"]}}],"collection":[{"href":"https:\/\/thedishhead.com\/es\/wp-json\/wp\/v2\/product"}],"about":[{"href":"https:\/\/thedishhead.com\/es\/wp-json\/wp\/v2\/types\/product"}],"wp:featuredmedia":[{"embeddable":true,"href":"https:\/\/thedishhead.com\/es\/wp-json\/wp\/v2\/media\/390"}],"wp:attachment":[{"href":"https:\/\/thedishhead.com\/es\/wp-json\/wp\/v2\/media?parent=905"}],"wp:term":[{"taxonomy":"product_brand","embeddable":true,"href":"https:\/\/thedishhead.com\/es\/wp-json\/wp\/v2\/product_brand?post=905"},{"taxonomy":"product_cat","embeddable":true,"href":"https:\/\/thedishhead.com\/es\/wp-json\/wp\/v2\/product_cat?post=905"},{"taxonomy":"product_tag","embeddable":true,"href":"https:\/\/thedishhead.com\/es\/wp-json\/wp\/v2\/product_tag?post=905"}],"curies":[{"name":"wp","href":"https:\/\/api.w.org\/{rel}","templated":true}]}}