{"id":895,"date":"2026-01-04T07:29:36","date_gmt":"2026-01-04T07:29:36","guid":{"rendered":"https:\/\/thedishhead.com\/?post_type=product&#038;p=895"},"modified":"2026-01-04T07:31:40","modified_gmt":"2026-01-04T07:31:40","slug":"ellipsoidal-head-for-sale-for-pressure-vessels-manufacturing","status":"publish","type":"product","link":"https:\/\/thedishhead.com\/es\/ellipsoidal-head-for-sale-for-pressure-vessels-manufacturing\/","title":{"rendered":"Venta de cabezales elipsoidales para la fabricaci\u00f3n de recipientes a presi\u00f3n"},"content":{"rendered":"<p>Nuestro cabezal elipsoidal en venta para la fabricaci\u00f3n de recipientes a presi\u00f3n est\u00e1 dise\u00f1ado como un cierre de extremo duradero para recipientes a presi\u00f3n, tanques de almacenamiento y equipos de procesos industriales. El perfil elipsoidal (com\u00fanmente 2:1) distribuye la tensi\u00f3n de manera eficiente, ofreciendo un mejor rendimiento de presi\u00f3n que los extremos planos, a la vez que optimiza el uso de material. Fabricamos cabezales en acero al carbono para aplicaciones econ\u00f3micas y en acero inoxidable (como 304\/316) para servicios resistentes a la corrosi\u00f3n. Cada cabezal se fabrica con un conformado controlado que garantiza unas dimensiones exactas, superficies lisas y una curvatura uniforme para un ajuste fiable y una calidad de soldadura estable. Se puede personalizar el di\u00e1metro, el espesor, la altura de la brida recta y la preparaci\u00f3n de los bordes (bisel\/plano), con certificados de materiales y END opcionales para cumplir los requisitos de los c\u00f3digos. Nuestros cabezales elipsoidales, ampliamente utilizados en los sectores qu\u00edmico, petrol\u00edfero y del gas, energ\u00e9tico, de tratamiento de aguas y de fabricaci\u00f3n, ofrecen una resistencia fiable, integridad de estanquidad y un suministro de producci\u00f3n rentable.<\/p>","protected":false},"excerpt":{"rendered":"<p>Cabezales elipsoidales en venta para la fabricaci\u00f3n de recipientes a presi\u00f3n, formados con precisi\u00f3n a partir de acero al carbono o acero inoxidable para un fuerte rendimiento de presi\u00f3n y un sellado fiable. Di\u00e1metro, espesor y borde biselado a medida para facilitar la soldadura. Suministro OEM\/mayorista con opciones de inspecci\u00f3n.<\/p>","protected":false},"featured_media":434,"template":"","meta":{"_gspb_post_css":""},"product_brand":[],"product_cat":[15],"product_tag":[250,251,252],"class_list":{"0":"post-895","1":"product","2":"type-product","3":"status-publish","4":"has-post-thumbnail","6":"product_cat-ellipsoidal-head","7":"product_tag-ellipsoidal-pressure-vessel-heads","8":"product_tag-elliptical-dished-heads-for-sale","9":"product_tag-tank-head-manufacturing-supplier","11":"first","12":"instock","13":"shipping-taxable","14":"product-type-simple"},"_links":{"self":[{"href":"https:\/\/thedishhead.com\/es\/wp-json\/wp\/v2\/product\/895","targetHints":{"allow":["GET"]}}],"collection":[{"href":"https:\/\/thedishhead.com\/es\/wp-json\/wp\/v2\/product"}],"about":[{"href":"https:\/\/thedishhead.com\/es\/wp-json\/wp\/v2\/types\/product"}],"wp:featuredmedia":[{"embeddable":true,"href":"https:\/\/thedishhead.com\/es\/wp-json\/wp\/v2\/media\/434"}],"wp:attachment":[{"href":"https:\/\/thedishhead.com\/es\/wp-json\/wp\/v2\/media?parent=895"}],"wp:term":[{"taxonomy":"product_brand","embeddable":true,"href":"https:\/\/thedishhead.com\/es\/wp-json\/wp\/v2\/product_brand?post=895"},{"taxonomy":"product_cat","embeddable":true,"href":"https:\/\/thedishhead.com\/es\/wp-json\/wp\/v2\/product_cat?post=895"},{"taxonomy":"product_tag","embeddable":true,"href":"https:\/\/thedishhead.com\/es\/wp-json\/wp\/v2\/product_tag?post=895"}],"curies":[{"name":"wp","href":"https:\/\/api.w.org\/{rel}","templated":true}]}}