{"id":886,"date":"2026-01-04T07:12:08","date_gmt":"2026-01-04T07:12:08","guid":{"rendered":"https:\/\/thedishhead.com\/?post_type=product&#038;p=886"},"modified":"2026-01-04T07:12:54","modified_gmt":"2026-01-04T07:12:54","slug":"stainless-steel-torispherical-head-for-pressure-vessel-tanks","status":"publish","type":"product","link":"https:\/\/thedishhead.com\/es\/stainless-steel-torispherical-head-for-pressure-vessel-tanks\/","title":{"rendered":"Cabezal toriesf\u00e9rico de acero inoxidable para dep\u00f3sitos a presi\u00f3n"},"content":{"rendered":"<p>Nuestro cabezal toriesf\u00e9rico de acero inoxidable para dep\u00f3sitos a presi\u00f3n est\u00e1 dise\u00f1ado para ofrecer un rendimiento seguro y duradero en la fabricaci\u00f3n de dep\u00f3sitos y recipientes a presi\u00f3n. El perfil toriesf\u00e9rico (abombado) distribuye la tensi\u00f3n de forma eficaz, lo que lo convierte en una opci\u00f3n pr\u00e1ctica y ampliamente utilizada para muchos dise\u00f1os de recipientes. Fabricado en acero inoxidable de primera calidad, como 304 \u00f3 316, ofrece una excelente resistencia a la corrosi\u00f3n para entornos qu\u00edmicos, alimentarios, farmac\u00e9uticos y de tratamiento de aguas. Cada cabezal se fabrica con un conformado controlado para garantizar dimensiones exactas, superficies lisas y un ajuste estable de la soldadura. Ofrecemos una personalizaci\u00f3n flexible que incluye el di\u00e1metro, el grosor, la preparaci\u00f3n de los bordes (bisel\/plano) y el acabado de la superficie para cumplir las diferentes normas y requisitos de los proyectos. Con un control de calidad fiable y la capacidad de suministro del fabricante, nuestros cabezales toroesf\u00e9ricos ayudan a reducir el riesgo de fabricaci\u00f3n, mejoran la integridad del sellado y prolongan la vida \u00fatil en aplicaciones de presi\u00f3n exigentes.<\/p>","protected":false},"excerpt":{"rendered":"<p>Cabezales toroesf\u00e9ricos de acero inoxidable para dep\u00f3sitos de recipientes a presi\u00f3n, conformados con precisi\u00f3n para ofrecer resistencia y un sellado fiable. Resistentes a la corrosi\u00f3n (opciones 304\/316) con superficie lisa y curvatura uniforme. Di\u00e1metro, espesor y borde biselado personalizados para facilitar los proyectos de soldadura y fabricaci\u00f3n.<\/p>","protected":false},"featured_media":567,"template":"","meta":{"_gspb_post_css":""},"product_brand":[],"product_cat":[17],"product_tag":[149,125,170],"class_list":{"0":"post-886","1":"product","2":"type-product","3":"status-publish","4":"has-post-thumbnail","6":"product_cat-torispherical-head","7":"product_tag-custom-dished-head-fabrication","8":"product_tag-pressure-vessel-tank-heads","9":"product_tag-stainless-steel-torispherical-heads","11":"first","12":"instock","13":"shipping-taxable","14":"product-type-simple"},"_links":{"self":[{"href":"https:\/\/thedishhead.com\/es\/wp-json\/wp\/v2\/product\/886","targetHints":{"allow":["GET"]}}],"collection":[{"href":"https:\/\/thedishhead.com\/es\/wp-json\/wp\/v2\/product"}],"about":[{"href":"https:\/\/thedishhead.com\/es\/wp-json\/wp\/v2\/types\/product"}],"wp:featuredmedia":[{"embeddable":true,"href":"https:\/\/thedishhead.com\/es\/wp-json\/wp\/v2\/media\/567"}],"wp:attachment":[{"href":"https:\/\/thedishhead.com\/es\/wp-json\/wp\/v2\/media?parent=886"}],"wp:term":[{"taxonomy":"product_brand","embeddable":true,"href":"https:\/\/thedishhead.com\/es\/wp-json\/wp\/v2\/product_brand?post=886"},{"taxonomy":"product_cat","embeddable":true,"href":"https:\/\/thedishhead.com\/es\/wp-json\/wp\/v2\/product_cat?post=886"},{"taxonomy":"product_tag","embeddable":true,"href":"https:\/\/thedishhead.com\/es\/wp-json\/wp\/v2\/product_tag?post=886"}],"curies":[{"name":"wp","href":"https:\/\/api.w.org\/{rel}","templated":true}]}}