{"id":878,"date":"2026-01-04T06:50:44","date_gmt":"2026-01-04T06:50:44","guid":{"rendered":"https:\/\/thedishhead.com\/?post_type=product&#038;p=878"},"modified":"2026-01-04T06:50:44","modified_gmt":"2026-01-04T06:50:44","slug":"flat-head-elliptical-dished-ends-for-pressure-vessel-tank-covers","status":"publish","type":"product","link":"https:\/\/thedishhead.com\/es\/flat-head-elliptical-dished-ends-for-pressure-vessel-tank-covers\/","title":{"rendered":"Cabeza plana y extremos el\u00edpticos para tapas de recipientes a presi\u00f3n"},"content":{"rendered":"<p>Nuestros extremos de cabeza plana y abombados el\u00edpticos para tapas de dep\u00f3sitos a presi\u00f3n proporcionan cierres finales fiables para dep\u00f3sitos, calderas y recipientes a presi\u00f3n utilizados en aplicaciones industriales. Los cabezales planos ofrecen una soluci\u00f3n sencilla y rentable para tapas estructurales o de servicio de presi\u00f3n baja a moderada, mientras que los extremos abombados el\u00edpticos (normalmente 2:1) mejoran la distribuci\u00f3n de tensiones para un mejor rendimiento de la presi\u00f3n y una mayor vida \u00fatil. Fabricados en acero al carbono o acero inoxidable de calidad, estos cabezales se conforman con un estricto control dimensional para garantizar un ajuste preciso, superficies lisas y resultados de soldadura uniformes. Podemos personalizar el di\u00e1metro, el grosor, la preparaci\u00f3n de los bordes (bisel\/liso) y los tratamientos superficiales, como pintura de imprimaci\u00f3n, revestimiento anticorrosi\u00f3n o pulido. Adecuadas para procesos qu\u00edmicos, tratamiento de aguas, energ\u00eda, alimentaci\u00f3n y fabricaci\u00f3n en general, nuestras tapas para dep\u00f3sitos ofrecen un sellado fiable, una resistencia estable y una instalaci\u00f3n eficaz, lo que ayuda a reducir el tiempo de fabricaci\u00f3n y el coste total del proyecto.<\/p>","protected":false},"excerpt":{"rendered":"<p>Cabezas planas y extremos abombados el\u00edpticos para tapas de dep\u00f3sitos a presi\u00f3n, formadas con precisi\u00f3n para ofrecer resistencia y un sellado fiable. Disponibles en acero al carbono o acero inoxidable con di\u00e1metro, espesor y bordes biselados personalizados para facilitar la soldadura. Ideales para dep\u00f3sitos, calderas y recipientes industriales.<\/p>","protected":false},"featured_media":690,"template":"","meta":{"_gspb_post_css":""},"product_brand":[],"product_cat":[19],"product_tag":[219,218,217],"class_list":{"0":"post-878","1":"product","2":"type-product","3":"status-publish","4":"has-post-thumbnail","6":"product_cat-flat-dish-head","7":"product_tag-custom-steel-vessel-heads","8":"product_tag-flat-head-elliptical-dished-ends","9":"product_tag-pressure-vessel-tank-covers","11":"first","12":"instock","13":"shipping-taxable","14":"product-type-simple"},"_links":{"self":[{"href":"https:\/\/thedishhead.com\/es\/wp-json\/wp\/v2\/product\/878","targetHints":{"allow":["GET"]}}],"collection":[{"href":"https:\/\/thedishhead.com\/es\/wp-json\/wp\/v2\/product"}],"about":[{"href":"https:\/\/thedishhead.com\/es\/wp-json\/wp\/v2\/types\/product"}],"wp:featuredmedia":[{"embeddable":true,"href":"https:\/\/thedishhead.com\/es\/wp-json\/wp\/v2\/media\/690"}],"wp:attachment":[{"href":"https:\/\/thedishhead.com\/es\/wp-json\/wp\/v2\/media?parent=878"}],"wp:term":[{"taxonomy":"product_brand","embeddable":true,"href":"https:\/\/thedishhead.com\/es\/wp-json\/wp\/v2\/product_brand?post=878"},{"taxonomy":"product_cat","embeddable":true,"href":"https:\/\/thedishhead.com\/es\/wp-json\/wp\/v2\/product_cat?post=878"},{"taxonomy":"product_tag","embeddable":true,"href":"https:\/\/thedishhead.com\/es\/wp-json\/wp\/v2\/product_tag?post=878"}],"curies":[{"name":"wp","href":"https:\/\/api.w.org\/{rel}","templated":true}]}}