{"id":870,"date":"2026-01-04T06:27:32","date_gmt":"2026-01-04T06:27:32","guid":{"rendered":"https:\/\/thedishhead.com\/?post_type=product&#038;p=870"},"modified":"2026-01-04T06:27:32","modified_gmt":"2026-01-04T06:27:32","slug":"carbon-steel-torispherical-head-for-oil-storage-tanks","status":"publish","type":"product","link":"https:\/\/thedishhead.com\/es\/carbon-steel-torispherical-head-for-oil-storage-tanks\/","title":{"rendered":"Cabezal toriesf\u00e9rico de acero al carbono para tanques de almacenamiento de petr\u00f3leo"},"content":{"rendered":"<p>Nuestro cabezal toriesf\u00e9rico de acero al carbono para tanques de almacenamiento de petr\u00f3leo est\u00e1 dise\u00f1ado para proporcionar un cierre de extremo resistente y fiable para tanques y recipientes utilizados en el almacenamiento de petr\u00f3leo y combustible. El perfil toriesf\u00e9rico (abombado) ayuda a distribuir las tensiones de forma eficaz, lo que mejora la integridad estructural en comparaci\u00f3n con los extremos planos, a la vez que reduce los costes de fabricaci\u00f3n. Fabricados con acero al carbono de calidad, estos cabezales ofrecen una excelente soldabilidad y un rendimiento estable para la construcci\u00f3n de tanques industriales. Utilizamos procesos de conformado controlados para garantizar unas dimensiones exactas, superficies lisas y una curvatura uniforme para facilitar el montaje y una calidad de soldadura fiable. Las opciones personalizadas incluyen el di\u00e1metro, el grosor, la preparaci\u00f3n del borde (bisel\/liso) y el tratamiento de la superficie, como pintura de imprimaci\u00f3n o revestimiento anticorrosi\u00f3n, para adaptarse a las condiciones de servicio exteriores y corrosivas. Nuestros cabezales toriesf\u00e9ricos, que se utilizan habitualmente en tanques de almacenamiento de petr\u00f3leo, dep\u00f3sitos de productos qu\u00edmicos, tratamiento de aguas y recipientes industriales en general, ofrecen una larga vida \u00fatil, un sellado seguro y un rendimiento rentable en los proyectos.<\/p>","protected":false},"excerpt":{"rendered":"<p>Cabezales toriesf\u00e9ricos de acero al carbono para tanques de almacenamiento de petr\u00f3leo, conformados con precisi\u00f3n para ofrecer resistencia y un sellado fiable. Dise\u00f1ados para un rendimiento de presi\u00f3n estable y f\u00e1cil soldadura. Di\u00e1metros, espesores y bordes biselados personalizados disponibles, con imprimaci\u00f3n opcional o revestimiento anticorrosi\u00f3n para entornos dif\u00edciles.<\/p>","protected":false},"featured_media":551,"template":"","meta":{"_gspb_post_css":""},"product_brand":[],"product_cat":[17],"product_tag":[198,172,199],"class_list":{"0":"post-870","1":"product","2":"type-product","3":"status-publish","4":"has-post-thumbnail","6":"product_cat-torispherical-head","7":"product_tag-carbon-steel-torispherical-heads","8":"product_tag-custom-dished-tank-heads","9":"product_tag-oil-storage-tank-end-caps","11":"first","12":"instock","13":"shipping-taxable","14":"product-type-simple"},"_links":{"self":[{"href":"https:\/\/thedishhead.com\/es\/wp-json\/wp\/v2\/product\/870","targetHints":{"allow":["GET"]}}],"collection":[{"href":"https:\/\/thedishhead.com\/es\/wp-json\/wp\/v2\/product"}],"about":[{"href":"https:\/\/thedishhead.com\/es\/wp-json\/wp\/v2\/types\/product"}],"wp:featuredmedia":[{"embeddable":true,"href":"https:\/\/thedishhead.com\/es\/wp-json\/wp\/v2\/media\/551"}],"wp:attachment":[{"href":"https:\/\/thedishhead.com\/es\/wp-json\/wp\/v2\/media?parent=870"}],"wp:term":[{"taxonomy":"product_brand","embeddable":true,"href":"https:\/\/thedishhead.com\/es\/wp-json\/wp\/v2\/product_brand?post=870"},{"taxonomy":"product_cat","embeddable":true,"href":"https:\/\/thedishhead.com\/es\/wp-json\/wp\/v2\/product_cat?post=870"},{"taxonomy":"product_tag","embeddable":true,"href":"https:\/\/thedishhead.com\/es\/wp-json\/wp\/v2\/product_tag?post=870"}],"curies":[{"name":"wp","href":"https:\/\/api.w.org\/{rel}","templated":true}]}}